{"id":19251,"date":"2023-11-04T07:40:24","date_gmt":"2022-12-17T06:07:46","guid":{"rendered":"http:\/\/www.dehag.de\/dehag\/fit\/aqua\/kursanmeldung\/aqua-bata-intervall-2\/"},"modified":"2023-12-10T08:41:09","modified_gmt":"2023-12-10T07:41:09","slug":"inhouse-schulung","status":"publish","type":"page","link":"https:\/\/www.dehag.de\/dehag\/academy\/inhouse-schulung\/","title":{"rendered":"Inhouse"},"content":{"rendered":"<p>[et_pb_section fb_built=&#8221;1&#8243; _builder_version=&#8221;4.19.2&#8243; _module_preset=&#8221;default&#8221; global_colors_info=&#8221;{}&#8221;][et_pb_row _builder_version=&#8221;4.23.1&#8243; _module_preset=&#8221;default&#8221; background_color=&#8221;#0B3EBF&#8221; custom_margin=&#8221;||30px||false|false&#8221; hover_enabled=&#8221;0&#8243; border_radii=&#8221;off|75px||75px|&#8221; box_shadow_style=&#8221;preset2&#8243; locked=&#8221;off&#8221; global_colors_info=&#8221;{}&#8221; sticky_enabled=&#8221;0&#8243;][et_pb_column type=&#8221;4_4&#8243; _builder_version=&#8221;4.22.2&#8243; _module_preset=&#8221;default&#8221; global_colors_info=&#8221;{}&#8221;][et_pb_heading title=&#8221;DEHAG ACADEMY ~ Inhouse Schulung&#8221; _builder_version=&#8221;4.22.2&#8243; _module_preset=&#8221;default&#8221; title_text_align=&#8221;center&#8221; title_text_color=&#8221;#FFFFFF&#8221; title_text_shadow_style=&#8221;preset1&#8243; global_colors_info=&#8221;{}&#8221;][\/et_pb_heading][\/et_pb_column][\/et_pb_row][et_pb_row column_structure=&#8221;1_4,1_4,1_4,1_4&#8243; _builder_version=&#8221;4.19.2&#8243; _module_preset=&#8221;default&#8221; locked=&#8221;off&#8221; global_colors_info=&#8221;{}&#8221;][et_pb_column type=&#8221;1_4&#8243; _builder_version=&#8221;4.19.2&#8243; _module_preset=&#8221;default&#8221; global_colors_info=&#8221;{}&#8221;][et_pb_image src=&#8221;http:\/\/www.dehag.de\/dehag\/wp-content\/uploads\/sites\/2\/2022\/12\/aqua-bike-arme-sternform.jpg&#8221; alt=&#8221;Q1 (95) Kopie&#8221; title_text=&#8221;aqua-bike-arme-sternform&#8221; _builder_version=&#8221;4.19.3&#8243; _module_preset=&#8221;default&#8221; transform_skew=&#8221;0deg|10deg&#8221; transform_skew_linked=&#8221;off&#8221; global_colors_info=&#8221;{}&#8221;][\/et_pb_image][\/et_pb_column][et_pb_column type=&#8221;1_4&#8243; _builder_version=&#8221;4.19.2&#8243; _module_preset=&#8221;default&#8221; global_colors_info=&#8221;{}&#8221;][et_pb_image src=&#8221;http:\/\/www.dehag.de\/dehag\/wp-content\/uploads\/sites\/2\/2022\/12\/aqua-trampolin-5uw.jpg&#8221; alt=&#8221;Aqua Trampolin&#8221; title_text=&#8221;aqua-trampolin-5uw&#8221; _builder_version=&#8221;4.19.3&#8243; _module_preset=&#8221;default&#8221; transform_skew=&#8221;0deg|-10deg&#8221; transform_skew_linked=&#8221;off&#8221; global_colors_info=&#8221;{}&#8221;][\/et_pb_image][\/et_pb_column][et_pb_column type=&#8221;1_4&#8243; _builder_version=&#8221;4.19.2&#8243; _module_preset=&#8221;default&#8221; global_colors_info=&#8221;{}&#8221;][et_pb_text _builder_version=&#8221;4.19.4&#8243; _module_preset=&#8221;default&#8221; global_colors_info=&#8221;{}&#8221;]<\/p>\n<p>Exklusive Inhouse Schulung: Live oder Online <br \/>Die passgenaue L\u00f6sung!<\/p>\n<p>[\/et_pb_text][\/et_pb_column][et_pb_column type=&#8221;1_4&#8243; _builder_version=&#8221;4.19.2&#8243; _module_preset=&#8221;default&#8221; global_colors_info=&#8221;{}&#8221;][et_pb_image src=&#8221;http:\/\/www.dehag.de\/dehag\/wp-content\/uploads\/sites\/2\/2022\/12\/aqua-step-6uw.jpg&#8221; alt=&#8221;Aqua Trampolin&#8221; title_text=&#8221;aqua-step-6uw&#8221; _builder_version=&#8221;4.19.3&#8243; _module_preset=&#8221;default&#8221; transform_skew=&#8221;0deg|10deg&#8221; transform_skew_linked=&#8221;off&#8221; global_colors_info=&#8221;{}&#8221;][\/et_pb_image][\/et_pb_column][\/et_pb_row][et_pb_row column_structure=&#8221;2_3,1_3&#8243; _builder_version=&#8221;4.19.3&#8243; _module_preset=&#8221;default&#8221; global_colors_info=&#8221;{}&#8221;][et_pb_column type=&#8221;2_3&#8243; _builder_version=&#8221;4.19.3&#8243; _module_preset=&#8221;default&#8221; global_colors_info=&#8221;{}&#8221;][et_pb_text _builder_version=&#8221;4.19.4&#8243; _module_preset=&#8221;default&#8221; global_colors_info=&#8221;{}&#8221;]<\/p>\n<p>Sie suchen ein ma\u00dfgeschneidertes Konzept f\u00fcr Ihre <strong>Aus- und Weiterbildung<\/strong> oder wollen Ihrem <strong>Live Event<\/strong> eine ganz besondere Note verleihen?<\/p>\n<p>Ihre exklusiven <strong>Live Inhouse Schulungen<\/strong> und <strong>Events<\/strong> werden exakt auf Ihre Bed\u00fcrfnisse hin abgestimmt. Das Expertenteam der DEHAG ACADEMY kommt in Ihr Unternehmen und bildet Ihre Mitarbeiter individuell aus. Oder Sie buchen f\u00fcr Ihre Mitarbeiter Ihre Wunschthemen aus unserem breiten <strong>Online Bildungsangebot<\/strong>.<\/p>\n<p>W\u00e4hlen Sie zwischen Schulungen <strong>im Wasser<\/strong> oder <strong>an Land<\/strong> oder motivieren Sie Ihre Kollegen mit einer Schulung zu dem Thema <strong>Teambuilding<\/strong> und <strong>Pers\u00f6nlichkeitsentwicklung<\/strong> (Supervision &amp; Coaching).<\/p>\n<p>Verleihen Sie der Einweihung Ihrer Institution, Wieder-Er\u00f6ffnung nach Umbau, Jubil\u00e4um oder Produkteinf\u00fchrung den besonderen Kick und gestalten Sie mit Hilfe der DEHAG ACADEMY einen unvergesslichen Tag. Lernen Sie und Ihre Mitarbeiter die neuesten Trends im Fitness-, Aquatraining- oder im Wellness-Bereich kennen. Die DEHAG ACADEMY kann auf Wunsch ben\u00f6tigte Ger\u00e4te und Beschallungsanlagen zur Verf\u00fcgung stellen.<\/p>\n<h3>Vorteile<\/h3>\n<ul>\n<li><strong>Individuelles Konzept<\/strong>: Thema und Inhalte bestimmen Sie<\/li>\n<li><strong>Ma\u00dfgeschneiderte Veranstaltung<\/strong>: Live in Ihrer Einrichtung<\/li>\n<li><strong>Zeit-\/Kostenersparnis<\/strong>: Keine Reise- &amp; \u00dcbernachtungskosten f\u00fcr die Teilnehmer<\/li>\n<\/ul>\n<h3>Inhalte<\/h3>\n<p>Die Themen + Inhalte stimmt das Team der DEHAG ACADEMY individuell mit Ihnen ab.<\/p>\n<h3>Anfrage<\/h3>\n<p>F\u00fcr ein pers\u00f6nliches Angebot sollten Sie uns zun\u00e4chst folgende Informationen zukommen lassen:<\/p>\n<p><strong>Zielsetzung?<\/strong><\/p>\n<ul>\n<li>Lizenzausbildung oder Lizenzverl\u00e4ngerung (z.B. Aqua Fitness Marathon)<\/li>\n<li>Personal- und\/oder Teamentwicklung (Supervision &amp; Coaching)<\/li>\n<li>Ein besonderer Event (Bader\u00f6ffnung, Aktionstag, Jubil\u00e4um&#8230;) f\u00fcr Alle<\/li>\n<li>Sonstige Ziele<\/li>\n<\/ul>\n<p><strong>Rahmenbedingungen?<\/strong><\/p>\n<ul>\n<li>Kursr\u00e4ume<\/li>\n<li>Schwimmbecken (Tiefe, L\u00e4nge, Breite, Temperatur)<\/li>\n<li>Ger\u00e4te<\/li>\n<li>Beschallungsanlage &amp; Kopfmicro<\/li>\n<\/ul>\n<p><strong>Teilnehmer?<\/strong><\/p>\n<p>Voraussichtliche Anzahl, Vorkenntnisse &amp; Erfahrungen<\/p>\n<p><strong>Termin?<\/strong><\/p>\n<p>Ihre gew\u00fcnschte Anzahl an Schulungstagen?, Wunschtermin\/e?,\u00a0 Ist die Schulung nur am Wochenende oder auch in der Woche m\u00f6glich?<\/p>\n<p>[\/et_pb_text][\/et_pb_column][et_pb_column type=&#8221;1_3&#8243; _builder_version=&#8221;4.19.3&#8243; _module_preset=&#8221;default&#8221; global_colors_info=&#8221;{}&#8221;][et_pb_image src=&#8221;http:\/\/www.dehag.de\/dehag\/wp-content\/uploads\/sites\/2\/2022\/12\/aqua-trampolin-6personen-arme-hoch.jpg&#8221; title_text=&#8221;aqua-trampolin-6personen-arme-hoch&#8221; _builder_version=&#8221;4.19.3&#8243; _module_preset=&#8221;default&#8221; global_colors_info=&#8221;{}&#8221;][\/et_pb_image][\/et_pb_column][\/et_pb_row][et_pb_row _builder_version=&#8221;4.19.4&#8243; _module_preset=&#8221;default&#8221; global_colors_info=&#8221;{}&#8221;][et_pb_column type=&#8221;4_4&#8243; _builder_version=&#8221;4.19.4&#8243; _module_preset=&#8221;default&#8221; global_colors_info=&#8221;{}&#8221;][dvppl_cf7_styler cf7=&#8221;19722&#8243; _builder_version=&#8221;4.19.4&#8243; _module_preset=&#8221;default&#8221; global_colors_info=&#8221;{}&#8221;][\/dvppl_cf7_styler][\/et_pb_column][\/et_pb_row][\/et_pb_section]<\/p>\n","protected":false},"excerpt":{"rendered":"<p>Exklusive Inhouse Schulung: Live oder Online Die passgenaue L\u00f6sung!Sie suchen ein ma\u00dfgeschneidertes Konzept f\u00fcr Ihre Aus- und Weiterbildung oder wollen Ihrem Live Event eine ganz besondere Note verleihen? Ihre exklusiven Live Inhouse Schulungen und Events werden exakt auf Ihre Bed\u00fcrfnisse hin abgestimmt. Das Expertenteam der DEHAG ACADEMY kommt in Ihr Unternehmen und bildet Ihre Mitarbeiter [&hellip;]<\/p>\n","protected":false},"author":1,"featured_media":0,"parent":2049,"menu_order":2,"comment_status":"closed","ping_status":"closed","template":"","meta":{"_et_pb_use_builder":"on","_et_pb_old_content":"","_et_gb_content_width":"","footnotes":""},"class_list":["post-19251","page","type-page","status-publish","hentry"],"acf":[],"_links":{"self":[{"href":"https:\/\/www.dehag.de\/dehag\/wp-json\/wp\/v2\/pages\/19251","targetHints":{"allow":["GET"]}}],"collection":[{"href":"https:\/\/www.dehag.de\/dehag\/wp-json\/wp\/v2\/pages"}],"about":[{"href":"https:\/\/www.dehag.de\/dehag\/wp-json\/wp\/v2\/types\/page"}],"author":[{"embeddable":true,"href":"https:\/\/www.dehag.de\/dehag\/wp-json\/wp\/v2\/users\/1"}],"replies":[{"embeddable":true,"href":"https:\/\/www.dehag.de\/dehag\/wp-json\/wp\/v2\/comments?post=19251"}],"version-history":[{"count":15,"href":"https:\/\/www.dehag.de\/dehag\/wp-json\/wp\/v2\/pages\/19251\/revisions"}],"predecessor-version":[{"id":32565,"href":"https:\/\/www.dehag.de\/dehag\/wp-json\/wp\/v2\/pages\/19251\/revisions\/32565"}],"up":[{"embeddable":true,"href":"https:\/\/www.dehag.de\/dehag\/wp-json\/wp\/v2\/pages\/2049"}],"wp:attachment":[{"href":"https:\/\/www.dehag.de\/dehag\/wp-json\/wp\/v2\/media?parent=19251"}],"curies":[{"name":"wp","href":"https:\/\/api.w.org\/{rel}","templated":true}]}}