{"id":19469,"date":"2022-12-22T03:54:50","date_gmt":"2022-12-22T02:54:50","guid":{"rendered":"http:\/\/www.dehag.de\/dehag\/academy\/conventions-2\/"},"modified":"2026-02-10T16:00:39","modified_gmt":"2026-02-10T15:00:39","slug":"conventions","status":"publish","type":"page","link":"https:\/\/www.dehag.de\/dehag\/academy\/conventions\/","title":{"rendered":"DEHAG ACADEMY Conventions"},"content":{"rendered":"<p>[et_pb_section fb_built=&#8221;1&#8243; _builder_version=&#8221;4.16&#8243; _module_preset=&#8221;default&#8221; global_colors_info=&#8221;{}&#8221;][et_pb_row _builder_version=&#8221;4.22.2&#8243; _module_preset=&#8221;default&#8221; background_color=&#8221;#0B3EBF&#8221; custom_margin=&#8221;||30px||false|false&#8221; border_radii=&#8221;off|75px||75px|&#8221; box_shadow_style=&#8221;preset2&#8243; locked=&#8221;off&#8221; global_colors_info=&#8221;{}&#8221;][et_pb_column type=&#8221;4_4&#8243; _builder_version=&#8221;4.22.2&#8243; _module_preset=&#8221;default&#8221; global_colors_info=&#8221;{}&#8221;][et_pb_heading title=&#8221;DEHAG ACADEMY ~ Aqua Marathon Day\/Weekend&#8221; _builder_version=&#8221;4.27.0&#8243; _module_preset=&#8221;default&#8221; title_text_align=&#8221;center&#8221; title_text_color=&#8221;#FFFFFF&#8221; title_text_shadow_style=&#8221;preset1&#8243; global_colors_info=&#8221;{}&#8221;][\/et_pb_heading][\/et_pb_column][\/et_pb_row][et_pb_row column_structure=&#8221;1_4,1_4,1_4,1_4&#8243; _builder_version=&#8221;4.22.2&#8243; _module_preset=&#8221;default&#8221; locked=&#8221;off&#8221; global_colors_info=&#8221;{}&#8221;][et_pb_column type=&#8221;1_4&#8243; _builder_version=&#8221;4.22.2&#8243; _module_preset=&#8221;default&#8221; global_colors_info=&#8221;{}&#8221;][et_pb_image src=&#8221;http:\/\/www.dehag.de\/dehag\/wp-content\/uploads\/sites\/2\/2022\/12\/aqua-poolnudel-knoten-oben-16personen.jpg&#8221; alt=&#8221;Q1 (95) Kopie&#8221; title_text=&#8221;aqua-poolnudel-knoten-oben-16personen&#8221; _builder_version=&#8221;4.19.4&#8243; _module_preset=&#8221;default&#8221; transform_skew=&#8221;0deg|10deg&#8221; transform_skew_linked=&#8221;off&#8221; global_colors_info=&#8221;{}&#8221;][\/et_pb_image][\/et_pb_column][et_pb_column type=&#8221;1_4&#8243; _builder_version=&#8221;4.19.2&#8243; _module_preset=&#8221;default&#8221; global_colors_info=&#8221;{}&#8221;][et_pb_image src=&#8221;http:\/\/www.dehag.de\/dehag\/wp-content\/uploads\/sites\/2\/2022\/12\/aqua-bike-arme-sternform.jpg&#8221; alt=&#8221;Q1 (95) Kopie&#8221; title_text=&#8221;aqua-bike-arme-sternform&#8221; _builder_version=&#8221;4.19.4&#8243; _module_preset=&#8221;default&#8221; transform_skew=&#8221;0deg|-10deg&#8221; transform_skew_linked=&#8221;off&#8221; global_colors_info=&#8221;{}&#8221;][\/et_pb_image][\/et_pb_column][et_pb_column type=&#8221;1_4&#8243; _builder_version=&#8221;4.19.2&#8243; _module_preset=&#8221;default&#8221; global_colors_info=&#8221;{}&#8221;][et_pb_text _builder_version=&#8221;4.19.4&#8243; _module_preset=&#8221;default&#8221; global_colors_info=&#8221;{}&#8221;]<\/p>\n<p>Aqua Fitness Marathon, Late Night Marathon, Trends Marathon und Marathon Online.<\/p>\n<p>[\/et_pb_text][\/et_pb_column][et_pb_column type=&#8221;1_4&#8243; _builder_version=&#8221;4.19.2&#8243; _module_preset=&#8221;default&#8221; global_colors_info=&#8221;{}&#8221;][et_pb_image src=&#8221;http:\/\/www.dehag.de\/dehag\/wp-content\/uploads\/sites\/2\/2022\/12\/aqua-step-2reihen.jpg&#8221; alt=&#8221;Aqua Trampolin&#8221; title_text=&#8221;aqua-step-2reihen&#8221; _builder_version=&#8221;4.19.4&#8243; _module_preset=&#8221;default&#8221; transform_skew=&#8221;0deg|10deg&#8221; transform_skew_linked=&#8221;off&#8221; global_colors_info=&#8221;{}&#8221;][\/et_pb_image][\/et_pb_column][\/et_pb_row][et_pb_row _builder_version=&#8221;4.16&#8243; _module_preset=&#8221;default&#8221; locked=&#8221;off&#8221; global_colors_info=&#8221;{}&#8221;][et_pb_column type=&#8221;4_4&#8243; _builder_version=&#8221;4.16&#8243; _module_preset=&#8221;default&#8221; global_colors_info=&#8221;{}&#8221;][et_pb_text _builder_version=&#8221;4.27.4&#8243; _module_preset=&#8221;default&#8221; text_text_color=&#8221;#0B3EBF&#8221; use_background_color_gradient=&#8221;on&#8221; background_color_gradient_direction=&#8221;90deg&#8221; background_color_gradient_stops=&#8221;rgba(255,255,255,0) 0%|#5aecfe 100%&#8221; background_color_gradient_start=&#8221;rgba(255,255,255,0)&#8221; background_color_gradient_end=&#8221;#5aecfe&#8221; background_enable_image=&#8221;off&#8221; width=&#8221;100%&#8221; custom_margin=&#8221;6px||6px||true|false&#8221; custom_padding=&#8221;50px|34px|50px|34px|true|true&#8221; link_option_url=&#8221;http:\/\/www.dehag.de\/dehag\/wp-content\/uploads\/sites\/2\/2024\/01\/Programm-Lingenfeld-Maerz-24.pdf&#8221; border_radii=&#8221;off|25px||52px|&#8221; box_shadow_style=&#8221;preset1&#8243; box_shadow_color=&#8221;rgba(11,62,191,0.7)&#8221; global_colors_info=&#8221;{}&#8221;]<\/p>\n<h3>Unsere Termine<\/h3>\n<h3>14.-21.09.2026 Fit und Fun Week in Thessaloniki<\/h3>\n<h3><a href=\"http:\/\/www.dehag.de\/dehag\/wp-content\/uploads\/sites\/2\/2026\/01\/Programm-AFI-Weekend-Bad-Segeberg-Maerz-2026.pdf\">14.\/15.03.2026 Aqua Fitness Marathon in Bad Segeberg<\/a><\/h3>\n<h3><a href=\"21.\/22.03.2026 Aqua Fitness Marathon in Lingenfeld\/Landau\"><\/a><\/h3>\n<h3><a href=\"http:\/\/www.dehag.de\/dehag\/wp-content\/uploads\/sites\/2\/2026\/01\/Programm-AFI-Weekend-Lingenfeld-Maerz-2026.pdf\"><strong>21.\/22.03.2026 Aqua Fitness Marathon in Lingenfeld\/Landau<\/strong><\/a><\/h3>\n<p>[\/et_pb_text][et_pb_button button_url=&#8221;@ET-DC@eyJkeW5hbWljIjp0cnVlLCJjb250ZW50IjoicG9zdF9saW5rX3VybF9wcm9kdWN0Iiwic2V0dGluZ3MiOnsicG9zdF9pZCI6IjIxNzAiLCJlbmFibGVfaHRtbCI6Im9mZiJ9fQ==@&#8221; button_text=&#8221;jetzt Anmelden 2 Tage&#8221; _builder_version=&#8221;4.27.4&#8243; _dynamic_attributes=&#8221;button_url&#8221; _module_preset=&#8221;default&#8221; global_colors_info=&#8221;{}&#8221;][\/et_pb_button][et_pb_button button_url=&#8221;@ET-DC@eyJkeW5hbWljIjp0cnVlLCJjb250ZW50IjoicG9zdF9saW5rX3VybF9wcm9kdWN0Iiwic2V0dGluZ3MiOnsicG9zdF9pZCI6IjIxNjkiLCJlbmFibGVfaHRtbCI6Im9mZiJ9fQ==@&#8221; button_text=&#8221;jetzt Anmelden 1 Tag&#8221; _builder_version=&#8221;4.27.4&#8243; _dynamic_attributes=&#8221;button_url&#8221; _module_preset=&#8221;default&#8221; global_colors_info=&#8221;{}&#8221;][\/et_pb_button][\/et_pb_column][\/et_pb_row][et_pb_row _builder_version=&#8221;4.27.4&#8243; _module_preset=&#8221;default&#8221; background_color=&#8221;#0d9101&#8243; custom_padding=&#8221;40px|132px||||&#8221; border_radii=&#8221;off|75px||75px|&#8221; box_shadow_style=&#8221;preset2&#8243; locked=&#8221;off&#8221; global_colors_info=&#8221;{}&#8221;][et_pb_column type=&#8221;4_4&#8243; _builder_version=&#8221;4.22.2&#8243; _module_preset=&#8221;default&#8221; global_colors_info=&#8221;{}&#8221;][et_pb_text _builder_version=&#8221;4.27.4&#8243; _module_preset=&#8221;default&#8221; header_2_text_color=&#8221;#FFFFFF&#8221; custom_padding=&#8221;|50px||50px|false|false&#8221; hover_enabled=&#8221;0&#8243; global_colors_info=&#8221;{}&#8221; sticky_enabled=&#8221;0&#8243;]<\/p>\n<h2><span style=\"color: #ffffff\">\u00a0Fit &amp; Fun Week in Thessaloniki vom 14.09.-21.09.2026<\/span><\/h2>\n<p>[\/et_pb_text][\/et_pb_column][\/et_pb_row][\/et_pb_section][et_pb_section fb_built=&#8221;1&#8243; specialty=&#8221;on&#8221; _builder_version=&#8221;4.27.4&#8243; _module_preset=&#8221;default&#8221; custom_padding=&#8221;2px||44px||false|false&#8221; global_colors_info=&#8221;{}&#8221;][et_pb_column type=&#8221;1_2&#8243; _builder_version=&#8221;4.16&#8243; custom_padding=&#8221;|||&#8221; global_colors_info=&#8221;{}&#8221; custom_padding__hover=&#8221;|||&#8221;][et_pb_image src=&#8221;http:\/\/www.dehag.de\/dehag\/wp-content\/uploads\/sites\/2\/2025\/06\/FitFun.png&#8221; title_text=&#8221;Fit&amp;Fun&#8221; _builder_version=&#8221;4.27.4&#8243; _module_preset=&#8221;default&#8221; global_colors_info=&#8221;{}&#8221;][\/et_pb_image][\/et_pb_column][et_pb_column type=&#8221;1_2&#8243; specialty_columns=&#8221;2&#8243; _builder_version=&#8221;4.16&#8243; custom_padding=&#8221;|||&#8221; global_colors_info=&#8221;{}&#8221; custom_padding__hover=&#8221;|||&#8221;][et_pb_row_inner _builder_version=&#8221;4.27.4&#8243; _module_preset=&#8221;default&#8221; link_option_url=&#8221;http:\/\/www.dehag.de\/dehag\/academy\/conventions\/&#8221; global_colors_info=&#8221;{}&#8221;][et_pb_column_inner saved_specialty_column_type=&#8221;1_2&#8243; _builder_version=&#8221;4.27.4&#8243; _module_preset=&#8221;default&#8221; global_colors_info=&#8221;{}&#8221;][et_pb_text _builder_version=&#8221;4.27.4&#8243; _module_preset=&#8221;default&#8221; global_colors_info=&#8221;{}&#8221;]<\/p>\n<p data-start=\"103\" data-end=\"265\">-G\u00f6nn dir eine Auszeit, die K\u00f6rper und Seele zum Strahlen bringt: Fitness, Bewegung, Leichtigkeit und Sonne pur \u2013 direkt an der traumhaften K\u00fcste von Thessaloniki!<\/p>\n<h3 data-start=\"272\" data-end=\"298\"><span style=\"color: #008000\"><em><strong data-start=\"276\" data-end=\"298\">Was dich erwartet:<\/strong><\/em><\/span><\/h3>\n<p data-start=\"300\" data-end=\"507\">\ud83c\udfe1 <strong data-start=\"303\" data-end=\"354\">7 \u00dcbernachtungen in der charmanten Villa B\u00e4rbel<\/strong><br data-start=\"354\" data-end=\"357\" \/>(<em data-start=\"358\" data-end=\"394\">mehr N\u00e4chte gegen Aufpreis m\u00f6glich<\/em>)<br data-start=\"395\" data-end=\"398\" \/>\ud83c\udf73 <strong data-start=\"401\" data-end=\"455\">T\u00e4gliches, abwechslungsreiches Fr\u00fchst\u00fcck inklusive<\/strong><\/p>\n<p data-start=\"300\" data-end=\"507\"><br data-start=\"455\" data-end=\"458\" \/>\ud83d\udc83 <em><span style=\"color: #008000\"><strong data-start=\"461\" data-end=\"507\">Aktivprogramm mit Energie und Entspannung:<\/strong><\/span><\/em><\/p>\n<ul data-start=\"508\" data-end=\"670\">\n<li data-start=\"508\" data-end=\"539\">\n<p data-start=\"510\" data-end=\"539\">Aquafit im glitzernden Meer<\/p>\n<\/li>\n<li data-start=\"540\" data-end=\"575\">\n<p data-start=\"542\" data-end=\"575\">Zumba mit mediterranem Rhythmus<\/p>\n<\/li>\n<li data-start=\"576\" data-end=\"608\">\n<p data-start=\"578\" data-end=\"608\">Beach Workout direkt im Sand<\/p>\n<\/li>\n<li data-start=\"609\" data-end=\"648\">\n<p data-start=\"611\" data-end=\"648\">Sun Down Stretching mit Meeresbrise &#8211;\u00a0<\/p>\n<\/li>\n<li data-start=\"649\" data-end=\"670\">\n<p data-start=\"651\" data-end=\"670\">&#8230;und vieles mehr!<\/p>\n<\/li>\n<\/ul>\n<p>\ud83c\udf34 <span style=\"color: #008000\"><em><strong data-start=\"680\" data-end=\"731\">Also: Raus aus dem Alltag \u2013 rein ins Abenteuer!<\/strong><\/em><\/span><br data-start=\"731\" data-end=\"734\" \/>Dein Retreat wartet auf dich \u2013 mit Bewegung, Sonne und Me-Time pur.<\/p>\n<p><a href=\"http:\/\/www.dehag.de\/dehag\/academy\/termine\/\"><span style=\"color: #008000\"><strong data-start=\"919\" data-end=\"963\">Jetzt buchen \u2013 und sp\u00fcr den Unterschied!<\/strong><\/span><\/a><br data-start=\"963\" data-end=\"966\" \/>\u2728 <em data-start=\"968\" data-end=\"1012\" data-is-last-node=\"\">Dein K\u00f6rper. Dein Rhythmus. Deine Auszeit.<\/em><\/p>\n<p>[\/et_pb_text][et_pb_code _builder_version=&#8221;4.27.4&#8243; _module_preset=&#8221;default&#8221; link_option_url=&#8221;http:\/\/www.dehag.de\/dehag\/academy\/termine\/&#8221; global_colors_info=&#8221;{}&#8221;]<script>\n  if (typeof hasAmeliaEvent === 'undefined') {\n    var hasAmeliaEvent = true;\n  }\n  if (typeof hasEventApiCall === 'undefined' && ('e141' === '' && '1' !== '1')) {\n    var hasEventApiCall = true;\n  }\n  var hasEventShortcode = (typeof hasEventShortcode === 'undefined') ? false : true;\n  var ameliaShortcodeData = (typeof ameliaShortcodeData === 'undefined') ? [] : ameliaShortcodeData;\n  ameliaShortcodeData.push(\n    {\n      'hasApiCall': (typeof hasEventApiCall !== 'undefined') && hasEventApiCall,\n      'trigger': 'e141',\n      'trigger_type': 'id',\n      'triggered_form': 'elf',\n      'in_dialog': '1',\n      'counter': '1000',\n      'employee': '',\n      'eventId': '141',\n      'eventRecurring': 0,\n      'eventTag': \"\",\n      'locationId': \"\"\n    }\n  );\n  var ameliaShortcodeDataTriggered = (typeof ameliaShortcodeDataTriggered === 'undefined') ? [] : ameliaShortcodeDataTriggered;\n  if (ameliaShortcodeData[ameliaShortcodeData.length - 1].trigger !== '') {\n    if (ameliaShortcodeDataTriggered.filter(a => a.counter === ameliaShortcodeData[ameliaShortcodeData.length - 1].counter).length === 0) {\n      ameliaShortcodeDataTriggered.push(ameliaShortcodeData.pop());\n    } else {\n      ameliaShortcodeData.pop()\n    }\n  }\n  if (typeof hasEventApiCall !== 'undefined' && hasEventApiCall) {\n    hasEventApiCall = false;\n  }\n<\/script>\n\n<div\n  id=\"amelia-v2-booking-1000\"\n  class=\"amelia-v2-booking amelia-skip-load amelia-skip-load-1000\"\n>\n    <dialog-forms><\/dialog-forms><\/div>\n[\/et_pb_code][et_pb_button button_url=&#8221;http:\/\/www.dehag.de\/dehag\/academy\/termine\/&#8221; button_text=&#8221;@ET-DC@eyJkeW5hbWljIjp0cnVlLCJjb250ZW50Ijoic2l0ZV90aXRsZSIsInNldHRpbmdzIjp7ImJlZm9yZSI6IiIsImFmdGVyIjoiIiwiZW5hYmxlX2h0bWwiOiJvZmYifX0=@&#8221; button_alignment=&#8221;center&#8221; module_id=&#8221;e141&#8243; _builder_version=&#8221;4.27.4&#8243; _dynamic_attributes=&#8221;button_text&#8221; _module_preset=&#8221;default&#8221; custom_button=&#8221;on&#8221; button_text_color=&#8221;#000000&#8243; button_bg_color=&#8221;#01a522&#8243; custom_margin=&#8221;auto||||false|false&#8221; global_colors_info=&#8221;{}&#8221; transform_styles__hover_enabled=&#8221;on|desktop&#8221; transform_scale__hover_enabled=&#8221;on|desktop&#8221;][\/et_pb_button][\/et_pb_column_inner][\/et_pb_row_inner][\/et_pb_column][\/et_pb_section][et_pb_section fb_built=&#8221;1&#8243; _builder_version=&#8221;4.27.4&#8243; _module_preset=&#8221;default&#8221; custom_margin=&#8221;-123px||||false|false&#8221; custom_padding=&#8221;0px||0px||false|false&#8221; global_colors_info=&#8221;{}&#8221;][et_pb_row _builder_version=&#8221;4.27.4&#8243; _module_preset=&#8221;default&#8221; global_colors_info=&#8221;{}&#8221;][et_pb_column type=&#8221;4_4&#8243; _builder_version=&#8221;4.27.4&#8243; _module_preset=&#8221;default&#8221; global_colors_info=&#8221;{}&#8221;][et_pb_text _builder_version=&#8221;4.27.4&#8243; _module_preset=&#8221;default&#8221; global_colors_info=&#8221;{}&#8221;]<\/p>\n<h1><span style=\"color: #008000\">Programm erscheint in k\u00fcrze<\/span><\/h1>\n<p>[\/et_pb_text][\/et_pb_column][\/et_pb_row][\/et_pb_section][et_pb_section fb_built=&#8221;1&#8243; _builder_version=&#8221;4.27.4&#8243; _module_preset=&#8221;default&#8221; custom_margin=&#8221;||0px||false|false&#8221; custom_padding=&#8221;2px||9px||false|false&#8221; global_colors_info=&#8221;{}&#8221;][et_pb_row column_structure=&#8221;1_3,1_3,1_3&#8243; _builder_version=&#8221;4.27.4&#8243; _module_preset=&#8221;default&#8221; global_colors_info=&#8221;{}&#8221;][et_pb_column type=&#8221;1_3&#8243; _builder_version=&#8221;4.27.4&#8243; _module_preset=&#8221;default&#8221; global_colors_info=&#8221;{}&#8221;][et_pb_image src=&#8221;http:\/\/www.dehag.de\/dehag\/wp-content\/uploads\/sites\/2\/2025\/05\/yvonne.jpg&#8221; title_text=&#8221;yvonne&#8221; _builder_version=&#8221;4.27.4&#8243; _module_preset=&#8221;default&#8221; global_colors_info=&#8221;{}&#8221;][\/et_pb_image][\/et_pb_column][et_pb_column type=&#8221;1_3&#8243; _builder_version=&#8221;4.27.4&#8243; _module_preset=&#8221;default&#8221; global_colors_info=&#8221;{}&#8221;][et_pb_image src=&#8221;http:\/\/www.dehag.de\/dehag\/wp-content\/uploads\/sites\/2\/2025\/08\/tanja-becker-1.jpg&#8221; title_text=&#8221;tanja becker&#8221; _builder_version=&#8221;4.27.4&#8243; _module_preset=&#8221;default&#8221; global_colors_info=&#8221;{}&#8221;][\/et_pb_image][\/et_pb_column][et_pb_column type=&#8221;1_3&#8243; _builder_version=&#8221;4.27.4&#8243; _module_preset=&#8221;default&#8221; global_colors_info=&#8221;{}&#8221;][et_pb_image src=&#8221;http:\/\/www.dehag.de\/dehag\/wp-content\/uploads\/sites\/2\/2023\/01\/Karin-Coaching.jpg&#8221; alt=&#8221;Karin Coaching&#8221; title_text=&#8221;Karin-Coaching&#8221; _builder_version=&#8221;4.27.4&#8243; _module_preset=&#8221;default&#8221; global_colors_info=&#8221;{}&#8221;][\/et_pb_image][\/et_pb_column][\/et_pb_row][et_pb_row column_structure=&#8221;1_3,1_3,1_3&#8243; _builder_version=&#8221;4.27.4&#8243; _module_preset=&#8221;default&#8221; global_colors_info=&#8221;{}&#8221;][et_pb_column type=&#8221;1_3&#8243; _builder_version=&#8221;4.27.4&#8243; _module_preset=&#8221;default&#8221; global_colors_info=&#8221;{}&#8221;][et_pb_button button_text=&#8221;Yvonne Schaale Mastertrainerin&#8221; _builder_version=&#8221;4.27.4&#8243; _module_preset=&#8221;default&#8221; global_colors_info=&#8221;{}&#8221;][\/et_pb_button][\/et_pb_column][et_pb_column type=&#8221;1_3&#8243; _builder_version=&#8221;4.27.4&#8243; _module_preset=&#8221;default&#8221; global_colors_info=&#8221;{}&#8221;][et_pb_button button_text=&#8221;Tanja Becker Tai Chi Mastertrainerin&#8221; _builder_version=&#8221;4.27.4&#8243; _module_preset=&#8221;default&#8221; global_colors_info=&#8221;{}&#8221;][\/et_pb_button][\/et_pb_column][et_pb_column type=&#8221;1_3&#8243; _builder_version=&#8221;4.27.4&#8243; _module_preset=&#8221;default&#8221; global_colors_info=&#8221;{}&#8221;][et_pb_button button_url=&#8221;http:\/\/www.dehag.de\/dehag\/service\/ueber-uns\/karin-becker\/&#8221; button_text=&#8221;Karin Becker Groupfitness Ausbilderin&#8221; _builder_version=&#8221;4.27.4&#8243; _module_preset=&#8221;default&#8221; global_colors_info=&#8221;{}&#8221;][\/et_pb_button][\/et_pb_column][\/et_pb_row][\/et_pb_section][et_pb_section fb_built=&#8221;1&#8243; _builder_version=&#8221;4.17.3&#8243; _module_preset=&#8221;default&#8221; custom_margin=&#8221;||||false|false&#8221; custom_padding=&#8221;0px||||false|false&#8221; locked=&#8221;off&#8221; global_colors_info=&#8221;{}&#8221;][et_pb_row _builder_version=&#8221;4.22.2&#8243; _module_preset=&#8221;default&#8221; background_color=&#8221;#0B3EBF&#8221; custom_padding=&#8221;|63px||||&#8221; border_radii=&#8221;off|75px||75px|&#8221; box_shadow_style=&#8221;preset2&#8243; locked=&#8221;off&#8221; global_colors_info=&#8221;{}&#8221;][et_pb_column type=&#8221;4_4&#8243; _builder_version=&#8221;4.22.2&#8243; _module_preset=&#8221;default&#8221; global_colors_info=&#8221;{}&#8221;][et_pb_text _builder_version=&#8221;4.22.2&#8243; _module_preset=&#8221;default&#8221; header_2_text_color=&#8221;#FFFFFF&#8221; custom_padding=&#8221;|50px||50px|false|false&#8221; global_colors_info=&#8221;{}&#8221;]<\/p>\n<h2><span style=\"color: #ffffff\">\u00a0Aqua Fitness Marathon Online<br \/><\/span><\/h2>\n<p>[\/et_pb_text][\/et_pb_column][\/et_pb_row][et_pb_row column_structure=&#8221;1_2,1_2&#8243; _builder_version=&#8221;4.19.4&#8243; _module_preset=&#8221;default&#8221; locked=&#8221;off&#8221; global_colors_info=&#8221;{}&#8221;][et_pb_column type=&#8221;1_2&#8243; _builder_version=&#8221;4.19.4&#8243; _module_preset=&#8221;default&#8221; global_colors_info=&#8221;{}&#8221;][et_pb_image src=&#8221;http:\/\/www.dehag.de\/dehag\/wp-content\/uploads\/sites\/2\/2021\/11\/kurs-online.jpg&#8221; title_text=&#8221;Kurs Online&#8221; _builder_version=&#8221;4.19.4&#8243; _module_preset=&#8221;default&#8221; global_colors_info=&#8221;{}&#8221;][\/et_pb_image][\/et_pb_column][et_pb_column type=&#8221;1_2&#8243; _builder_version=&#8221;4.19.4&#8243; _module_preset=&#8221;default&#8221; global_colors_info=&#8221;{}&#8221;][et_pb_text _builder_version=&#8221;4.19.4&#8243; _module_preset=&#8221;default&#8221; global_colors_info=&#8221;{}&#8221;]<\/p>\n<p>Unser Aqua Fitness Marathon als online Variante.<\/p>\n<p>[\/et_pb_text][\/et_pb_column][\/et_pb_row][et_pb_row column_structure=&#8221;1_2,1_2&#8243; _builder_version=&#8221;4.16&#8243; _module_preset=&#8221;default&#8221; global_colors_info=&#8221;{}&#8221;][et_pb_column type=&#8221;1_2&#8243; _builder_version=&#8221;4.16&#8243; _module_preset=&#8221;default&#8221; global_colors_info=&#8221;{}&#8221;][et_pb_text _builder_version=&#8221;4.27.4&#8243; _module_preset=&#8221;default&#8221; global_colors_info=&#8221;{}&#8221;]<\/p>\n<h3>Marathon Online 1 &#8211; Themen<\/h3>\n<p>Aqua Family Drums, Aqua Senioren, Aqua Dance, Aqua Fitness: Pr\u00e4natal, Die TMX Triggerpunkte &#8230;, Aqua Running, Aqua Zirkeltraining, Aqua Trampolin<\/p>\n<p>[\/et_pb_text][et_pb_button button_url=&#8221;@ET-DC@eyJkeW5hbWljIjp0cnVlLCJjb250ZW50IjoicG9zdF9saW5rX3VybF9zZndkLWNvdXJzZXMiLCJzZXR0aW5ncyI6eyJwb3N0X2lkIjoiNjY2NSIsImVuYWJsZV9odG1sIjoib2ZmIn19@&#8221; button_text=&#8221;zum Online Marathon 1&#8243; button_alignment=&#8221;center&#8221; _builder_version=&#8221;4.21.0&#8243; _dynamic_attributes=&#8221;button_url&#8221; _module_preset=&#8221;default&#8221; custom_margin=&#8221;auto||||false|false&#8221; global_colors_info=&#8221;{}&#8221; transform_styles__hover_enabled=&#8221;on|desktop&#8221; transform_scale__hover_enabled=&#8221;on|desktop&#8221;][\/et_pb_button][\/et_pb_column][et_pb_column type=&#8221;1_2&#8243; _builder_version=&#8221;4.16&#8243; _module_preset=&#8221;default&#8221; global_colors_info=&#8221;{}&#8221;][et_pb_text _builder_version=&#8221;4.16&#8243; _module_preset=&#8221;default&#8221; global_colors_info=&#8221;{}&#8221;]<\/p>\n<h3>Marathon Online 2 &#8211; Themen<\/h3>\n<p>Aqua Attack, Aqua Mama und Baby, Aqua Interval: Befor you go, I go, Aqua Hula Hop, Aqua Fitness Workouts, Aqua Brasil, Aqua Step, Aqua Boxing, Aqua Cycling<\/p>\n<p>[\/et_pb_text][et_pb_button button_url=&#8221;@ET-DC@eyJkeW5hbWljIjp0cnVlLCJjb250ZW50IjoicG9zdF9saW5rX3VybF9zZndkLWNvdXJzZXMiLCJzZXR0aW5ncyI6eyJwb3N0X2lkIjoiNjY2NyIsImVuYWJsZV9odG1sIjoib2ZmIn19@&#8221; button_text=&#8221;zum Online Marathon 2&#8243; button_alignment=&#8221;center&#8221; _builder_version=&#8221;4.21.0&#8243; _dynamic_attributes=&#8221;button_url&#8221; _module_preset=&#8221;default&#8221; custom_margin=&#8221;auto||||false|false&#8221; global_colors_info=&#8221;{}&#8221; transform_styles__hover_enabled=&#8221;on|desktop&#8221; transform_scale__hover_enabled=&#8221;on|desktop&#8221;][\/et_pb_button][\/et_pb_column][\/et_pb_row][\/et_pb_section]<\/p>\n","protected":false},"excerpt":{"rendered":"<p>Aqua Fitness Marathon, Late Night Marathon, Trends Marathon und Marathon Online.Unsere Termine 14.-21.09.2026 Fit und Fun Week in Thessaloniki 14.\/15.03.2026 Aqua Fitness Marathon in Bad Segeberg 21.\/22.03.2026 Aqua Fitness Marathon in Lingenfeld\/Landau\u00a0Fit &amp; Fun Week in Thessaloniki vom 14.09.-21.09.2026-G\u00f6nn dir eine Auszeit, die K\u00f6rper und Seele zum Strahlen bringt: Fitness, Bewegung, Leichtigkeit und Sonne pur [&hellip;]<\/p>\n","protected":false},"author":1,"featured_media":0,"parent":2049,"menu_order":4,"comment_status":"closed","ping_status":"closed","template":"","meta":{"_et_pb_use_builder":"on","_et_pb_old_content":"","_et_gb_content_width":"","footnotes":""},"class_list":["post-19469","page","type-page","status-publish","hentry"],"acf":[],"_links":{"self":[{"href":"https:\/\/www.dehag.de\/dehag\/wp-json\/wp\/v2\/pages\/19469","targetHints":{"allow":["GET"]}}],"collection":[{"href":"https:\/\/www.dehag.de\/dehag\/wp-json\/wp\/v2\/pages"}],"about":[{"href":"https:\/\/www.dehag.de\/dehag\/wp-json\/wp\/v2\/types\/page"}],"author":[{"embeddable":true,"href":"https:\/\/www.dehag.de\/dehag\/wp-json\/wp\/v2\/users\/1"}],"replies":[{"embeddable":true,"href":"https:\/\/www.dehag.de\/dehag\/wp-json\/wp\/v2\/comments?post=19469"}],"version-history":[{"count":114,"href":"https:\/\/www.dehag.de\/dehag\/wp-json\/wp\/v2\/pages\/19469\/revisions"}],"predecessor-version":[{"id":52064,"href":"https:\/\/www.dehag.de\/dehag\/wp-json\/wp\/v2\/pages\/19469\/revisions\/52064"}],"up":[{"embeddable":true,"href":"https:\/\/www.dehag.de\/dehag\/wp-json\/wp\/v2\/pages\/2049"}],"wp:attachment":[{"href":"https:\/\/www.dehag.de\/dehag\/wp-json\/wp\/v2\/media?parent=19469"}],"curies":[{"name":"wp","href":"https:\/\/api.w.org\/{rel}","templated":true}]}}