{"id":31109,"date":"2023-11-02T10:32:41","date_gmt":"2023-11-02T09:32:41","guid":{"rendered":"http:\/\/www.dehag.de\/dehag\/job-suche\/"},"modified":"2025-06-26T09:21:42","modified_gmt":"2025-06-26T07:21:42","slug":"job-suche","status":"publish","type":"page","link":"https:\/\/www.dehag.de\/dehag\/service\/job-suche\/","title":{"rendered":"Job Suche"},"content":{"rendered":"<p>[et_pb_section fb_built=&#8221;1&#8243; admin_label=&#8221;section&#8221; _builder_version=&#8221;4.16&#8243; global_colors_info=&#8221;{}&#8221;][et_pb_row admin_label=&#8221;row&#8221; _builder_version=&#8221;4.16&#8243; background_size=&#8221;initial&#8221; background_position=&#8221;top_left&#8221; background_repeat=&#8221;repeat&#8221; global_colors_info=&#8221;{}&#8221;][et_pb_column type=&#8221;4_4&#8243; _builder_version=&#8221;4.16&#8243; custom_padding=&#8221;|||&#8221; global_colors_info=&#8221;{}&#8221; custom_padding__hover=&#8221;|||&#8221;][et_pb_text admin_label=&#8221;Text&#8221; _builder_version=&#8221;4.22.2&#8243; background_size=&#8221;initial&#8221; background_position=&#8221;top_left&#8221; background_repeat=&#8221;repeat&#8221; global_colors_info=&#8221;{}&#8221;]<\/p>\n<h1>Job Suche<\/h1>\n<p>Haben Sie Spa\u00df an einer Honorart\u00e4tigkeit?<br \/>Beherrschen Sie Ihr Fachgebiet sicher und vermitteln Inhalte mit Begeisterung?<br \/>Dann sind Sie bei uns richtig!<\/p>\n<p>WIR SUCHEN SIE\u2026<br \/>\u2026als qualifizierte Honorarkraft f\u00fcr unsere Wassergymnastik- und Aquajogging-kurse (Teilnehmer*innen ab 16 Jahre) in Frechen und\/oder Bergheim.<\/p>\n<p>Voraussetzung\/Qualifikation:<\/p>\n<ul>\n<li>g\u00fcltiger DLRG-Rettungsschein Silber<\/li>\n<li>g\u00fcltige Bescheinigung der Rettungsf\u00e4higkeit<\/li>\n<li>g\u00fcltige \u00dcbungsleitungslizenz f\u00fcr Aquagymnastik oder Aquafitness.<\/li>\n<\/ul>\n<p>Gerne sind wir bei der Suche nach Fortbildungsangeboten behilflich.<\/p>\n<p>Melden Sie sich telefonisch oder per E-Mail bei uns:<\/p>\n<p>Marie-Juchacz-Bildungswerk\/Familienbildungsst\u00e4tte der Arbeiterwohlfahrt<br \/>Regionalverband Rhein-Erft &amp; Euskirchen e. V.<\/p>\n<p>Tel.: 02271 603-18 oder 603-63<br \/>E-Mail: <a href=\"mailto:bildungswerke@awo-bm-eu.net\">bildungswerke@awo-bm-eu.net<\/a><\/p>\n<p>Wir freuen uns auf Sie!<br \/>Wir suchen Sie!<\/p>\n<p>[\/et_pb_text][\/et_pb_column][\/et_pb_row][et_pb_row _builder_version=&#8221;4.27.4&#8243; _module_preset=&#8221;default&#8221;][et_pb_column _builder_version=&#8221;4.27.4&#8243; _module_preset=&#8221;default&#8221; type=&#8221;4_4&#8243;][et_pb_text _builder_version=&#8221;4.27.4&#8243; _module_preset=&#8221;default&#8221; hover_enabled=&#8221;0&#8243; sticky_enabled=&#8221;0&#8243;]<\/p>\n<h2>Wanted: Hungrige AQUA FITNESS EXPERTEN!<\/h2>\n<h3><span style=\"color: #000000\">Experten gesucht: Die DEHAG ACADEMY sucht spezialisierte Autoren und Aqua Trainer f\u00fcr alle zentralen Themenfelder<\/span><\/h3>\n<p>Die DEHAG ACADEMY erweitert ihre Aktivit\u00e4ten und sucht Verst\u00e4rkung f\u00fcr Ihr Referenten- und Autorenteam. Gesucht werden praxiserfahrene Autoren, Ausbilder und Presenter &#8211; auch Newcomer &#8211; f\u00fcr alle Themen im Bewegungsraum Wasser:<\/p>\n<p><a href=\"http:\/\/www.dehag.de\/dehag\/wp-content\/uploads\/sites\/2\/2025\/06\/Wanted-Experten-gesucht.pdf\">weiter lessen<\/a><\/p>\n<p>[\/et_pb_text][\/et_pb_column][\/et_pb_row][\/et_pb_section]<\/p>\n","protected":false},"excerpt":{"rendered":"<p>Job Suche Haben Sie Spa\u00df an einer Honorart\u00e4tigkeit?Beherrschen Sie Ihr Fachgebiet sicher und vermitteln Inhalte mit Begeisterung?Dann sind Sie bei uns richtig! WIR SUCHEN SIE\u2026\u2026als qualifizierte Honorarkraft f\u00fcr unsere Wassergymnastik- und Aquajogging-kurse (Teilnehmer*innen ab 16 Jahre) in Frechen und\/oder Bergheim. Voraussetzung\/Qualifikation: g\u00fcltiger DLRG-Rettungsschein Silber g\u00fcltige Bescheinigung der Rettungsf\u00e4higkeit g\u00fcltige \u00dcbungsleitungslizenz f\u00fcr Aquagymnastik oder Aquafitness. Gerne [&hellip;]<\/p>\n","protected":false},"author":4,"featured_media":0,"parent":5247,"menu_order":0,"comment_status":"closed","ping_status":"closed","template":"","meta":{"_et_pb_use_builder":"on","_et_pb_old_content":"<!-- wp:paragraph {\"textColor\":\"black\"} -->\n<p class=\"has-black-color has-text-color\">Haben Sie Spa\u00df an einer Honorart\u00e4tigkeit?<br>Beherrschen Sie Ihr Fachgebiet sicher und vermitteln Inhalte mit Begeisterung?<br>Dann sind Sie bei uns richtig!<br>WIR SUCHEN SIE\u2026<br>\u2026als qualifizierte Honorarkraft f\u00fcr unsere Wassergymnastik - und Aquajogging-kurse (Teilnehmer*innen ab 16 Jahre) in Frechen und\/oder Bergheim.<br>Voraussetzung\/Qualifikation:<br>\uf0b7 g\u00fcltiger DLRG-Rettungsschein Silber<br>\uf0b7 g\u00fcltige Bescheinigung der Rettungsf\u00e4higkeit<br>\uf0b7 g\u00fcltige \u00dcbungsleitungslizenz f\u00fcr Aquagymnastik oder Aquafitness.<br>Gerne sind wir bei der Suche nach Fortbildungsangeboten behilflich.<br>Melden Sie sich telefonisch oder per E-Mail bei uns:<br>Marie-Juchacz-Bildungswerk\/Familienbildungsst\u00e4tte der Arbeiterwohlfahrt, Regionalverband Rhein-Erft &amp; Euskirchen e. V.<br>Tel.: 02271 603-18 oder 603-63, E-Mail: bildungswerke@awo-bm-eu.net<br>Wir freuen uns auf Sie!<br>Wir suchen Si<\/p>\n<!-- \/wp:paragraph -->","_et_gb_content_width":"","footnotes":""},"class_list":["post-31109","page","type-page","status-publish","hentry"],"acf":[],"_links":{"self":[{"href":"https:\/\/www.dehag.de\/dehag\/wp-json\/wp\/v2\/pages\/31109","targetHints":{"allow":["GET"]}}],"collection":[{"href":"https:\/\/www.dehag.de\/dehag\/wp-json\/wp\/v2\/pages"}],"about":[{"href":"https:\/\/www.dehag.de\/dehag\/wp-json\/wp\/v2\/types\/page"}],"author":[{"embeddable":true,"href":"https:\/\/www.dehag.de\/dehag\/wp-json\/wp\/v2\/users\/4"}],"replies":[{"embeddable":true,"href":"https:\/\/www.dehag.de\/dehag\/wp-json\/wp\/v2\/comments?post=31109"}],"version-history":[{"count":6,"href":"https:\/\/www.dehag.de\/dehag\/wp-json\/wp\/v2\/pages\/31109\/revisions"}],"predecessor-version":[{"id":46731,"href":"https:\/\/www.dehag.de\/dehag\/wp-json\/wp\/v2\/pages\/31109\/revisions\/46731"}],"up":[{"embeddable":true,"href":"https:\/\/www.dehag.de\/dehag\/wp-json\/wp\/v2\/pages\/5247"}],"wp:attachment":[{"href":"https:\/\/www.dehag.de\/dehag\/wp-json\/wp\/v2\/media?parent=31109"}],"curies":[{"name":"wp","href":"https:\/\/api.w.org\/{rel}","templated":true}]}}