{"id":34726,"date":"2024-02-18T18:07:52","date_gmt":"2024-02-18T17:07:52","guid":{"rendered":"http:\/\/www.dehag.de\/dehag\/?page_id=34726"},"modified":"2024-02-21T10:19:52","modified_gmt":"2024-02-21T09:19:52","slug":"partner","status":"publish","type":"page","link":"https:\/\/www.dehag.de\/dehag\/service\/partner\/","title":{"rendered":"Partner"},"content":{"rendered":"<p>[et_pb_section fb_built=&#8221;1&#8243; _builder_version=&#8221;4.23.4&#8243; _module_preset=&#8221;default&#8221; global_colors_info=&#8221;{}&#8221;][et_pb_row _builder_version=&#8221;4.23.4&#8243; _module_preset=&#8221;default&#8221; global_colors_info=&#8221;{}&#8221;][et_pb_column type=&#8221;4_4&#8243; _builder_version=&#8221;4.23.4&#8243; _module_preset=&#8221;default&#8221; global_colors_info=&#8221;{}&#8221;][et_pb_text _builder_version=&#8221;4.23.4&#8243; _module_preset=&#8221;default&#8221; global_colors_info=&#8221;{}&#8221;]<\/p>\n<div class=\"dmNewParagraph u_1983975854\" id=\"1983975854\" data-element-type=\"paragraph\" data-version=\"5\">\n<h3 class=\"m-size-48 size-60\"><span class=\"font-size-60 m-font-size-48\">Unsere Partner\u00a0\u00a0<\/span><\/h3>\n<h3 class=\"m-size-48 size-60\"><span class=\"font-size-60 m-font-size-48\">Br\u00fccken bauen<\/span><span><\/span><\/h3>\n<h3><span>Eine ber\u00fchrende Geschichte die wunderbar zu unseren Inhalten dieser Seite passt.<\/span><\/h3>\n<\/div>\n<div class=\"u_1577979861 dmDividerWrapper clearfix\" id=\"1577979861\" data-element-type=\"dDividerId\" data-widget-version=\"2\">\n<hr class=\"dmDivider\" id=\"1130379730\" \/>\n<\/div>\n<div class=\"u_1042607399 dmNewParagraph\" id=\"1042607399\" data-version=\"5\">\n<p class=\"m-size-19 size-24\"><span class=\"m-font-size-19 font-size-24\">\u201eDu hast einen sch\u00f6nen Beruf\u201c, sagte das Kind zum Br\u00fcckenbauer. \u201eEs muss schwer sein, Br\u00fccken zu bauen.\u201c<br \/>\u201eWenn man es gelernt hat, ist es leicht\u201c, sagte er. \u201eEs ist leicht Br\u00fccken aus Stahl und Beton zu bauen. Die anderen Br\u00fccken sind viel schwieriger\u201c, sagte er, \u201edie baue ich aus Tr\u00e4umen\u201c.<\/span><\/p>\n<p class=\"m-size-19 size-24\"><span class=\"m-font-size-19 font-size-24\">\u201eWelche anderen Br\u00fccken?\u201c, fragte das Kind.<\/span><\/p>\n<p class=\"m-size-19 size-24\"><span class=\"m-font-size-19 font-size-24\">Der alte Br\u00fcckenbauer sah das Kind nachdenklich an. Er wusste nicht, ob das Kind es verstehen w\u00fcrde. Dann sagte er: \u201eIch m\u00f6chte eine Br\u00fccke bauen, von der Gegenwart in die Zukunft! Ich m\u00f6chte eine Br\u00fccke bauen, von einem Menschen zum anderen, von der Dunkelheit ins Licht, von der Traurigkeit zur Freude. Ich m\u00f6chte eine Br\u00fccke bauen, von der Zeit in die Ewigkeit \u00fcber alles Verg\u00e4ngliche hinweg.\u201c<\/span><\/p>\n<p class=\"m-size-19 size-24\"><span class=\"m-font-size-19 font-size-24\">Das Kind hatte aufmerksam zugeh\u00f6rt. Es hatte nicht alles verstanden, sp\u00fcrte aber, dass der alte Br\u00fcckenbauer traurig war. Weil es ihn wieder froh machen wollte, sagte das Kind: \u201eIch schenke dir meine Br\u00fccke\u201c.<\/span><\/p>\n<p class=\"m-size-19 size-24\"><span class=\"m-font-size-19 font-size-24\">Und das Kind malte f\u00fcr den Br\u00fcckenbauer einen Regenbogen.<\/span><\/p>\n<p class=\"m-size-19 size-24\"><span class=\"m-font-size-19 font-size-24\">Autor Christin Schedlbauer<\/span><\/p>\n<\/div>\n<p>[\/et_pb_text][\/et_pb_column][\/et_pb_row][et_pb_row column_structure=&#8221;1_3,1_3,1_3&#8243; _builder_version=&#8221;4.23.4&#8243; _module_preset=&#8221;default&#8221; min_height=&#8221;277px&#8221; global_colors_info=&#8221;{}&#8221;][et_pb_column type=&#8221;1_3&#8243; _builder_version=&#8221;4.23.4&#8243; _module_preset=&#8221;default&#8221; global_colors_info=&#8221;{}&#8221;][et_pb_image src=&#8221;http:\/\/www.dehag.de\/dehag\/wp-content\/uploads\/sites\/2\/2024\/02\/fastenwandern.png&#8221; title_text=&#8221;fastenwandern&#8221; url=&#8221;https:\/\/fastenwandern.de\/online-kurse\/&#8221; url_new_window=&#8221;on&#8221; use_overlay=&#8221;on&#8221; overlay_icon_color=&#8221;RGBA(255,255,255,0)&#8221; hover_overlay_color=&#8221;rgba(114,140,219,0.48)&#8221; _builder_version=&#8221;4.23.4&#8243; _module_preset=&#8221;default&#8221; border_radii=&#8221;off|0px||0px|&#8221; border_width_all=&#8221;1px&#8221; border_color_all=&#8221;#0B3EBF&#8221; box_shadow_style=&#8221;none&#8221; global_colors_info=&#8221;{}&#8221;][\/et_pb_image][\/et_pb_column][et_pb_column type=&#8221;1_3&#8243; _builder_version=&#8221;4.23.4&#8243; _module_preset=&#8221;default&#8221; global_colors_info=&#8221;{}&#8221;][et_pb_image src=&#8221;http:\/\/www.dehag.de\/dehag\/wp-content\/uploads\/sites\/2\/2024\/02\/Nicole-Preiter.png&#8221; title_text=&#8221;Nicole Preiter&#8221; url=&#8221;https:\/\/fastenwandern.de\/&#8221; url_new_window=&#8221;on&#8221; use_overlay=&#8221;on&#8221; overlay_icon_color=&#8221;RGBA(255,255,255,0)&#8221; hover_overlay_color=&#8221;rgba(114,140,219,0.48)&#8221; _builder_version=&#8221;4.23.4&#8243; _module_preset=&#8221;default&#8221; border_radii=&#8221;off|0px||0px|&#8221; border_width_all=&#8221;1px&#8221; border_color_all=&#8221;#0B3EBF&#8221; box_shadow_style=&#8221;none&#8221; global_colors_info=&#8221;{}&#8221;][\/et_pb_image][\/et_pb_column][et_pb_column type=&#8221;1_3&#8243; _builder_version=&#8221;4.23.4&#8243; _module_preset=&#8221;default&#8221; global_colors_info=&#8221;{}&#8221;][et_pb_image src=&#8221;http:\/\/www.dehag.de\/dehag\/wp-content\/uploads\/sites\/2\/2024\/02\/melanie-Martelli-logo.png&#8221; title_text=&#8221;melanie Martelli logo&#8221; url=&#8221;https:\/\/martelli-care24.de\/&#8221; url_new_window=&#8221;on&#8221; _builder_version=&#8221;4.23.4&#8243; _module_preset=&#8221;default&#8221; border_radii=&#8221;off|0px||0px|&#8221; border_width_all=&#8221;1px&#8221; border_color_all=&#8221;#0B3EBF&#8221; box_shadow_style=&#8221;none&#8221; global_colors_info=&#8221;{}&#8221; use_overlay=&#8221;on&#8221; overlay_icon_color=&#8221;RGBA(255,255,255,0)&#8221; hover_overlay_color=&#8221;rgba(114,140,219,0.48)&#8221; hover_enabled=&#8221;0&#8243; sticky_enabled=&#8221;0&#8243;][\/et_pb_image][\/et_pb_column][\/et_pb_row][et_pb_row column_structure=&#8221;1_3,1_3,1_3&#8243; _builder_version=&#8221;4.23.4&#8243; _module_preset=&#8221;default&#8221; min_height=&#8221;277px&#8221; global_colors_info=&#8221;{}&#8221;][et_pb_column type=&#8221;1_3&#8243; _builder_version=&#8221;4.23.4&#8243; _module_preset=&#8221;default&#8221; global_colors_info=&#8221;{}&#8221;][et_pb_image src=&#8221;http:\/\/www.dehag.de\/dehag\/wp-content\/uploads\/sites\/2\/2024\/02\/fastenwandern.png&#8221; title_text=&#8221;fastenwandern&#8221; url=&#8221;https:\/\/fastenwandern.de\/online-kurse\/&#8221; url_new_window=&#8221;on&#8221; use_overlay=&#8221;on&#8221; overlay_icon_color=&#8221;RGBA(255,255,255,0)&#8221; hover_overlay_color=&#8221;rgba(114,140,219,0.48)&#8221; _builder_version=&#8221;4.23.4&#8243; _module_preset=&#8221;default&#8221; border_radii=&#8221;off|0px||0px|&#8221; border_width_all=&#8221;1px&#8221; border_color_all=&#8221;#0B3EBF&#8221; box_shadow_style=&#8221;none&#8221; global_colors_info=&#8221;{}&#8221;][\/et_pb_image][\/et_pb_column][et_pb_column type=&#8221;1_3&#8243; _builder_version=&#8221;4.23.4&#8243; _module_preset=&#8221;default&#8221; global_colors_info=&#8221;{}&#8221;][et_pb_image src=&#8221;http:\/\/www.dehag.de\/dehag\/wp-content\/uploads\/sites\/2\/2024\/02\/Nicole-Preiter.png&#8221; title_text=&#8221;Nicole Preiter&#8221; url=&#8221;https:\/\/fastenwandern.de\/&#8221; url_new_window=&#8221;on&#8221; use_overlay=&#8221;on&#8221; overlay_icon_color=&#8221;RGBA(255,255,255,0)&#8221; hover_overlay_color=&#8221;rgba(114,140,219,0.48)&#8221; _builder_version=&#8221;4.23.4&#8243; _module_preset=&#8221;default&#8221; border_radii=&#8221;off|0px||0px|&#8221; border_width_all=&#8221;1px&#8221; border_color_all=&#8221;#0B3EBF&#8221; box_shadow_style=&#8221;none&#8221; global_colors_info=&#8221;{}&#8221;][\/et_pb_image][\/et_pb_column][et_pb_column type=&#8221;1_3&#8243; _builder_version=&#8221;4.23.4&#8243; _module_preset=&#8221;default&#8221; global_colors_info=&#8221;{}&#8221;][et_pb_image src=&#8221;http:\/\/www.dehag.de\/dehag\/wp-content\/uploads\/sites\/2\/2024\/02\/melanie-Martelli-logo.png&#8221; title_text=&#8221;melanie Martelli logo&#8221; url=&#8221;https:\/\/fastenwandern.de\/&#8221; url_new_window=&#8221;on&#8221; _builder_version=&#8221;4.23.4&#8243; _module_preset=&#8221;default&#8221; border_radii=&#8221;off|0px||0px|&#8221; border_width_all=&#8221;1px&#8221; border_color_all=&#8221;#0B3EBF&#8221; box_shadow_style=&#8221;none&#8221; global_colors_info=&#8221;{}&#8221; use_overlay=&#8221;on&#8221; overlay_icon_color=&#8221;RGBA(255,255,255,0)&#8221; hover_overlay_color=&#8221;rgba(114,140,219,0.48)&#8221;][\/et_pb_image][\/et_pb_column][\/et_pb_row][et_pb_row column_structure=&#8221;1_2,1_2&#8243; _builder_version=&#8221;4.23.4&#8243; _module_preset=&#8221;default&#8221; global_colors_info=&#8221;{}&#8221;][et_pb_column type=&#8221;1_2&#8243; _builder_version=&#8221;4.23.4&#8243; _module_preset=&#8221;default&#8221; global_colors_info=&#8221;{}&#8221;][et_pb_image src=&#8221;http:\/\/www.dehag.de\/dehag\/wp-content\/uploads\/sites\/2\/2024\/02\/fastenwandern.png&#8221; title_text=&#8221;fastenwandern&#8221; url=&#8221;https:\/\/fastenwandern.de\/&#8221; _builder_version=&#8221;4.23.4&#8243; _module_preset=&#8221;default&#8221; max_width=&#8221;100%&#8221; module_alignment=&#8221;center&#8221; max_height=&#8221;1000px&#8221; custom_margin=&#8221;|32px|0px||false|false&#8221; custom_padding=&#8221;|0px|0px|115px|false|false&#8221; global_colors_info=&#8221;{}&#8221;][\/et_pb_image][\/et_pb_column][et_pb_column type=&#8221;1_2&#8243; _builder_version=&#8221;4.23.4&#8243; _module_preset=&#8221;default&#8221; global_colors_info=&#8221;{}&#8221;][et_pb_image src=&#8221;http:\/\/www.dehag.de\/dehag\/wp-content\/uploads\/sites\/2\/2024\/02\/vivi-1.png&#8221; title_text=&#8221;vivi+&#8221; _builder_version=&#8221;4.23.4&#8243; _module_preset=&#8221;default&#8221; max_width=&#8221;64%&#8221; min_height=&#8221;100px&#8221; height=&#8221;1000px&#8221; max_height=&#8221;234px&#8221; global_colors_info=&#8221;{}&#8221;][\/et_pb_image][\/et_pb_column][\/et_pb_row][et_pb_row column_structure=&#8221;1_2,1_2&#8243; _builder_version=&#8221;4.23.4&#8243; _module_preset=&#8221;default&#8221; global_colors_info=&#8221;{}&#8221;][et_pb_column type=&#8221;1_2&#8243; _builder_version=&#8221;4.23.4&#8243; _module_preset=&#8221;default&#8221; global_colors_info=&#8221;{}&#8221;][et_pb_image src=&#8221;http:\/\/www.dehag.de\/dehag\/wp-content\/uploads\/sites\/2\/2024\/02\/Nicole-Preiter.png&#8221; title_text=&#8221;Nicole Preiter&#8221; url=&#8221;https:\/\/www.nicolepreiter.com\/&#8221; _builder_version=&#8221;4.23.4&#8243; _module_preset=&#8221;default&#8221; max_width=&#8221;54%&#8221; max_height=&#8221;1000px&#8221; custom_margin=&#8221;|120px||120px|false|true&#8221; custom_padding=&#8221;|0px||11px|false|false&#8221; global_colors_info=&#8221;{}&#8221;][\/et_pb_image][\/et_pb_column][et_pb_column type=&#8221;1_2&#8243; _builder_version=&#8221;4.23.4&#8243; _module_preset=&#8221;default&#8221; global_colors_info=&#8221;{}&#8221;][et_pb_image src=&#8221;http:\/\/www.dehag.de\/dehag\/wp-content\/uploads\/sites\/2\/2024\/02\/Nicole-Preiter.1-PNG.png&#8221; title_text=&#8221;Nicole Preiter.1 PNG&#8221; url=&#8221;https:\/\/www.nicolepreiter.com\/ueber-mich\/&#8221; _builder_version=&#8221;4.23.4&#8243; _module_preset=&#8221;default&#8221; height=&#8221;1000px&#8221; max_height=&#8221;157px&#8221; global_colors_info=&#8221;{}&#8221;][\/et_pb_image][\/et_pb_column][\/et_pb_row][et_pb_row column_structure=&#8221;1_2,1_2&#8243; _builder_version=&#8221;4.23.4&#8243; _module_preset=&#8221;default&#8221; global_colors_info=&#8221;{}&#8221;][et_pb_column type=&#8221;1_2&#8243; _builder_version=&#8221;4.23.4&#8243; _module_preset=&#8221;default&#8221; global_colors_info=&#8221;{}&#8221;][et_pb_image src=&#8221;http:\/\/www.dehag.de\/dehag\/wp-content\/uploads\/sites\/2\/2024\/02\/melanie-Martelli-logo.png&#8221; title_text=&#8221;melanie Martelli logo&#8221; url=&#8221;https:\/\/martelli-care24.de\/ueber-uns\/&#8221; _builder_version=&#8221;4.23.4&#8243; _module_preset=&#8221;default&#8221; min_height=&#8221;120px&#8221; max_height=&#8221;1000px&#8221; custom_margin=&#8221;|||0px|false|false&#8221; custom_padding=&#8221;|112px||112px|false|true&#8221; global_colors_info=&#8221;{}&#8221;][\/et_pb_image][\/et_pb_column][et_pb_column type=&#8221;1_2&#8243; _builder_version=&#8221;4.23.4&#8243; _module_preset=&#8221;default&#8221; global_colors_info=&#8221;{}&#8221;][et_pb_image src=&#8221;http:\/\/www.dehag.de\/dehag\/wp-content\/uploads\/sites\/2\/2024\/02\/Melanie-Martelli-bild.png&#8221; title_text=&#8221;Melanie Martelli bild&#8221; _builder_version=&#8221;4.23.4&#8243; _module_preset=&#8221;default&#8221; max_height=&#8221;220px&#8221; global_colors_info=&#8221;{}&#8221;][\/et_pb_image][\/et_pb_column][\/et_pb_row][et_pb_row column_structure=&#8221;1_2,1_2&#8243; _builder_version=&#8221;4.23.4&#8243; _module_preset=&#8221;default&#8221; global_colors_info=&#8221;{}&#8221;][et_pb_column type=&#8221;1_2&#8243; _builder_version=&#8221;4.23.4&#8243; _module_preset=&#8221;default&#8221; global_colors_info=&#8221;{}&#8221;][\/et_pb_column][et_pb_column type=&#8221;1_2&#8243; _builder_version=&#8221;4.23.4&#8243; _module_preset=&#8221;default&#8221; global_colors_info=&#8221;{}&#8221;][et_pb_image src=&#8221;http:\/\/www.dehag.de\/dehag\/wp-content\/uploads\/sites\/2\/2024\/02\/Martina-Oeckei.png&#8221; title_text=&#8221;Martina Oeckei&#8221; _builder_version=&#8221;4.23.4&#8243; _module_preset=&#8221;default&#8221; max_height=&#8221;211px&#8221; global_colors_info=&#8221;{}&#8221;][\/et_pb_image][\/et_pb_column][\/et_pb_row][\/et_pb_section]<\/p>\n","protected":false},"excerpt":{"rendered":"<p>Unsere Partner\u00a0\u00a0 Br\u00fccken bauen Eine ber\u00fchrende Geschichte die wunderbar zu unseren Inhalten dieser Seite passt. \u201eDu hast einen sch\u00f6nen Beruf\u201c, sagte das Kind zum Br\u00fcckenbauer. \u201eEs muss schwer sein, Br\u00fccken zu bauen.\u201c\u201eWenn man es gelernt hat, ist es leicht\u201c, sagte er. \u201eEs ist leicht Br\u00fccken aus Stahl und Beton zu bauen. Die anderen Br\u00fccken sind [&hellip;]<\/p>\n","protected":false},"author":4,"featured_media":0,"parent":5247,"menu_order":1,"comment_status":"closed","ping_status":"closed","template":"","meta":{"_et_pb_use_builder":"on","_et_pb_old_content":"","_et_gb_content_width":"","footnotes":""},"class_list":["post-34726","page","type-page","status-publish","hentry"],"acf":[],"_links":{"self":[{"href":"https:\/\/www.dehag.de\/dehag\/wp-json\/wp\/v2\/pages\/34726","targetHints":{"allow":["GET"]}}],"collection":[{"href":"https:\/\/www.dehag.de\/dehag\/wp-json\/wp\/v2\/pages"}],"about":[{"href":"https:\/\/www.dehag.de\/dehag\/wp-json\/wp\/v2\/types\/page"}],"author":[{"embeddable":true,"href":"https:\/\/www.dehag.de\/dehag\/wp-json\/wp\/v2\/users\/4"}],"replies":[{"embeddable":true,"href":"https:\/\/www.dehag.de\/dehag\/wp-json\/wp\/v2\/comments?post=34726"}],"version-history":[{"count":14,"href":"https:\/\/www.dehag.de\/dehag\/wp-json\/wp\/v2\/pages\/34726\/revisions"}],"predecessor-version":[{"id":34836,"href":"https:\/\/www.dehag.de\/dehag\/wp-json\/wp\/v2\/pages\/34726\/revisions\/34836"}],"up":[{"embeddable":true,"href":"https:\/\/www.dehag.de\/dehag\/wp-json\/wp\/v2\/pages\/5247"}],"wp:attachment":[{"href":"https:\/\/www.dehag.de\/dehag\/wp-json\/wp\/v2\/media?parent=34726"}],"curies":[{"name":"wp","href":"https:\/\/api.w.org\/{rel}","templated":true}]}}