{"id":5951,"date":"2022-03-16T17:25:04","date_gmt":"2022-03-16T16:24:24","guid":{"rendered":"https:\/\/dehag.info\/dehag\/service-2\/"},"modified":"2023-08-07T18:20:38","modified_gmt":"2023-08-07T16:20:38","slug":"login","status":"publish","type":"page","link":"https:\/\/www.dehag.de\/dehag\/login\/","title":{"rendered":"Login"},"content":{"rendered":"<p>[et_pb_section fb_built=&#8221;1&#8243; _builder_version=&#8221;4.16&#8243; _module_preset=&#8221;default&#8221; custom_margin=&#8221;||||false|false&#8221; custom_padding=&#8221;||||false|false&#8221; global_colors_info=&#8221;{}&#8221;][et_pb_row _builder_version=&#8221;4.19.2&#8243; _module_preset=&#8221;default&#8221; use_background_color_gradient=&#8221;on&#8221; background_color_gradient_direction=&#8221;90deg&#8221; background_color_gradient_stops=&#8221;rgba(255,255,255,0) 0%|#fff4aa 100%&#8221; background_color_gradient_start=&#8221;rgba(255,255,255,0)&#8221; background_color_gradient_end=&#8221;#5aecfe&#8221; max_width=&#8221;70%&#8221; module_alignment=&#8221;right&#8221; custom_margin=&#8221;||40px||false|false&#8221; custom_padding=&#8221;|10%||10%|false|true&#8221; border_radii=&#8221;off|||150px|&#8221; box_shadow_style=&#8221;preset2&#8243; box_shadow_horizontal=&#8221;1px&#8221; box_shadow_vertical=&#8221;1px&#8221; box_shadow_blur=&#8221;1px&#8221; box_shadow_color=&#8221;rgba(11,62,191,0.3)&#8221; locked=&#8221;off&#8221; global_colors_info=&#8221;{}&#8221;][et_pb_column type=&#8221;4_4&#8243; _builder_version=&#8221;4.19.2&#8243; _module_preset=&#8221;default&#8221; global_colors_info=&#8221;{}&#8221;][et_pb_text _builder_version=&#8221;4.19.2&#8243; _module_preset=&#8221;default&#8221; header_text_color=&#8221;#0B3EBF&#8221; global_colors_info=&#8221;{}&#8221;]<\/p>\n<h1>Login<\/h1>\n<p>[\/et_pb_text][\/et_pb_column][\/et_pb_row][et_pb_row _builder_version=&#8221;4.16&#8243; _module_preset=&#8221;default&#8221; global_colors_info=&#8221;{}&#8221;][et_pb_column type=&#8221;4_4&#8243; _builder_version=&#8221;4.16&#8243; _module_preset=&#8221;default&#8221; global_colors_info=&#8221;{}&#8221;][et_pb_text _builder_version=&#8221;4.16&#8243; _module_preset=&#8221;default&#8221; global_colors_info=&#8221;{}&#8221;]<\/p>\n<p>Wir betreiben auf unserer Webseite zwei Online-Shops. Shop 1 &#8211; DEHAG ACADEMY + DEHAGFIT und Shop 2 &#8211; DEHAG FITNESSWELTEN.<\/p>\n<p>Bestellungen sind getrennt voneinander und k\u00f6nnen nicht kombiniert werden. Es gibt somit zwei &#8220;Warenk\u00f6rbe&#8221; und f\u00fcr jeden Bereich ein eigenes &#8220;Mein Konto&#8221;. Sie m\u00fcssen sich nur einmal registrieren und anmelden.<\/p>\n<p>[\/et_pb_text][\/et_pb_column][\/et_pb_row][et_pb_row column_structure=&#8221;1_2,1_2&#8243; _builder_version=&#8221;4.16&#8243; _module_preset=&#8221;default&#8221; global_colors_info=&#8221;{}&#8221;][et_pb_column type=&#8221;1_2&#8243; _builder_version=&#8221;4.16&#8243; _module_preset=&#8221;default&#8221; global_colors_info=&#8221;{}&#8221;][et_pb_text _builder_version=&#8221;4.16&#8243; _module_preset=&#8221;default&#8221; text_orientation=&#8221;center&#8221; global_colors_info=&#8221;{}&#8221;]<\/p>\n<h3>DEHAG ACADEMY + DEHAGFIT<\/h3>\n<p>[\/et_pb_text][et_pb_button button_url=&#8221;\/dehag\/mein-konto\/&#8221; button_text=&#8221;Mein Konto&#8221; button_alignment=&#8221;center&#8221; _builder_version=&#8221;4.16&#8243; _module_preset=&#8221;default&#8221; global_colors_info=&#8221;{}&#8221;][\/et_pb_button][et_pb_button button_url=&#8221;\/dehag\/warenkorb\/&#8221; button_text=&#8221;Warenkorb&#8221; button_alignment=&#8221;center&#8221; _builder_version=&#8221;4.16&#8243; _module_preset=&#8221;default&#8221; global_colors_info=&#8221;{}&#8221;][\/et_pb_button][\/et_pb_column][et_pb_column type=&#8221;1_2&#8243; _builder_version=&#8221;4.16&#8243; _module_preset=&#8221;default&#8221; global_colors_info=&#8221;{}&#8221;][et_pb_text _builder_version=&#8221;4.16&#8243; _module_preset=&#8221;default&#8221; text_orientation=&#8221;center&#8221; global_colors_info=&#8221;{}&#8221;]<\/p>\n<h3>DEHAG FITNESSWELTEN<\/h3>\n<p>[\/et_pb_text][et_pb_button button_url=&#8221;\/fitnesswelten\/mein-konto\/&#8221; button_text=&#8221;Mein Konto&#8221; button_alignment=&#8221;center&#8221; _builder_version=&#8221;4.16&#8243; _module_preset=&#8221;default&#8221; global_colors_info=&#8221;{}&#8221;][\/et_pb_button][et_pb_button button_url=&#8221;\/fitnesswelten\/warenkorb\/&#8221; button_text=&#8221;Warenkorb&#8221; button_alignment=&#8221;center&#8221; _builder_version=&#8221;4.16&#8243; _module_preset=&#8221;default&#8221; global_colors_info=&#8221;{}&#8221;][\/et_pb_button][\/et_pb_column][\/et_pb_row][\/et_pb_section]<\/p>\n","protected":false},"excerpt":{"rendered":"<p>LoginWir betreiben auf unserer Webseite zwei Online-Shops. Shop 1 &#8211; DEHAG ACADEMY + DEHAGFIT und Shop 2 &#8211; DEHAG FITNESSWELTEN. Bestellungen sind getrennt voneinander und k\u00f6nnen nicht kombiniert werden. Es gibt somit zwei &#8220;Warenk\u00f6rbe&#8221; und f\u00fcr jeden Bereich ein eigenes &#8220;Mein Konto&#8221;. Sie m\u00fcssen sich nur einmal registrieren und anmelden.DEHAG ACADEMY + DEHAGFITDEHAG FITNESSWELTEN<\/p>\n","protected":false},"author":1,"featured_media":0,"parent":0,"menu_order":9,"comment_status":"closed","ping_status":"closed","template":"","meta":{"_et_pb_use_builder":"on","_et_pb_old_content":"","_et_gb_content_width":"","footnotes":""},"class_list":["post-5951","page","type-page","status-publish","hentry"],"acf":[],"_links":{"self":[{"href":"https:\/\/www.dehag.de\/dehag\/wp-json\/wp\/v2\/pages\/5951","targetHints":{"allow":["GET"]}}],"collection":[{"href":"https:\/\/www.dehag.de\/dehag\/wp-json\/wp\/v2\/pages"}],"about":[{"href":"https:\/\/www.dehag.de\/dehag\/wp-json\/wp\/v2\/types\/page"}],"author":[{"embeddable":true,"href":"https:\/\/www.dehag.de\/dehag\/wp-json\/wp\/v2\/users\/1"}],"replies":[{"embeddable":true,"href":"https:\/\/www.dehag.de\/dehag\/wp-json\/wp\/v2\/comments?post=5951"}],"version-history":[{"count":7,"href":"https:\/\/www.dehag.de\/dehag\/wp-json\/wp\/v2\/pages\/5951\/revisions"}],"predecessor-version":[{"id":28221,"href":"https:\/\/www.dehag.de\/dehag\/wp-json\/wp\/v2\/pages\/5951\/revisions\/28221"}],"wp:attachment":[{"href":"https:\/\/www.dehag.de\/dehag\/wp-json\/wp\/v2\/media?parent=5951"}],"curies":[{"name":"wp","href":"https:\/\/api.w.org\/{rel}","templated":true}]}}