{"id":2166,"date":"2018-12-03T12:20:58","date_gmt":"2018-12-03T11:20:58","guid":{"rendered":"https:\/\/dehag.info\/dehag\/produkt\/aqua-adipositas-ausbildung\/"},"modified":"2023-09-26T10:37:35","modified_gmt":"2023-09-26T08:37:35","slug":"aqua-adipositas-ausbildung","status":"publish","type":"product","link":"https:\/\/www.dehag.de\/dehag\/produkt\/aqua-adipositas-ausbildung\/","title":{"rendered":"Aqua Adipositas Ausbildung"},"content":{"rendered":"<p>Was ist Adipositas ?<br \/>\nAdipositas bedeutet starkes oder krankhaftes \u00dcbergewicht, \u201eFettleibigkeit\u201c oder \u201eFettsucht\u201c. Der Body \u2013 Mass- Index ist ein gro\u00dfes Ma\u00df daf\u00fcr<\/p>\n<p>&#8211; Ziele<br \/>\n&#8211; Training im Wasser<br \/>\n&#8211; Folgeerkrankungen von Adipositas<br \/>\n&#8211; Adipositas Lip-, und Lymph\u00f6dem<br \/>\n&#8211; Ursachen<br \/>\n&#8211; Methodik\/Didaktik<br \/>\n&#8211; Trainerf\u00e4higkeiten\/Trainereigenschaften<br \/>\n&#8211; Stundenaufbau<br \/>\n&#8211; Training mit Musik<br \/>\n&#8211; Motivatin<\/p>\n","protected":false},"excerpt":{"rendered":"<p>Was ist Adipositas ?<br \/>\nAdipositas bedeutet starkes oder krankhaftes \u00dcbergewicht, \u201eFettleibigkeit\u201c oder \u201eFettsucht\u201c. Der Body \u2013 Mass- Index ist ein gro\u00dfes Ma\u00df daf\u00fcr<\/p>\n","protected":false},"featured_media":23368,"template":"","meta":{"_et_pb_use_builder":"on","_et_pb_old_content":"Was ist Adipositas ?\r\nAdipositas bedeutet starkes oder krankhaftes \u00dcbergewicht, \u201eFettleibigkeit\u201c oder \u201eFettsucht\u201c. Der Body \u2013 Mass- Index ist ein gro\u00dfes Ma\u00df daf\u00fcr\r\n\r\n- Ziele\r\n- Training im Wasser\r\n- Folgeerkrankungen von Adipositas\r\n- Adipositas Lip-, und Lymph\u00f6dem\r\n- Ursachen\r\n- Methodik\/Didaktik\r\n- Trainerf\u00e4higkeiten\/Trainereigenschaften\r\n- Stundenaufbau\r\n- Training mit Musik\r\n- Motivatin","_et_gb_content_width":""},"product_brand":[],"product_cat":[57],"product_tag":[],"class_list":{"0":"post-2166","1":"product","2":"type-product","3":"status-publish","4":"has-post-thumbnail","6":"product_cat-ausbildungen","7":"product_shipping_class-standard","9":"first","10":"instock","11":"purchasable","12":"product-type-simple"},"acf":[],"_links":{"self":[{"href":"https:\/\/www.dehag.de\/dehag\/wp-json\/wp\/v2\/product\/2166","targetHints":{"allow":["GET"]}}],"collection":[{"href":"https:\/\/www.dehag.de\/dehag\/wp-json\/wp\/v2\/product"}],"about":[{"href":"https:\/\/www.dehag.de\/dehag\/wp-json\/wp\/v2\/types\/product"}],"wp:featuredmedia":[{"embeddable":true,"href":"https:\/\/www.dehag.de\/dehag\/wp-json\/wp\/v2\/media\/23368"}],"wp:attachment":[{"href":"https:\/\/www.dehag.de\/dehag\/wp-json\/wp\/v2\/media?parent=2166"}],"wp:term":[{"taxonomy":"product_brand","embeddable":true,"href":"https:\/\/www.dehag.de\/dehag\/wp-json\/wp\/v2\/product_brand?post=2166"},{"taxonomy":"product_cat","embeddable":true,"href":"https:\/\/www.dehag.de\/dehag\/wp-json\/wp\/v2\/product_cat?post=2166"},{"taxonomy":"product_tag","embeddable":true,"href":"https:\/\/www.dehag.de\/dehag\/wp-json\/wp\/v2\/product_tag?post=2166"}],"curies":[{"name":"wp","href":"https:\/\/api.w.org\/{rel}","templated":true}]}}