{"id":2171,"date":"2020-01-13T10:38:17","date_gmt":"2020-01-13T09:38:17","guid":{"rendered":"https:\/\/dehag.info\/dehag\/produkt\/mermaidingschwimmen-stufe-1\/"},"modified":"2025-12-01T12:24:36","modified_gmt":"2025-12-01T11:24:36","slug":"mermaid-instructor-ssi","status":"publish","type":"product","link":"https:\/\/www.dehag.de\/dehag\/produkt\/mermaid-instructor-ssi\/","title":{"rendered":"Mermaid Instructor SSI"},"content":{"rendered":"<p>[et_pb_section fb_built=&#8221;1&#8243; _builder_version=&#8221;4.27.4&#8243; _module_preset=&#8221;default&#8221; global_colors_info=&#8221;{}&#8221;][\/et_pb_section]<\/p>\n","protected":false},"excerpt":{"rendered":"<p>Du m\u00f6chtest dich als Mermaidinginstructor ausbilden lassen, um eine eigene Meerjungfrauenschule zu er\u00f6ffnen?<\/p>\n<p>Wir bilden dich nach SSI Standards aus und geben dir alle Informationen rund um das mermaiding.<\/p>\n","protected":false},"featured_media":21065,"template":"","meta":{"_et_pb_use_builder":"on","_et_pb_old_content":"<div><span class=\"font-size-20 lh-1\">Mermaidinginstructor<\/span><\/div>\r\n<div><\/div>\r\n<div>Du m\u00f6chtest dich als Mermaidinginstructor ausbilden lassen, um eine eigene Meerjungfrauenschule zu er\u00f6ffnen?<\/div>\r\n<div><\/div>\r\n<div>Wir bilden dich nach SSI Standards aus und geben dir alle Informationen rund um das mermaiding.<\/div>\r\n<div><\/div>\r\n<div>Level 1:<\/div>\r\n<div>Ablauf: Begleitung eines 2-st\u00fcndigen Schnuppermermaidings mit Kindern. Anschlie\u00dfend ca. 3 Std. Theorie zu SSI Standards, Eventaufbau und Equipment. Danach 2 Std. Wasserzeit mit Einf\u00fchrung in die Monoflosse, sowie den wichtigsten Elementen zur Durchf\u00fchrung von Mermaidingevents.<\/div>\r\n<div><\/div>\r\n<div>Level 2:<\/div>\r\n<div>Ablauf: Begleitung eines Mermaidingkurses. Anschlie\u00dfend ca. 3 Std. Theorie zum Thema Freediving\/Monofinning\/Mermaiding -<\/div>\r\n<div>eingebettet in die 4-st\u00fcndigen SSI Mermaidingkurse. Danach 2 Std. \u00a0Wasserzeit zu allen Elementen im Kurs.<\/div>\r\n<div><\/div>\r\n<div>Voraussetzung:<\/div>\r\n<div><\/div>\r\n<div>1. SSI Snorkelinstructor (kann bei uns in einem weiteren Kurs erworben werden)<\/div>\r\n<div><\/div>\r\n<div>2. oder FAB (B\u00e4derbetriebe)<\/div>\r\n<div><\/div>\r\n&nbsp;\r\n\r\n&nbsp;","_et_gb_content_width":""},"product_brand":[],"product_cat":[57],"product_tag":[],"class_list":{"0":"post-2171","1":"product","2":"type-product","3":"status-publish","4":"has-post-thumbnail","6":"product_cat-ausbildungen","7":"product_shipping_class-standard","9":"first","10":"instock","11":"purchasable","12":"product-type-simple"},"acf":[],"_links":{"self":[{"href":"https:\/\/www.dehag.de\/dehag\/wp-json\/wp\/v2\/product\/2171","targetHints":{"allow":["GET"]}}],"collection":[{"href":"https:\/\/www.dehag.de\/dehag\/wp-json\/wp\/v2\/product"}],"about":[{"href":"https:\/\/www.dehag.de\/dehag\/wp-json\/wp\/v2\/types\/product"}],"wp:featuredmedia":[{"embeddable":true,"href":"https:\/\/www.dehag.de\/dehag\/wp-json\/wp\/v2\/media\/21065"}],"wp:attachment":[{"href":"https:\/\/www.dehag.de\/dehag\/wp-json\/wp\/v2\/media?parent=2171"}],"wp:term":[{"taxonomy":"product_brand","embeddable":true,"href":"https:\/\/www.dehag.de\/dehag\/wp-json\/wp\/v2\/product_brand?post=2171"},{"taxonomy":"product_cat","embeddable":true,"href":"https:\/\/www.dehag.de\/dehag\/wp-json\/wp\/v2\/product_cat?post=2171"},{"taxonomy":"product_tag","embeddable":true,"href":"https:\/\/www.dehag.de\/dehag\/wp-json\/wp\/v2\/product_tag?post=2171"}],"curies":[{"name":"wp","href":"https:\/\/api.w.org\/{rel}","templated":true}]}}