{"id":2468,"date":"2021-12-30T16:10:21","date_gmt":"2021-12-30T15:10:21","guid":{"rendered":"https:\/\/dehag.info\/dehag\/produkt\/aqua-trainer-b-lizenz-ausbildung\/"},"modified":"2025-12-17T10:22:48","modified_gmt":"2025-12-17T09:22:48","slug":"aqua-fitness-trainer-b-lizenz-ausbildung","status":"publish","type":"product","link":"https:\/\/www.dehag.de\/dehag\/produkt\/aqua-fitness-trainer-b-lizenz-ausbildung\/","title":{"rendered":"Aqua Fitness Trainer B-Lizenz Ausbildung"},"content":{"rendered":"<p>Wir vermitteln Dir ein komplettes methodisch-didaktisches Rahmenkonzept, mit dem Du in die Lage versetzt wirst eigene Kurse professionell anzuleiten. Dieses Rahmenkonzept stellt die Praxiskompetenz in den Mittelpunkt. Es beinhaltet u.a. die Auswirkungen der 4 physikalischen Eigenschaften des Wassers auf den menschlichen K\u00f6rper:<\/p>\n<p>Dichte<br \/>\nAuftrieb<br \/>\nTemperatur<br \/>\nDruck<br \/>\nWeiterhin:<\/p>\n<p>Die 8 Basisbewegungen (Grobform)<br \/>\nDie speziellen Hand- &#038; Fu\u00dfstellungen (Feinform)<br \/>\nDie Aqua Jogging Techniken und Fehlerkorrekturen<br \/>\nFlach- und Tiefwassertraining<br \/>\nAufbau einer Trainingsstunde: Planung, Organisation, Durchf\u00fchrung<br \/>\nGer\u00e4tekunde<br \/>\nTraining mit Musik f\u00fcr beste Motivation und als Instrument der Trainingssteuerung<br \/>\nBelastungssteuerung<br \/>\nWann ist Aqua Fitness ratsam? &#8211; Indikationen und Kontraindikationen<br \/>\nMarketing von Aqua Fitness Angeboten<br \/>\nTheoretische und praktische Pr\u00fcfung<br \/>\nDie drei zentralen Lernziele der DEHAG ACADEMY Aqua Fitness Trainer B-Lizenz Ausbildung<\/p>\n<p>Methodik: Entwicklung von funktionellen und gesundheitsf\u00f6rdernden \u00dcbungen im Flach- und Tiefwasser<br \/>\nTechnik und Training: wasserspezifische Demonstrationen und Belastungssteuerung<br \/>\nDidaktik: Vermittlungskompetenz, Kommunikation und Motivation<\/p>\n","protected":false},"excerpt":{"rendered":"<p>Die B-Lizenz ist die Voraussetzung daf\u00fcr, Aqua-Kurse geben zu d\u00fcrfen. Zuerst bereitest du dich mit Hilfe unseres Schulungsskripts und der zu erstellenden Hospitationsberichte auf die zweit\u00e4gige Pr\u00e4senzphase vor. Anschlie\u00dfend vertiefst und erweiterst du dein erworbenes Wissen zusammen mit den Experten der DEHAG ACADEMY bei der Schulung vor Ort.<\/p>\n","protected":false},"featured_media":14485,"template":"","meta":{"_et_pb_use_builder":"on","_et_pb_old_content":"Wir vermitteln Dir ein komplettes methodisch-didaktisches Rahmenkonzept, mit dem Du in die Lage versetzt wirst eigene Kurse professionell anzuleiten. Dieses Rahmenkonzept stellt die Praxiskompetenz in den Mittelpunkt. Es beinhaltet u.a. die Auswirkungen der 4 physikalischen Eigenschaften des Wassers auf den menschlichen K\u00f6rper:\r\n\r\n\r\nDichte\r\nAuftrieb\r\nTemperatur\r\nDruck\r\nWeiterhin:\r\n\r\n\r\nDie 8 Basisbewegungen (Grobform)\r\nDie speziellen Hand- & Fu\u00dfstellungen (Feinform)\r\nDie Aqua Jogging Techniken und Fehlerkorrekturen\r\nFlach- und Tiefwassertraining\r\nAufbau einer Trainingsstunde: Planung, Organisation, Durchf\u00fchrung\r\nGer\u00e4tekunde\r\nTraining mit Musik f\u00fcr beste Motivation und als Instrument der Trainingssteuerung\r\nBelastungssteuerung\r\nWann ist Aqua Fitness ratsam? - Indikationen und Kontraindikationen\r\nMarketing von Aqua Fitness Angeboten\r\nTheoretische und praktische Pr\u00fcfung\r\nDie drei zentralen Lernziele der DEHAG ACADEMY Aqua Fitness Trainer B-Lizenz Ausbildung\r\n\r\n\r\nMethodik: Entwicklung von funktionellen und gesundheitsf\u00f6rdernden \u00dcbungen im Flach- und Tiefwasser\r\nTechnik und Training: wasserspezifische Demonstrationen und Belastungssteuerung\r\nDidaktik: Vermittlungskompetenz, Kommunikation und Motivation","_et_gb_content_width":""},"product_brand":[],"product_cat":[57],"product_tag":[],"class_list":{"0":"post-2468","1":"product","2":"type-product","3":"status-publish","4":"has-post-thumbnail","6":"product_cat-ausbildungen","7":"product_shipping_class-standard","9":"first","10":"instock","11":"purchasable","12":"product-type-simple"},"acf":[],"_links":{"self":[{"href":"https:\/\/www.dehag.de\/dehag\/wp-json\/wp\/v2\/product\/2468","targetHints":{"allow":["GET"]}}],"collection":[{"href":"https:\/\/www.dehag.de\/dehag\/wp-json\/wp\/v2\/product"}],"about":[{"href":"https:\/\/www.dehag.de\/dehag\/wp-json\/wp\/v2\/types\/product"}],"wp:featuredmedia":[{"embeddable":true,"href":"https:\/\/www.dehag.de\/dehag\/wp-json\/wp\/v2\/media\/14485"}],"wp:attachment":[{"href":"https:\/\/www.dehag.de\/dehag\/wp-json\/wp\/v2\/media?parent=2468"}],"wp:term":[{"taxonomy":"product_brand","embeddable":true,"href":"https:\/\/www.dehag.de\/dehag\/wp-json\/wp\/v2\/product_brand?post=2468"},{"taxonomy":"product_cat","embeddable":true,"href":"https:\/\/www.dehag.de\/dehag\/wp-json\/wp\/v2\/product_cat?post=2468"},{"taxonomy":"product_tag","embeddable":true,"href":"https:\/\/www.dehag.de\/dehag\/wp-json\/wp\/v2\/product_tag?post=2468"}],"curies":[{"name":"wp","href":"https:\/\/api.w.org\/{rel}","templated":true}]}}