{"id":808,"date":"2021-11-27T06:18:14","date_gmt":"2021-11-27T05:18:14","guid":{"rendered":"https:\/\/dehag.info\/fitnesswelten\/versand__lieferung\/"},"modified":"2025-07-21T21:31:15","modified_gmt":"2025-07-21T19:31:15","slug":"versand__lieferung","status":"publish","type":"page","link":"https:\/\/www.dehag.de\/fitnesswelten\/versand__lieferung\/","title":{"rendered":"Versand &amp; Lieferung"},"content":{"rendered":"<p>[et_pb_section fb_built=&#8221;1&#8243; _builder_version=&#8221;4.16&#8243; global_colors_info=&#8221;{}&#8221;][et_pb_row _builder_version=&#8221;4.16&#8243; background_size=&#8221;initial&#8221; background_position=&#8221;top_left&#8221; background_repeat=&#8221;repeat&#8221; animation_style=&#8221;slide&#8221; locked=&#8221;off&#8221; global_colors_info=&#8221;{}&#8221;][et_pb_column type=&#8221;4_4&#8243; _builder_version=&#8221;4.16&#8243; custom_padding=&#8221;|||&#8221; global_colors_info=&#8221;{}&#8221; custom_padding__hover=&#8221;|||&#8221;][et_pb_text _builder_version=&#8221;4.27.4&#8243; background_size=&#8221;initial&#8221; background_position=&#8221;top_left&#8221; background_repeat=&#8221;repeat&#8221; hover_enabled=&#8221;0&#8243; global_colors_info=&#8221;{}&#8221; sticky_enabled=&#8221;0&#8243;]<\/p>\n<h1>Versand &amp; Lieferung<\/h1>\n<h2>Versandinformationen<\/h2>\n<p>Ein Versand der Ware ist standardm\u00e4\u00dfig nur in die unten aufgef\u00fchrten L\u00e4nder m\u00f6glich. Je nach Umfang Ihrer Bestellung erfolgt der Versand per DPD, UPS, DHL oder per Spedition. Die jeweils anfallenden Versandkosten k\u00f6nnen Sie der unten angegebenen Tabelle entnehmen.<\/p>\n<p>Sollten Sie den Versand in ein anderes Land w\u00fcnschen, dann schreiben Sie uns vor einer Bestellung und nennen Sie uns bitte den Artikel mit der Menge und der Lieferadresse mit dem Land und der entsprechenden Postleitzahl. Wir werden Ihnen kurzfristig mitteilen, ob wir auch in das gew\u00fcnschte Land versenden k\u00f6nnen und &#8211; sollte eine Lieferung an die gew\u00fcnschte Lieferadresse m\u00f6glich sein &#8211; die Versandkosten mitteilen, da wir die Versandm\u00f6glichkeit und die Kosten vorab bei unserem Versandpartner erfragen m\u00fcssen.<\/p>\n<h3>I. Versand innerhalb Deutschlands:<\/h3>\n<p>Gewichtsabh\u00e4ngiger Versand: Unsere Versandkosten sind gewichtsabh\u00e4ngig.<\/p>\n<ul>\n<li>Pakete bis 2 kg: \u20ac 6,19<\/li>\n<li>Pakete bis 5 kg: \u20ac 7,69<\/li>\n<li>Pakete bis 10 kg: \u20ac 10,49<\/li>\n<li>Pakete bis 20 kg: \u20ac 18.99<\/li>\n<li>Pakete bis 30 kg: \u20ac 23,99<\/li>\n<li>Pakete bis 50 kg: \u20ac 50,00<\/li>\n<li>Pakete \u00fcber 50 kg: \u20ac 100,00<\/li>\n<\/ul>\n<p>Sperrgut-Zuschlag: Bei \u00dcberschreiten des normalen Gurtma\u00dfes entsteht ein Sperrgutzuschlag. Sollte dies der Fall sein, informieren wir Sie dazu. Der Sperrgutzuschlag wird separat und nachtr\u00e4glich berechnet.<\/p>\n<h3>II. Versand au\u00dferhalb Deutschlands<\/h3>\n<p>Bitte anfragen.<\/p>\n<p>[\/et_pb_text][\/et_pb_column][\/et_pb_row][\/et_pb_section]<\/p>\n","protected":false},"excerpt":{"rendered":"<p>Versand &amp; Lieferung Versandinformationen Ein Versand der Ware ist standardm\u00e4\u00dfig nur in die unten aufgef\u00fchrten L\u00e4nder m\u00f6glich. Je nach Umfang Ihrer Bestellung erfolgt der Versand per DPD, UPS, DHL oder per Spedition. Die jeweils anfallenden Versandkosten k\u00f6nnen Sie der unten angegebenen Tabelle entnehmen. Sollten Sie den Versand in ein anderes Land w\u00fcnschen, dann schreiben Sie [&hellip;]<\/p>\n","protected":false},"author":1,"featured_media":0,"parent":0,"menu_order":7,"comment_status":"closed","ping_status":"closed","template":"","meta":{"_et_pb_use_builder":"on","_et_pb_old_content":"<strong>Haftungshinweis: Das nachstehende Muster ist von einem Rechtsanwalt (<a href=\"https:\/\/drschwenke.de\" rel=\"nofollow\">https:\/\/drschwenke.de<\/a>) entsprechend den typischen Anforderungen eines Onlineshops erstellt worden.&nbsp;Jedoch sollten Sie das Muster nur&nbsp;nach sorgf\u00e4ltiger Pr\u00fcfung und Anpassung auf Ihr konkretes Gesch\u00e4ftsmodell verwenden. Das nachfolgende Muster enth\u00e4lt daher zus\u00e4tzliche Hinweise, die Sie beachten m\u00fcssen und rote Passagen, die Sie besonders pr\u00fcfen und ggf. anpassen m\u00fcssen. Bitte entfernen Sie die Hinweise nach der Bearbeitung. Lassen Sie sich im Zweifel rechtlich beraten. Urheberrecht: Sie d\u00fcrfen das Muster solange innerhalb der Domain\/Website nutzen, solange f\u00fcr diese auch Ihre Marketpress-Lizenz gilt. Weitergabe an Dritte, auch an Kunden (z.B. als Entwickler) ist nicht erlaubt.<\/strong>\n\n<strong>Bitte beachten Sie, dass die Versandkosten oder zumindest die Berechnungsmethoden (z.B. nach Gewicht) f\u00fcr alle belieferten L\u00e4nder angegeben werden sollen.<\/strong>\n\n<strong>Wenn Sie nur in bestimmte L\u00e4nder liefern, m\u00fcssen Sie dies den Kunden mitteilen. Zudem sollten Sie in den Einstellungen von WooCommerce nur diese L\u00e4nder als \"Erlaubte L\u00e4nder\" ausw\u00e4hlen. Klauseln wie \"Versandkosten in andere L\u00e4nder nur auf Anfrage\" sollten Sie nicht verwenden.<\/strong>\n\n<strong>Preise, Versandkosten und Lieferinformationen<\/strong>\n\nDie auf den Produktseiten genannten Preise enthalten die gesetzliche Mehrwertsteuer und sonstige Preisbestandteile.\n\nWir liefern nur innerhalb Deutschlands und \u00d6sterreichs.\n\nZus\u00e4tzlich zu den angegebenen Preisen berechnen wir f\u00fcr die Lieferung innerhalb Deutschlands und \u00d6sterreichs pauschal [6,90 Euro pro Bestellung]. Die Versandkosten werden Ihnen im Warenkorbsystem und auf der Bestellseite nochmals deutlich mitgeteilt.\n\nBei Zahlung per Nachnahme wird eine zus\u00e4tzliche Geb\u00fchr in H\u00f6he von [2,- Euro] f\u00e4llig, die der Zusteller vor Ort erhebt. [Weitere Steuern oder Kosten fallen nicht an.]\n\nF\u00fcr digitale Inhalte (E-Books, Software, etc.) fallen keine Versandkosten an.\n\n<strong>[Hinweis an H\u00e4ndler: Der folgende Passus ist notwendig, wenn Sie eine Versandkostenpauschale angeben. Ansonsten k\u00f6nnen sie den Passus entfernen]<\/strong>\n\nDie Versandkostenpauschale betr\u00e4gt [Wert Versandkostenpauschale angeben] Euro. Die Versandkostenpauschale enth\u00e4lt die gesetzliche Mehrwertsteuer. Da die Mehrwertsteuer auf die Versandkostenpauschale abh\u00e4ngig von den erworbenen Waren berechnet wird, kann sie sich mindern, wenn Waren zu niedrigeren Umsatzsteuers\u00e4tzen erworben werden (z.B. bei Erwerb von B\u00fcchern). Das bedeutet, dass die Versandkostenpauschale erst im Rahmen des Bestellprozesses endg\u00fcltig berechnet werden kann. Sie kann dabei jedoch nicht h\u00f6her, sondern nur zu Ihren Gunsten niedriger werden.","_et_gb_content_width":"1080","footnotes":""},"class_list":["post-808","page","type-page","status-publish","hentry"],"acf":[],"_links":{"self":[{"href":"https:\/\/www.dehag.de\/fitnesswelten\/wp-json\/wp\/v2\/pages\/808","targetHints":{"allow":["GET"]}}],"collection":[{"href":"https:\/\/www.dehag.de\/fitnesswelten\/wp-json\/wp\/v2\/pages"}],"about":[{"href":"https:\/\/www.dehag.de\/fitnesswelten\/wp-json\/wp\/v2\/types\/page"}],"author":[{"embeddable":true,"href":"https:\/\/www.dehag.de\/fitnesswelten\/wp-json\/wp\/v2\/users\/1"}],"replies":[{"embeddable":true,"href":"https:\/\/www.dehag.de\/fitnesswelten\/wp-json\/wp\/v2\/comments?post=808"}],"version-history":[{"count":2,"href":"https:\/\/www.dehag.de\/fitnesswelten\/wp-json\/wp\/v2\/pages\/808\/revisions"}],"predecessor-version":[{"id":4220,"href":"https:\/\/www.dehag.de\/fitnesswelten\/wp-json\/wp\/v2\/pages\/808\/revisions\/4220"}],"wp:attachment":[{"href":"https:\/\/www.dehag.de\/fitnesswelten\/wp-json\/wp\/v2\/media?parent=808"}],"curies":[{"name":"wp","href":"https:\/\/api.w.org\/{rel}","templated":true}]}}