{"id":1132,"date":"2019-12-23T11:16:42","date_gmt":"2019-12-23T10:16:42","guid":{"rendered":"https:\/\/dehag.info\/fitnesswelten\/produkt\/rubberband-gelb-leicht\/"},"modified":"2025-09-20T04:25:40","modified_gmt":"2025-09-20T02:25:40","slug":"dittmann-rubberband-gelb-leicht","status":"publish","type":"product","link":"https:\/\/www.dehag.de\/fitnesswelten\/produkt\/dittmann-rubberband-gelb-leicht\/","title":{"rendered":"DITTMANN Rubberband &#8211; gelb &#8211; leicht"},"content":{"rendered":"<p>Das Dittmann &#8211; Rubber Band\u00ae ist ideal f\u00fcr kleine Zug\u00fcbungen f\u00fcr Arme, Beine und Po.<br \/>\nDie passende Erg\u00e4nzung zum Body-Tube als geschlossenner Schlauchbandtube zum idividuellen Intensivtraining.<br \/>\nG\u00fcnstiges Widerstandsger\u00e4t, geeignet f\u00fcr dynamische und isometrische Kraft\u00fcbungen.<br \/>\nDas Rubber Band\u00ae ist ein flaches, geschlossenes Gummiband. Hervorragend f\u00fcr Kraft\u00fcbungen, ideal f\u00fcr Stretching, Floorwork und Bauch, Beine, Po &#8211; und es kann \u00fcberall dabei sein!!<br \/>\nDie Alternative zum Thera-Band oder Deuserband.<br \/>\nDas Dittmann &#8211; Rubber-Band\u00ae<br \/>\nLieferumfang: 1 St\u00fcck nach Wahl<br \/>\nIdeal f\u00fcr kleine Zug\u00fcbungen f\u00fcr Arme, Beine und Po<br \/>\nPassende Erg\u00e4nzung zum Body-Tube<br \/>\nUnterst\u00fctzung beim Krafttraining<br \/>\nSt\u00e4rken: leicht (gelb), mittel (rot), gr\u00fcn (stark)<\/p>\n","protected":false},"excerpt":{"rendered":"<p>Marke: DITTMANN<br \/>\nDas Dittmann &#8211; Rubber Band\u00ae ist ideal f\u00fcr kleine Fitness\u00fcbungen.<\/p>\n","protected":false},"featured_media":3577,"template":"","meta":{"_et_pb_use_builder":"","_et_pb_old_content":"","_et_gb_content_width":""},"product_brand":[],"product_cat":[84],"product_tag":[],"class_list":{"0":"post-1132","1":"product","2":"type-product","3":"status-publish","4":"has-post-thumbnail","6":"product_cat-cardio-und-krafttrainingsgeraete","7":"product_shipping_class-dhl","9":"first","10":"instock","11":"taxable","12":"shipping-taxable","13":"purchasable","14":"product-type-simple"},"acf":[],"_links":{"self":[{"href":"https:\/\/www.dehag.de\/fitnesswelten\/wp-json\/wp\/v2\/product\/1132","targetHints":{"allow":["GET"]}}],"collection":[{"href":"https:\/\/www.dehag.de\/fitnesswelten\/wp-json\/wp\/v2\/product"}],"about":[{"href":"https:\/\/www.dehag.de\/fitnesswelten\/wp-json\/wp\/v2\/types\/product"}],"wp:featuredmedia":[{"embeddable":true,"href":"https:\/\/www.dehag.de\/fitnesswelten\/wp-json\/wp\/v2\/media\/3577"}],"wp:attachment":[{"href":"https:\/\/www.dehag.de\/fitnesswelten\/wp-json\/wp\/v2\/media?parent=1132"}],"wp:term":[{"taxonomy":"product_brand","embeddable":true,"href":"https:\/\/www.dehag.de\/fitnesswelten\/wp-json\/wp\/v2\/product_brand?post=1132"},{"taxonomy":"product_cat","embeddable":true,"href":"https:\/\/www.dehag.de\/fitnesswelten\/wp-json\/wp\/v2\/product_cat?post=1132"},{"taxonomy":"product_tag","embeddable":true,"href":"https:\/\/www.dehag.de\/fitnesswelten\/wp-json\/wp\/v2\/product_tag?post=1132"}],"curies":[{"name":"wp","href":"https:\/\/api.w.org\/{rel}","templated":true}]}}