{"id":1138,"date":"2019-12-23T17:22:56","date_gmt":"2019-12-23T16:22:56","guid":{"rendered":"https:\/\/dehag.info\/fitnesswelten\/produkt\/zoggs-nose-clips\/"},"modified":"2025-09-26T15:38:52","modified_gmt":"2025-09-26T13:38:52","slug":"zoggs-nose-clips","status":"publish","type":"product","link":"https:\/\/www.dehag.de\/fitnesswelten\/produkt\/zoggs-nose-clips\/","title":{"rendered":"Zoggs Nose Clips"},"content":{"rendered":"","protected":false},"excerpt":{"rendered":"<p>Leichter, sich gut anpassender Plastikrahmen<br \/>\nSuper-bequeme Polster aus 100 % Silikon<br \/>\nUniversalgr\u00f6\u00dfe<br \/>\nIm praktischen Trageetui<br \/>\nFarbe wird nach Verf\u00fcgbarkeit geliefert<br \/>\nLieferzeiten: 2-5 Tage<br \/>\n&#8211; gilt f\u00fcr Lieferungen innerhalb Deutschlands, Lieferzeiten f\u00fcr andere L\u00e4nder entnehmen Sie bitte der Schaltfl\u00e4che mit den Versandinformationen<\/p>\n","protected":false},"featured_media":3275,"template":"","meta":{"_et_pb_use_builder":"","_et_pb_old_content":"","_et_gb_content_width":""},"product_brand":[],"product_cat":[94],"product_tag":[],"class_list":{"0":"post-1138","1":"product","2":"type-product","3":"status-publish","4":"has-post-thumbnail","6":"product_cat-zubehoer","7":"product_shipping_class-dhl","9":"first","10":"instock","11":"taxable","12":"shipping-taxable","13":"purchasable","14":"product-type-simple"},"acf":[],"_links":{"self":[{"href":"https:\/\/www.dehag.de\/fitnesswelten\/wp-json\/wp\/v2\/product\/1138","targetHints":{"allow":["GET"]}}],"collection":[{"href":"https:\/\/www.dehag.de\/fitnesswelten\/wp-json\/wp\/v2\/product"}],"about":[{"href":"https:\/\/www.dehag.de\/fitnesswelten\/wp-json\/wp\/v2\/types\/product"}],"wp:featuredmedia":[{"embeddable":true,"href":"https:\/\/www.dehag.de\/fitnesswelten\/wp-json\/wp\/v2\/media\/3275"}],"wp:attachment":[{"href":"https:\/\/www.dehag.de\/fitnesswelten\/wp-json\/wp\/v2\/media?parent=1138"}],"wp:term":[{"taxonomy":"product_brand","embeddable":true,"href":"https:\/\/www.dehag.de\/fitnesswelten\/wp-json\/wp\/v2\/product_brand?post=1138"},{"taxonomy":"product_cat","embeddable":true,"href":"https:\/\/www.dehag.de\/fitnesswelten\/wp-json\/wp\/v2\/product_cat?post=1138"},{"taxonomy":"product_tag","embeddable":true,"href":"https:\/\/www.dehag.de\/fitnesswelten\/wp-json\/wp\/v2\/product_tag?post=1138"}],"curies":[{"name":"wp","href":"https:\/\/api.w.org\/{rel}","templated":true}]}}