{"id":1147,"date":"2019-12-23T18:13:01","date_gmt":"2019-12-23T17:13:01","guid":{"rendered":"https:\/\/dehag.info\/fitnesswelten\/produkt\/schwimmbrett-kick-board-gross-farbebunt-ohne-griffen\/"},"modified":"2025-04-08T20:55:35","modified_gmt":"2025-04-08T18:55:35","slug":"kick-schwimmbrett-regenbogen","status":"publish","type":"product","link":"https:\/\/www.dehag.de\/fitnesswelten\/produkt\/kick-schwimmbrett-regenbogen\/","title":{"rendered":"Kick Schwimmbrett Regenbogen"},"content":{"rendered":"<p>Das Schwimmbrett ist seit ewigen Zeiten eine unverzichtbare Schwimmhilfe zum Lernen und zum Trainieren, sowohl f\u00fcr Beginner als auch f\u00fcr Profis. Es hilft auch bei der Koordination der Beine beim Schwimmen und kann dar\u00fcberhinaus als Spielger\u00e4t als auch f\u00fcr Wellnessanwendungen genutzt werden.<\/p>\n<p>Hergestellt aus hochwertigem Schaumstoff mit Luftkammern.<\/p>\n","protected":false},"excerpt":{"rendered":"<p>Marke: Comfy<\/p>\n<p>Hauptfunktion: Schwimmhilfe<br \/>\nMa\u00dfe: 48 x 30 x 3 cm<br \/>\nMaterial; PE-Schaumstoff<\/p>\n<p>Lieferzeiten: 2-5 Tage<\/p>\n<p>&#8211; gilt f\u00fcr Lieferungen innerhalb Deutschlands, Lieferzeiten f\u00fcr andere L\u00e4nder entnehmen Sie bitte der Schaltfl\u00e4che mit den Versandinformationen<\/p>\n","protected":false},"featured_media":3286,"template":"","meta":{"_et_pb_use_builder":"","_et_pb_old_content":"","_et_gb_content_width":""},"product_brand":[],"product_cat":[93],"product_tag":[],"class_list":{"0":"post-1147","1":"product","2":"type-product","3":"status-publish","4":"has-post-thumbnail","6":"product_cat-kleingeraete-aqua-fitness","7":"product_shipping_class-dhl","9":"first","10":"instock","11":"taxable","12":"shipping-taxable","13":"purchasable","14":"product-type-simple"},"acf":[],"_links":{"self":[{"href":"https:\/\/www.dehag.de\/fitnesswelten\/wp-json\/wp\/v2\/product\/1147","targetHints":{"allow":["GET"]}}],"collection":[{"href":"https:\/\/www.dehag.de\/fitnesswelten\/wp-json\/wp\/v2\/product"}],"about":[{"href":"https:\/\/www.dehag.de\/fitnesswelten\/wp-json\/wp\/v2\/types\/product"}],"wp:featuredmedia":[{"embeddable":true,"href":"https:\/\/www.dehag.de\/fitnesswelten\/wp-json\/wp\/v2\/media\/3286"}],"wp:attachment":[{"href":"https:\/\/www.dehag.de\/fitnesswelten\/wp-json\/wp\/v2\/media?parent=1147"}],"wp:term":[{"taxonomy":"product_brand","embeddable":true,"href":"https:\/\/www.dehag.de\/fitnesswelten\/wp-json\/wp\/v2\/product_brand?post=1147"},{"taxonomy":"product_cat","embeddable":true,"href":"https:\/\/www.dehag.de\/fitnesswelten\/wp-json\/wp\/v2\/product_cat?post=1147"},{"taxonomy":"product_tag","embeddable":true,"href":"https:\/\/www.dehag.de\/fitnesswelten\/wp-json\/wp\/v2\/product_tag?post=1147"}],"curies":[{"name":"wp","href":"https:\/\/api.w.org\/{rel}","templated":true}]}}