{"id":1150,"date":"2019-12-27T09:22:32","date_gmt":"2019-12-27T08:22:32","guid":{"rendered":"https:\/\/dehag.info\/fitnesswelten\/produkt\/rucanor-schwimmguertel-blau-weiss\/"},"modified":"2025-08-12T15:42:45","modified_gmt":"2025-08-12T13:42:45","slug":"rucanor-schwimmguertel-blau-weiss","status":"publish","type":"product","link":"https:\/\/www.dehag.de\/fitnesswelten\/produkt\/rucanor-schwimmguertel-blau-weiss\/","title":{"rendered":"Rucanor Schwimmg\u00fcrtel blau\/wei\u00df"},"content":{"rendered":"<p>Schwimmg\u00fcrtel<br \/>\nSwim Belt<br \/>\nSchwimmhilfe<br \/>\nEinheitsgr\u00f6\u00dfe<\/p>\n<p>Lieferzeiten: 2-5 Tage<\/p>\n<p>&#8211; gilt f\u00fcr Lieferungen innerhalb Deutschlands, Lieferzeiten f\u00fcr andere L\u00e4nder entnehmen Sie bitte der Schaltfl\u00e4che mit den Versandinformationen<\/p>\n","protected":false},"excerpt":{"rendered":"<p>Der Schwimmg\u00fcrtel der Marke Rucanor ist gr\u00f6\u00dfenverstellbar und sitzt somit sicher und gut.<\/p>\n","protected":false},"featured_media":3585,"template":"","meta":{"_et_pb_use_builder":"","_et_pb_old_content":"","_et_gb_content_width":""},"product_brand":[],"product_cat":[95],"product_tag":[],"class_list":{"0":"post-1150","1":"product","2":"type-product","3":"status-publish","4":"has-post-thumbnail","6":"product_cat-aqua-jogging-guertel-aqua-fitness","7":"product_shipping_class-dhl","9":"first","10":"instock","11":"taxable","12":"shipping-taxable","13":"purchasable","14":"product-type-simple"},"acf":[],"_links":{"self":[{"href":"https:\/\/www.dehag.de\/fitnesswelten\/wp-json\/wp\/v2\/product\/1150","targetHints":{"allow":["GET"]}}],"collection":[{"href":"https:\/\/www.dehag.de\/fitnesswelten\/wp-json\/wp\/v2\/product"}],"about":[{"href":"https:\/\/www.dehag.de\/fitnesswelten\/wp-json\/wp\/v2\/types\/product"}],"wp:featuredmedia":[{"embeddable":true,"href":"https:\/\/www.dehag.de\/fitnesswelten\/wp-json\/wp\/v2\/media\/3585"}],"wp:attachment":[{"href":"https:\/\/www.dehag.de\/fitnesswelten\/wp-json\/wp\/v2\/media?parent=1150"}],"wp:term":[{"taxonomy":"product_brand","embeddable":true,"href":"https:\/\/www.dehag.de\/fitnesswelten\/wp-json\/wp\/v2\/product_brand?post=1150"},{"taxonomy":"product_cat","embeddable":true,"href":"https:\/\/www.dehag.de\/fitnesswelten\/wp-json\/wp\/v2\/product_cat?post=1150"},{"taxonomy":"product_tag","embeddable":true,"href":"https:\/\/www.dehag.de\/fitnesswelten\/wp-json\/wp\/v2\/product_tag?post=1150"}],"curies":[{"name":"wp","href":"https:\/\/api.w.org\/{rel}","templated":true}]}}