{"id":1161,"date":"2019-12-27T14:43:48","date_gmt":"2019-12-27T13:43:48","guid":{"rendered":"https:\/\/dehag.info\/fitnesswelten\/produkt\/comfy-poolnudel-verbinder-2-locheinfach-2-loch\/"},"modified":"2025-08-11T15:21:33","modified_gmt":"2025-08-11T13:21:33","slug":"comfy-poolnudel-verbinder-einfach-2-loch","status":"publish","type":"product","link":"https:\/\/www.dehag.de\/fitnesswelten\/produkt\/comfy-poolnudel-verbinder-einfach-2-loch\/","title":{"rendered":"COMFY Poolnudel Verbinder (einfach\/ 2-Loch)"},"content":{"rendered":"","protected":false},"excerpt":{"rendered":"<p>Die Verbinder f\u00fcr die Aqua-Poolnudel er\u00f6ffnen zahlreiche neue \u00dcbungsm\u00f6glichkeiten. Sie sind erh\u00e4ltlich als 2 Loch, 4 Loch oder als 6 Loch Verbinder und bestehen aus hochwertigem FCKW freiem PE-Schaum.<\/p>\n<p>Lieferzeiten: 2-5 Tage<\/p>\n<p>&#8211; gilt f\u00fcr Lieferungen innerhalb Deutschlands, Lieferzeiten f\u00fcr andere L\u00e4nder entnehmen Sie bitte der Schaltfl\u00e4che mit den Versandinformationen<\/p>\n","protected":false},"featured_media":3597,"template":"","meta":{"_et_pb_use_builder":"","_et_pb_old_content":"","_et_gb_content_width":""},"product_brand":[],"product_cat":[89],"product_tag":[],"class_list":{"0":"post-1161","1":"product","2":"type-product","3":"status-publish","4":"has-post-thumbnail","6":"product_cat-poolnudel-co","7":"product_shipping_class-dhl","9":"first","10":"instock","11":"taxable","12":"shipping-taxable","13":"purchasable","14":"product-type-simple"},"acf":[],"_links":{"self":[{"href":"https:\/\/www.dehag.de\/fitnesswelten\/wp-json\/wp\/v2\/product\/1161","targetHints":{"allow":["GET"]}}],"collection":[{"href":"https:\/\/www.dehag.de\/fitnesswelten\/wp-json\/wp\/v2\/product"}],"about":[{"href":"https:\/\/www.dehag.de\/fitnesswelten\/wp-json\/wp\/v2\/types\/product"}],"wp:featuredmedia":[{"embeddable":true,"href":"https:\/\/www.dehag.de\/fitnesswelten\/wp-json\/wp\/v2\/media\/3597"}],"wp:attachment":[{"href":"https:\/\/www.dehag.de\/fitnesswelten\/wp-json\/wp\/v2\/media?parent=1161"}],"wp:term":[{"taxonomy":"product_brand","embeddable":true,"href":"https:\/\/www.dehag.de\/fitnesswelten\/wp-json\/wp\/v2\/product_brand?post=1161"},{"taxonomy":"product_cat","embeddable":true,"href":"https:\/\/www.dehag.de\/fitnesswelten\/wp-json\/wp\/v2\/product_cat?post=1161"},{"taxonomy":"product_tag","embeddable":true,"href":"https:\/\/www.dehag.de\/fitnesswelten\/wp-json\/wp\/v2\/product_tag?post=1161"}],"curies":[{"name":"wp","href":"https:\/\/api.w.org\/{rel}","templated":true}]}}