{"id":1162,"date":"2019-12-27T15:05:06","date_gmt":"2019-12-27T14:05:06","guid":{"rendered":"https:\/\/dehag.info\/fitnesswelten\/produkt\/superbands-premium-schwarz-leicht\/"},"modified":"2025-04-08T20:56:33","modified_gmt":"2025-04-08T18:56:33","slug":"dittmann-superbands-premium-schwarz-leicht","status":"publish","type":"product","link":"https:\/\/www.dehag.de\/fitnesswelten\/produkt\/dittmann-superbands-premium-schwarz-leicht\/","title":{"rendered":"DITTMANN Superbands &#8211; Premium &#8211; schwarz &#8211; leicht"},"content":{"rendered":"","protected":false},"excerpt":{"rendered":"<p>Marke: DITTMANN<\/p>\n<p>Anwendung Supberband<br \/>\nDas Superband eignet sich bestens f\u00fcr Dehnung, Muskelkr\u00e4ftigung und zur Unterst\u00fctzung<br \/>\nbei diversen anderen Fitness\u00fcbungen z. B. als Zugunterst\u00fctzung beim Klimmzugtraining<\/p>\n<p>&#8211; Obere R\u00fcckenmuskulatur<br \/>\n&#8211; Oberschenkel- und H\u00fcftmuskulatur<br \/>\n&#8211; R\u00fccken- und Ges\u00e4ssmuskulatur<br \/>\n&#8211; Bein- und Ges\u00e4ssmuskulatur<br \/>\n&#8211; Schulter- und R\u00fcckenmuskulatur<br \/>\n&#8211; Bauchmuskulatur<\/p>\n<p>Material<br \/>\nNaturkautschuk<\/p>\n<p>Farbe<br \/>\n1x Superband schwarz<\/p>\n<p>Superband, schwarz, leicht<\/p>\n<p>Testresultate<br \/>\n25% &#8211; 5,58kg<br \/>\n50% &#8211; 8,53kg<br \/>\n100% &#8211; 12,55kg<br \/>\n150% &#8211; 15,85kg<br \/>\n200% &#8211; 19,28kg<\/p>\n<p>Gr\u00f6\u00dfe: ca 104 x 1,0 x 0,45cm<br \/>\nGewicht Superband: 171g<\/p>\n","protected":false},"featured_media":3382,"template":"","meta":{"_et_pb_use_builder":"","_et_pb_old_content":"","_et_gb_content_width":""},"product_brand":[],"product_cat":[84],"product_tag":[],"class_list":{"0":"post-1162","1":"product","2":"type-product","3":"status-publish","4":"has-post-thumbnail","6":"product_cat-cardio-und-krafttrainingsgeraete","7":"product_shipping_class-dhl","9":"first","10":"instock","11":"taxable","12":"shipping-taxable","13":"purchasable","14":"product-type-simple"},"acf":[],"_links":{"self":[{"href":"https:\/\/www.dehag.de\/fitnesswelten\/wp-json\/wp\/v2\/product\/1162","targetHints":{"allow":["GET"]}}],"collection":[{"href":"https:\/\/www.dehag.de\/fitnesswelten\/wp-json\/wp\/v2\/product"}],"about":[{"href":"https:\/\/www.dehag.de\/fitnesswelten\/wp-json\/wp\/v2\/types\/product"}],"wp:featuredmedia":[{"embeddable":true,"href":"https:\/\/www.dehag.de\/fitnesswelten\/wp-json\/wp\/v2\/media\/3382"}],"wp:attachment":[{"href":"https:\/\/www.dehag.de\/fitnesswelten\/wp-json\/wp\/v2\/media?parent=1162"}],"wp:term":[{"taxonomy":"product_brand","embeddable":true,"href":"https:\/\/www.dehag.de\/fitnesswelten\/wp-json\/wp\/v2\/product_brand?post=1162"},{"taxonomy":"product_cat","embeddable":true,"href":"https:\/\/www.dehag.de\/fitnesswelten\/wp-json\/wp\/v2\/product_cat?post=1162"},{"taxonomy":"product_tag","embeddable":true,"href":"https:\/\/www.dehag.de\/fitnesswelten\/wp-json\/wp\/v2\/product_tag?post=1162"}],"curies":[{"name":"wp","href":"https:\/\/api.w.org\/{rel}","templated":true}]}}