{"id":1165,"date":"2019-12-27T17:08:17","date_gmt":"2019-12-27T16:08:17","guid":{"rendered":"https:\/\/dehag.info\/fitnesswelten\/produkt\/dehag-micro-belt-mikrofon-bauchgurt\/"},"modified":"2026-02-19T12:58:07","modified_gmt":"2026-02-19T11:58:07","slug":"micro-belt-mikrofon-bauchgurt","status":"publish","type":"product","link":"https:\/\/www.dehag.de\/fitnesswelten\/produkt\/micro-belt-mikrofon-bauchgurt\/","title":{"rendered":"Micro Belt Mikrofon Bauchgurt"},"content":{"rendered":"<p>Wir freuen uns Ihnen den brillianten DEHAG Funk Mikrofon Bauch-G\u00fcrtel f\u00fcr Mikrofonsender pr\u00e4sentieren zu d\u00fcrfen.<\/p>\n<p>Als Trainerin oder Trainer suchen Sie zuverl\u00e4ssiges Equipment, das Sie durch das gesamte Training begleitet.<br \/>\nDie Bauchtasche passt in jede sportliche Lage, ganz gleich ob Sie bei einer \u00dcbung springen oder tanzen.<br \/>\nDer Sender bleibt da, wo er bleiben soll, dank einer Verschlusslasche mit Klettverschluss.<br \/>\nIntuitives Handling mit verstellbarer Schnalle und ist prima f\u00fcr das Ablegen von Schl\u00fcsseln geeignet..<\/p>\n","protected":false},"excerpt":{"rendered":"<p>Marke: DEHAG<\/p>\n<p>-Hauptfunktion: Praktischer G\u00fcrtel f\u00fcr das Verstauen von Sendern f\u00fcr Funkmikrofone.<br \/>\n-Material: Neopren und Klettverschluss<br \/>\n-Farbe: schwarz mit unserem blauen DEHAG-Logo<br \/>\n-Bauchumfang: 120 cm<\/p>\n<p>Lieferzeiten: 2-5 Tage<br \/>\n&#8211; gilt f\u00fcr Lieferungen innerhalb Deutschlands, Lieferzeiten f\u00fcr andere L\u00e4nder entnehmen Sie bitte der Schaltfl\u00e4che mit den Versandinformationen<\/p>\n","protected":false},"featured_media":3296,"template":"","meta":{"_et_pb_use_builder":"","_et_pb_old_content":"","_et_gb_content_width":""},"product_brand":[],"product_cat":[92],"product_tag":[],"class_list":{"0":"post-1165","1":"product","2":"type-product","3":"status-publish","4":"has-post-thumbnail","6":"product_cat-trainerbekleidung","7":"product_shipping_class-dhl","9":"first","10":"instock","11":"taxable","12":"shipping-taxable","13":"purchasable","14":"product-type-simple"},"acf":[],"_links":{"self":[{"href":"https:\/\/www.dehag.de\/fitnesswelten\/wp-json\/wp\/v2\/product\/1165","targetHints":{"allow":["GET"]}}],"collection":[{"href":"https:\/\/www.dehag.de\/fitnesswelten\/wp-json\/wp\/v2\/product"}],"about":[{"href":"https:\/\/www.dehag.de\/fitnesswelten\/wp-json\/wp\/v2\/types\/product"}],"wp:featuredmedia":[{"embeddable":true,"href":"https:\/\/www.dehag.de\/fitnesswelten\/wp-json\/wp\/v2\/media\/3296"}],"wp:attachment":[{"href":"https:\/\/www.dehag.de\/fitnesswelten\/wp-json\/wp\/v2\/media?parent=1165"}],"wp:term":[{"taxonomy":"product_brand","embeddable":true,"href":"https:\/\/www.dehag.de\/fitnesswelten\/wp-json\/wp\/v2\/product_brand?post=1165"},{"taxonomy":"product_cat","embeddable":true,"href":"https:\/\/www.dehag.de\/fitnesswelten\/wp-json\/wp\/v2\/product_cat?post=1165"},{"taxonomy":"product_tag","embeddable":true,"href":"https:\/\/www.dehag.de\/fitnesswelten\/wp-json\/wp\/v2\/product_tag?post=1165"}],"curies":[{"name":"wp","href":"https:\/\/api.w.org\/{rel}","templated":true}]}}