{"id":1177,"date":"2019-12-29T18:12:09","date_gmt":"2019-12-29T17:12:09","guid":{"rendered":"https:\/\/dehag.info\/fitnesswelten\/produkt\/dehag-micro-belt-mikrofon-oberarmgurt\/"},"modified":"2026-03-12T15:26:34","modified_gmt":"2026-03-12T14:26:34","slug":"micro-belt-mikrofon-oberarmgurt","status":"publish","type":"product","link":"https:\/\/www.dehag.de\/fitnesswelten\/produkt\/micro-belt-mikrofon-oberarmgurt\/","title":{"rendered":"Micro Belt Mikrofon Oberarmgurt"},"content":{"rendered":"","protected":false},"excerpt":{"rendered":"<p>Marke: DEHAG<\/p>\n<p>-Hauptfunktion: Praktische Oberarmtasche f\u00fcr das Verstauen von Sendern f\u00fcr Funkmikrofone.<br \/>\n-Material: Neopren<br \/>\n-Farbe: schwarz mit unserem blauen DEHAG Logo<\/p>\n<p>Lieferzeiten: 2-5 Tage<br \/>\n&#8211; gilt f\u00fcr Lieferungen innerhalb Deutschlands, Lieferzeiten f\u00fcr andere L\u00e4nder entnehmen Sie bitte der Schaltfl\u00e4che mit den Versandinformationen<\/p>\n","protected":false},"featured_media":3299,"template":"","meta":{"_et_pb_use_builder":"","_et_pb_old_content":"","_et_gb_content_width":""},"product_brand":[],"product_cat":[92],"product_tag":[],"class_list":{"0":"post-1177","1":"product","2":"type-product","3":"status-publish","4":"has-post-thumbnail","6":"product_cat-trainerbekleidung","7":"product_shipping_class-dhl","9":"first","10":"instock","11":"taxable","12":"shipping-taxable","13":"purchasable","14":"product-type-simple"},"acf":[],"_links":{"self":[{"href":"https:\/\/www.dehag.de\/fitnesswelten\/wp-json\/wp\/v2\/product\/1177","targetHints":{"allow":["GET"]}}],"collection":[{"href":"https:\/\/www.dehag.de\/fitnesswelten\/wp-json\/wp\/v2\/product"}],"about":[{"href":"https:\/\/www.dehag.de\/fitnesswelten\/wp-json\/wp\/v2\/types\/product"}],"wp:featuredmedia":[{"embeddable":true,"href":"https:\/\/www.dehag.de\/fitnesswelten\/wp-json\/wp\/v2\/media\/3299"}],"wp:attachment":[{"href":"https:\/\/www.dehag.de\/fitnesswelten\/wp-json\/wp\/v2\/media?parent=1177"}],"wp:term":[{"taxonomy":"product_brand","embeddable":true,"href":"https:\/\/www.dehag.de\/fitnesswelten\/wp-json\/wp\/v2\/product_brand?post=1177"},{"taxonomy":"product_cat","embeddable":true,"href":"https:\/\/www.dehag.de\/fitnesswelten\/wp-json\/wp\/v2\/product_cat?post=1177"},{"taxonomy":"product_tag","embeddable":true,"href":"https:\/\/www.dehag.de\/fitnesswelten\/wp-json\/wp\/v2\/product_tag?post=1177"}],"curies":[{"name":"wp","href":"https:\/\/api.w.org\/{rel}","templated":true}]}}