{"id":1181,"date":"2020-01-14T11:08:19","date_gmt":"2020-01-14T10:08:19","guid":{"rendered":"https:\/\/dehag.info\/fitnesswelten\/produkt\/premium-body-tube-nylon-ummantelung-plastikgriff-gelb-leicht\/"},"modified":"2025-09-20T04:25:41","modified_gmt":"2025-09-20T02:25:41","slug":"dittmann-premium-body-tube-nylon-ummantelung-plastikgriff-gelb-leicht","status":"publish","type":"product","link":"https:\/\/www.dehag.de\/fitnesswelten\/produkt\/dittmann-premium-body-tube-nylon-ummantelung-plastikgriff-gelb-leicht\/","title":{"rendered":"DITTMANN Premium Body-Tube\u00ae &#8211; Nylon ummantelung &#8211; Plastikgriff &#8211; gelb \u2013 leicht"},"content":{"rendered":"<p>Marke: DITTMANN<\/p>\n<p>Anwendung Premium Body-Tube<br \/>\nPremium Body-Tube mit Nylonummantelung f\u00fcr mehr Produktsicherheit. Perfekt f\u00fcr Latexallergiker<br \/>\n(keine direkte Ber\u00fchrung mit dem Tube m\u00f6glich).<\/p>\n<p>&#8211; Brust- und \u00e4ussere Oberarmmuskulatur<br \/>\n&#8211; \u00c4ussere Schultermuskulatur<br \/>\n&#8211; Oberarm &#8220;Trizeps&#8221;<br \/>\n&#8211; Oberarm &#8220;Bizeps&#8221;<br \/>\n&#8211; Wadenmuskulatur<br \/>\n&#8211; Gerade Bauchmuskulatur<\/p>\n<p>Material<br \/>\nNaturkautschuk<\/p>\n<p>Farbe<br \/>\n1x Premium Body Tube gelb<\/p>\n<p>Body-Tube gelb, leicht<br \/>\nL\u00e4nge: ca. 122 cm<br \/>\nGewicht Body Tube: ca. 231g<\/p>\n","protected":false},"excerpt":{"rendered":"<p>Marke: DITTMANN Anwendung Premium Body-Tube Premium Body-Tube mit Nylonummantelung f\u00fcr mehr Produktsicherheit. Perfekt f\u00fcr Latexallergiker (keine direkte Ber\u00fchrung mit dem Tube m\u00f6glich). &#8211; Brust- und \u00e4ussere Oberarmmuskulatur &#8211; \u00c4ussere Schultermuskulatur &#8211; Oberarm &#8220;Trizeps&#8221; &#8211; Oberarm &#8220;Bizeps&#8221; &#8211; Wadenmuskulatur &#8211; Gerade Bauchmuskulatur Material Naturkautschuk Farbe 1x Premium Body Tube gelb Body-Tube gelb, leicht L\u00e4nge: ca. 122 [&hellip;]<\/p>\n","protected":false},"featured_media":3395,"template":"","meta":{"_et_pb_use_builder":"","_et_pb_old_content":"","_et_gb_content_width":""},"product_brand":[],"product_cat":[84],"product_tag":[],"class_list":{"0":"post-1181","1":"product","2":"type-product","3":"status-publish","4":"has-post-thumbnail","6":"product_cat-cardio-und-krafttrainingsgeraete","7":"product_shipping_class-dhl","9":"first","10":"instock","11":"taxable","12":"shipping-taxable","13":"purchasable","14":"product-type-simple"},"acf":[],"_links":{"self":[{"href":"https:\/\/www.dehag.de\/fitnesswelten\/wp-json\/wp\/v2\/product\/1181","targetHints":{"allow":["GET"]}}],"collection":[{"href":"https:\/\/www.dehag.de\/fitnesswelten\/wp-json\/wp\/v2\/product"}],"about":[{"href":"https:\/\/www.dehag.de\/fitnesswelten\/wp-json\/wp\/v2\/types\/product"}],"wp:featuredmedia":[{"embeddable":true,"href":"https:\/\/www.dehag.de\/fitnesswelten\/wp-json\/wp\/v2\/media\/3395"}],"wp:attachment":[{"href":"https:\/\/www.dehag.de\/fitnesswelten\/wp-json\/wp\/v2\/media?parent=1181"}],"wp:term":[{"taxonomy":"product_brand","embeddable":true,"href":"https:\/\/www.dehag.de\/fitnesswelten\/wp-json\/wp\/v2\/product_brand?post=1181"},{"taxonomy":"product_cat","embeddable":true,"href":"https:\/\/www.dehag.de\/fitnesswelten\/wp-json\/wp\/v2\/product_cat?post=1181"},{"taxonomy":"product_tag","embeddable":true,"href":"https:\/\/www.dehag.de\/fitnesswelten\/wp-json\/wp\/v2\/product_tag?post=1181"}],"curies":[{"name":"wp","href":"https:\/\/api.w.org\/{rel}","templated":true}]}}