{"id":1185,"date":"2020-01-16T12:24:14","date_gmt":"2020-01-16T11:24:14","guid":{"rendered":"https:\/\/dehag.info\/fitnesswelten\/produkt\/aqua-cycling-dummy\/"},"modified":"2026-03-04T08:13:40","modified_gmt":"2026-03-04T07:13:40","slug":"aqua-cycling-dummy","status":"publish","type":"product","link":"https:\/\/www.dehag.de\/fitnesswelten\/produkt\/aqua-cycling-dummy\/","title":{"rendered":"Aqua Cycling Dummy"},"content":{"rendered":"<p>Marke: DEHAG<\/p>\n<p>Gesamth\u00f6he 111<br \/>\nGrundfl\u00e4che 54 x 54<br \/>\nLenker Breite 48 cm<br \/>\nLenker Tiefe 35 cm<\/p>\n<p>So \u201edirigierst\u201c und motivierst du deine Gruppe vom Beckenrand:<\/p>\n<p>Die Unterrichtshilfe f\u00fcr professionelle Trainer: Ein \u201cmust have\u201d f\u00fcr jeden Aqua Cycling Instruktor f\u00fcr das sichere und pr\u00e4zise Unterrichten vom Beckenrand.<br \/>\nDer Aquacycling Dummy imitiert wie das Stehpult eines Dirigenten den Lenker eines Aquabikes und erm\u00f6glicht so das Demonstrieren von \u00dcbungen in den versch. Griffpositionen.<br \/>\nDer Dummy ist sehr leicht und daher ganz schnell und \u00fcberall im Aquacycling Kurs einsatzbereit. <\/p>\n<p>Mit der Nutzung des Aquacycling Dummy kann das geplante Trainerbike nun im Wasser von einem Teilnehmer genutzt werden. Dadurch wird die Wirtschaftlichkeit dieser Kurse schlagartig enorm gesteigert.<\/p>\n<p>Lieferzeiten: 2-5 Tage<br \/>\n&#8211; gilt f\u00fcr Lieferungen innerhalb Deutschlands, Lieferzeiten f\u00fcr andere L\u00e4nder entnehmen Sie bitte der Schaltfl\u00e4che mit den Versandinformationen<\/p>\n","protected":false},"excerpt":{"rendered":"<p>Die Unterrichtshilfe f\u00fcr professionelle Trainer<\/p>\n<p>Du \u201edirigierst\u201c und motivierst so deine Gruppe vom Beckenrand<\/p>\n","protected":false},"featured_media":3309,"template":"","meta":{"_et_pb_use_builder":"","_et_pb_old_content":"","_et_gb_content_width":""},"product_brand":[],"product_cat":[83],"product_tag":[],"class_list":{"0":"post-1185","1":"product","2":"type-product","3":"status-publish","4":"has-post-thumbnail","6":"product_cat-grossgeraete-aqua-fitness","7":"product_shipping_class-dpd","9":"first","10":"outofstock","11":"taxable","12":"shipping-taxable","13":"purchasable","14":"product-type-simple"},"acf":[],"_links":{"self":[{"href":"https:\/\/www.dehag.de\/fitnesswelten\/wp-json\/wp\/v2\/product\/1185","targetHints":{"allow":["GET"]}}],"collection":[{"href":"https:\/\/www.dehag.de\/fitnesswelten\/wp-json\/wp\/v2\/product"}],"about":[{"href":"https:\/\/www.dehag.de\/fitnesswelten\/wp-json\/wp\/v2\/types\/product"}],"wp:featuredmedia":[{"embeddable":true,"href":"https:\/\/www.dehag.de\/fitnesswelten\/wp-json\/wp\/v2\/media\/3309"}],"wp:attachment":[{"href":"https:\/\/www.dehag.de\/fitnesswelten\/wp-json\/wp\/v2\/media?parent=1185"}],"wp:term":[{"taxonomy":"product_brand","embeddable":true,"href":"https:\/\/www.dehag.de\/fitnesswelten\/wp-json\/wp\/v2\/product_brand?post=1185"},{"taxonomy":"product_cat","embeddable":true,"href":"https:\/\/www.dehag.de\/fitnesswelten\/wp-json\/wp\/v2\/product_cat?post=1185"},{"taxonomy":"product_tag","embeddable":true,"href":"https:\/\/www.dehag.de\/fitnesswelten\/wp-json\/wp\/v2\/product_tag?post=1185"}],"curies":[{"name":"wp","href":"https:\/\/api.w.org\/{rel}","templated":true}]}}