{"id":1188,"date":"2020-01-20T10:54:04","date_gmt":"2020-01-20T09:54:04","guid":{"rendered":"https:\/\/dehag.info\/fitnesswelten\/produkt\/body-toner-gruen-mittel\/"},"modified":"2025-08-11T15:24:58","modified_gmt":"2025-08-11T13:24:58","slug":"dittmann-body-toner-gruen-mittel","status":"publish","type":"product","link":"https:\/\/www.dehag.de\/fitnesswelten\/produkt\/dittmann-body-toner-gruen-mittel\/","title":{"rendered":"DITTMANN Body-Toner\u00ae &#8211; gr\u00fcn \u2013 mittel"},"content":{"rendered":"<p>Marke: DITTMANN<\/p>\n<p>Anwendung Body-Toner<br \/>\nDer Body-Toner f\u00fcr Sie uns Ihn. F\u00fcr das spezifische Intensivtraining<br \/>\nindividueller Muskelgruppen. Universell und vielseitig einsetzbares<br \/>\nTrainingsger\u00e4t f\u00fcr Ober- und Unterk\u00f6rper. Die Achterteilung des Body-Toners<br \/>\nerm\u00f6glicht eine Vielzahl von langen und kurzen Zug\u00fcbungen mit verbessertem Halt<br \/>\nw\u00e4hrend der \u00dcbungen.<\/p>\n<p>Anwendungsbereiche<br \/>\n&#8211; Vordere Schulter- und Brustmuskulatur<br \/>\n&#8211; Oberarmmuskulatur, Schulterblattfixatoren<br \/>\n&#8211; Obere R\u00fcckenmuskulatur<br \/>\n&#8211; Bizepskr\u00e4ftigung<br \/>\n&#8211; Ges\u00e4ss- und Oberschenkelmuskulatur<br \/>\n&#8211; \u00c4ussere H\u00fcftmuskulatur<\/p>\n<p>Material<br \/>\nNaturkautschuk-Latex<\/p>\n<p>Farbe<br \/>\n1x Body-Toner gr\u00fcn<\/p>\n<p>Body-Toner gr\u00fcn, mittel<br \/>\nL\u00e4nge: ca. 51 cm<br \/>\nGewicht Body-Toner: ca 56g<\/p>\n","protected":false},"excerpt":{"rendered":"<p>Marke: DITTMANN Anwendung Body-Toner Der Body-Toner f\u00fcr Sie uns Ihn. F\u00fcr das spezifische Intensivtraining individueller Muskelgruppen. Universell und vielseitig einsetzbares Trainingsger\u00e4t f\u00fcr Ober- und Unterk\u00f6rper. Die Achterteilung des Body-Toners erm\u00f6glicht eine Vielzahl von langen und kurzen Zug\u00fcbungen mit verbessertem Halt w\u00e4hrend der \u00dcbungen. Anwendungsbereiche &#8211; Vordere Schulter- und Brustmuskulatur &#8211; Oberarmmuskulatur, Schulterblattfixatoren &#8211; Obere R\u00fcckenmuskulatur [&hellip;]<\/p>\n","protected":false},"featured_media":3401,"template":"","meta":{"_et_pb_use_builder":"","_et_pb_old_content":"","_et_gb_content_width":""},"product_brand":[],"product_cat":[84],"product_tag":[],"class_list":{"0":"post-1188","1":"product","2":"type-product","3":"status-publish","4":"has-post-thumbnail","6":"product_cat-cardio-und-krafttrainingsgeraete","7":"product_shipping_class-dhl","9":"first","10":"instock","11":"taxable","12":"shipping-taxable","13":"purchasable","14":"product-type-simple"},"acf":[],"_links":{"self":[{"href":"https:\/\/www.dehag.de\/fitnesswelten\/wp-json\/wp\/v2\/product\/1188","targetHints":{"allow":["GET"]}}],"collection":[{"href":"https:\/\/www.dehag.de\/fitnesswelten\/wp-json\/wp\/v2\/product"}],"about":[{"href":"https:\/\/www.dehag.de\/fitnesswelten\/wp-json\/wp\/v2\/types\/product"}],"wp:featuredmedia":[{"embeddable":true,"href":"https:\/\/www.dehag.de\/fitnesswelten\/wp-json\/wp\/v2\/media\/3401"}],"wp:attachment":[{"href":"https:\/\/www.dehag.de\/fitnesswelten\/wp-json\/wp\/v2\/media?parent=1188"}],"wp:term":[{"taxonomy":"product_brand","embeddable":true,"href":"https:\/\/www.dehag.de\/fitnesswelten\/wp-json\/wp\/v2\/product_brand?post=1188"},{"taxonomy":"product_cat","embeddable":true,"href":"https:\/\/www.dehag.de\/fitnesswelten\/wp-json\/wp\/v2\/product_cat?post=1188"},{"taxonomy":"product_tag","embeddable":true,"href":"https:\/\/www.dehag.de\/fitnesswelten\/wp-json\/wp\/v2\/product_tag?post=1188"}],"curies":[{"name":"wp","href":"https:\/\/api.w.org\/{rel}","templated":true}]}}