{"id":1207,"date":"2020-02-06T11:56:36","date_gmt":"2020-02-06T10:56:36","guid":{"rendered":"https:\/\/dehag.info\/fitnesswelten\/produkt\/beinschwimmer-groesse-l-blau-paar\/"},"modified":"2025-08-11T15:16:58","modified_gmt":"2025-08-11T13:16:58","slug":"beinschwimmer-xl-1-paar","status":"publish","type":"product","link":"https:\/\/www.dehag.de\/fitnesswelten\/produkt\/beinschwimmer-xl-1-paar\/","title":{"rendered":"Beinschwimmer XL 1 Paar"},"content":{"rendered":"<p>Marke: DEHAG &#8211; Gr\u00f6\u00dfe: XL<br \/>\nDer profesionelle Beinschwimmer mit ergonomischer Passform bietet hohen Halt und Tragekomfort. Der DEHAG Beinschwimmer ersetzt oder erg\u00e4nzt den Aqua Jogging G\u00fcrtel mit noch mehr Balance und \u00dcbungseffekten f\u00fcr Bauch Beine und Po. Dieser Beinschwimmer eignet sich perfekt f\u00fcr das Aquatraining im Flach- und Tiefwasser.<\/p>\n<p>Beim Aqua Cycling sticht der DEHAG Beinschwimmer mit hohem Widerstand und Auftrieb hervor, womit Ihr Aqua Cycling Training noch effektiver wird.<\/p>\n<p>Lieferung: farblich gemischt &amp; paarweise<\/p>\n","protected":false},"excerpt":{"rendered":"<p>Der profesionelle Beinschwimmer (Gr\u00f6\u00dfe XL) eignet sich perfekt f\u00fcr das Aquatraining<\/p>\n","protected":false},"featured_media":3618,"template":"","meta":{"_et_pb_use_builder":"","_et_pb_old_content":"","_et_gb_content_width":""},"product_brand":[],"product_cat":[90],"product_tag":[],"class_list":{"0":"post-1207","1":"product","2":"type-product","3":"status-publish","4":"has-post-thumbnail","6":"product_cat-baender-und-beintrainer-aqua-fitness","7":"product_shipping_class-dhl","9":"first","10":"instock","11":"taxable","12":"shipping-taxable","13":"purchasable","14":"product-type-simple"},"acf":[],"_links":{"self":[{"href":"https:\/\/www.dehag.de\/fitnesswelten\/wp-json\/wp\/v2\/product\/1207","targetHints":{"allow":["GET"]}}],"collection":[{"href":"https:\/\/www.dehag.de\/fitnesswelten\/wp-json\/wp\/v2\/product"}],"about":[{"href":"https:\/\/www.dehag.de\/fitnesswelten\/wp-json\/wp\/v2\/types\/product"}],"wp:featuredmedia":[{"embeddable":true,"href":"https:\/\/www.dehag.de\/fitnesswelten\/wp-json\/wp\/v2\/media\/3618"}],"wp:attachment":[{"href":"https:\/\/www.dehag.de\/fitnesswelten\/wp-json\/wp\/v2\/media?parent=1207"}],"wp:term":[{"taxonomy":"product_brand","embeddable":true,"href":"https:\/\/www.dehag.de\/fitnesswelten\/wp-json\/wp\/v2\/product_brand?post=1207"},{"taxonomy":"product_cat","embeddable":true,"href":"https:\/\/www.dehag.de\/fitnesswelten\/wp-json\/wp\/v2\/product_cat?post=1207"},{"taxonomy":"product_tag","embeddable":true,"href":"https:\/\/www.dehag.de\/fitnesswelten\/wp-json\/wp\/v2\/product_tag?post=1207"}],"curies":[{"name":"wp","href":"https:\/\/api.w.org\/{rel}","templated":true}]}}