{"id":1216,"date":"2020-02-26T10:21:15","date_gmt":"2020-02-26T09:21:15","guid":{"rendered":"https:\/\/dehag.info\/fitnesswelten\/produkt\/dehag-aqua-hantel-basic-11cm-blau-weiss-gestreift\/"},"modified":"2025-12-08T21:01:47","modified_gmt":"2025-12-08T20:01:47","slug":"aqua-hanteln-basic-o-11cm-3","status":"publish","type":"product","link":"https:\/\/www.dehag.de\/fitnesswelten\/produkt\/aqua-hanteln-basic-o-11cm-3\/","title":{"rendered":"Aqua Hanteln Basic \u00f8 11cm"},"content":{"rendered":"<p>Marke: DEHAG<\/p>\n<p>Verkaufseinheit: paarweise<\/p>\n<p>Material: geschlossenzelliges Evazote (nimmt kein Wasser auf)<\/p>\n<p>Die Kurzhantel Basic bringt Stimmung in Ihr Training.<br \/>\nSuper geeignet f\u00fcr Trainierende im Wasser, diese Kurzhantel unterst\u00fctzt jedes Training.<br \/>\nZum Beispiel beim Aqua-Jogging, Aqua Cycling, Aqua Fitness und Wassertherapie.<br \/>\nProbieren Sie aus, wie Sie Ihr Training lebhaft und abwechslungsreich gestalten k\u00f6nnen.<\/p>\n<p>Farbe: gr\u00fcn<\/p>\n<p>Ausf\u00fchrung:<br \/>\nBasic Aqua Hantel Die Gesamtl\u00e4nge betr\u00e4gt ca. 28 cm, die Griffl\u00e4nge 10 cm und der Durchmesser \u00f8 11 cm.<br \/>\nProfi Aqua Hantel Die Gesamtl\u00e4nge betr\u00e4gt ca. 28 cm, die Griffl\u00e4nge 10 cm und der Durchmesser \u00f8 14 cm.<br \/>\nDie Scheiben sind jeweils ca. 8,5 cm breit.<\/p>\n<p>Lieferzeiten: 2-5 Tage<br \/>\n\u2013 gilt f\u00fcr Lieferungen innerhalb Deutschlands, Lieferzeiten f\u00fcr andere L\u00e4nder entnehmen Sie bitte der Schaltfl\u00e4che mit den Versandinformationen<\/p>\n","protected":false},"excerpt":{"rendered":"<p>Die Aqua Hantel bietet durch ihren ergonomischen Softgriff und das Halteband hohen Komfort beim Aquafitness-Training.<br \/>\nSie ist ideal geeignet f\u00fcr Aqua-Jogging, Aqua Cycling, Aqua Fitness und Wassertherapie.<\/p>\n","protected":false},"featured_media":4127,"template":"","meta":{"_et_pb_use_builder":"","_et_pb_old_content":"","_et_gb_content_width":""},"product_brand":[],"product_cat":[88],"product_tag":[],"class_list":{"0":"post-1216","1":"product","2":"type-product","3":"status-publish","4":"has-post-thumbnail","6":"product_cat-aqua-hanteln-aqua-fitness","7":"product_shipping_class-dhl","9":"first","10":"instock","11":"taxable","12":"shipping-taxable","13":"purchasable","14":"product-type-simple"},"acf":[],"_links":{"self":[{"href":"https:\/\/www.dehag.de\/fitnesswelten\/wp-json\/wp\/v2\/product\/1216","targetHints":{"allow":["GET"]}}],"collection":[{"href":"https:\/\/www.dehag.de\/fitnesswelten\/wp-json\/wp\/v2\/product"}],"about":[{"href":"https:\/\/www.dehag.de\/fitnesswelten\/wp-json\/wp\/v2\/types\/product"}],"wp:featuredmedia":[{"embeddable":true,"href":"https:\/\/www.dehag.de\/fitnesswelten\/wp-json\/wp\/v2\/media\/4127"}],"wp:attachment":[{"href":"https:\/\/www.dehag.de\/fitnesswelten\/wp-json\/wp\/v2\/media?parent=1216"}],"wp:term":[{"taxonomy":"product_brand","embeddable":true,"href":"https:\/\/www.dehag.de\/fitnesswelten\/wp-json\/wp\/v2\/product_brand?post=1216"},{"taxonomy":"product_cat","embeddable":true,"href":"https:\/\/www.dehag.de\/fitnesswelten\/wp-json\/wp\/v2\/product_cat?post=1216"},{"taxonomy":"product_tag","embeddable":true,"href":"https:\/\/www.dehag.de\/fitnesswelten\/wp-json\/wp\/v2\/product_tag?post=1216"}],"curies":[{"name":"wp","href":"https:\/\/api.w.org\/{rel}","templated":true}]}}