{"id":1219,"date":"2020-07-15T10:36:59","date_gmt":"2020-07-15T08:36:59","guid":{"rendered":"https:\/\/dehag.info\/fitnesswelten\/produkt\/cimx-riderband-neon-gelb\/"},"modified":"2025-07-07T21:36:46","modified_gmt":"2025-07-07T19:36:46","slug":"textilelastisches-riderband-neongelb-laenge-135-cm-2-x-5-taschen-fuer-haende-oder-fuesse","status":"publish","type":"product","link":"https:\/\/www.dehag.de\/fitnesswelten\/produkt\/textilelastisches-riderband-neongelb-laenge-135-cm-2-x-5-taschen-fuer-haende-oder-fuesse\/","title":{"rendered":"Textilelastisches RiderBand Neongelb, L\u00e4nge: 135 cm &#8211;  2 x 5 Taschen f\u00fcr H\u00e4nde oder F\u00fc\u00dfe"},"content":{"rendered":"<p>Das AquaRider Band hat 11 Einschubschlaufen, daher ist es ein perfektes Band f\u00fcr Gro\u00dfe und auch kleine Leute. Geeignet ist es f\u00fcr das Training an Land und im Wasser.<\/p>\n<p>L\u00e4nge: 130 cm<\/p>\n<p>Breite: 4 cm<\/p>\n<p>Das RiderBand ist ein hochelastisches Gummiband und es ist sehr wasserbest\u00e4ndig und trocknet innerhalb einer Stunde nach Verwendung im Wasser.<\/p>\n","protected":false},"excerpt":{"rendered":"<p>Das AquaRider Band hat 11 Einschubschlaufen, daher ist es ein perfektes Band f\u00fcr Gro\u00dfe und auch kleine Leute. Geeignet ist es f\u00fcr das Training an Land und im Wasser.<\/p>\n<p>L\u00e4nge: 130 cm<\/p>\n<p>Breite: 4 cm<\/p>\n","protected":false},"featured_media":2242,"template":"","meta":{"_et_pb_use_builder":"","_et_pb_old_content":"","_et_gb_content_width":""},"product_brand":[],"product_cat":[90,84],"product_tag":[],"class_list":{"0":"post-1219","1":"product","2":"type-product","3":"status-publish","4":"has-post-thumbnail","6":"product_cat-baender-und-beintrainer-aqua-fitness","7":"product_cat-cardio-und-krafttrainingsgeraete","8":"product_shipping_class-dhl","10":"first","11":"instock","12":"taxable","13":"shipping-taxable","14":"purchasable","15":"product-type-simple"},"acf":[],"_links":{"self":[{"href":"https:\/\/www.dehag.de\/fitnesswelten\/wp-json\/wp\/v2\/product\/1219","targetHints":{"allow":["GET"]}}],"collection":[{"href":"https:\/\/www.dehag.de\/fitnesswelten\/wp-json\/wp\/v2\/product"}],"about":[{"href":"https:\/\/www.dehag.de\/fitnesswelten\/wp-json\/wp\/v2\/types\/product"}],"wp:featuredmedia":[{"embeddable":true,"href":"https:\/\/www.dehag.de\/fitnesswelten\/wp-json\/wp\/v2\/media\/2242"}],"wp:attachment":[{"href":"https:\/\/www.dehag.de\/fitnesswelten\/wp-json\/wp\/v2\/media?parent=1219"}],"wp:term":[{"taxonomy":"product_brand","embeddable":true,"href":"https:\/\/www.dehag.de\/fitnesswelten\/wp-json\/wp\/v2\/product_brand?post=1219"},{"taxonomy":"product_cat","embeddable":true,"href":"https:\/\/www.dehag.de\/fitnesswelten\/wp-json\/wp\/v2\/product_cat?post=1219"},{"taxonomy":"product_tag","embeddable":true,"href":"https:\/\/www.dehag.de\/fitnesswelten\/wp-json\/wp\/v2\/product_tag?post=1219"}],"curies":[{"name":"wp","href":"https:\/\/api.w.org\/{rel}","templated":true}]}}