{"id":1265,"date":"2021-06-07T13:22:20","date_gmt":"2021-06-07T11:22:20","guid":{"rendered":"https:\/\/dehag.info\/fitnesswelten\/produkt\/comfy-aquafit-smile-1-paar\/"},"modified":"2026-04-07T12:59:42","modified_gmt":"2026-04-07T10:59:42","slug":"comfy-aquafit-smile-1-paar","status":"publish","type":"product","link":"https:\/\/www.dehag.de\/fitnesswelten\/produkt\/comfy-aquafit-smile-1-paar\/","title":{"rendered":"Comfy AquaFit Smile 1 Paar"},"content":{"rendered":"<p>Die AquaFit Smile Trainingsscheiben sind ein motivierendes Hilfsmittel f\u00fcr effektives Training im Wasser. Mit den AquaFit Smile kann man besonders gut die Finger, die Arme, den Schulterg\u00fcrtel und den gesamten Oberk\u00f6rper trainieren. Die Trainingsscheiben kann man auf nat\u00fcrliche Weise greifen durch die ergonomischen Griffl\u00f6cher und sorgt damit f\u00fcr eine komfortable Steigerung der Griffkraft.<\/p>\n<p>Die Aqua Fit Smile Trainingsscheibe ist perfekt f\u00fcr funktionelles Training im Wasser.<\/p>\n<p>&#8211; Aqua Fit Smile sorgt f\u00fcr mehr Auftrieb und Widerstand<br \/>\n&#8211; Erm\u00f6glicht dadurch ein gezieltes Kraft- und Ausdauertraining<br \/>\n&#8211; Man kann sich auch darauf stellen<br \/>\n&#8211; Sind auch einzeln zu handhaben wie ein Minibrettchen<br \/>\n&#8211; Aqua Fit Smile sind leicht zu handhaben<\/p>\n<p>Durchmesser: 22 cm<br \/>\nDicke\/H\u00f6he: 3,5 cm<br \/>\nGewicht\/Paar: 80 g<br \/>\nFarbe: mittelgelb und blau<br \/>\nMaterial: vernetztes Polyethylen (XPE)<\/p>\n","protected":false},"excerpt":{"rendered":"<p>AquaFit Smile-Scheiben. Ideal f\u00fcr das Training im Wasser.<\/p>\n","protected":false},"featured_media":3628,"template":"","meta":{"_et_pb_use_builder":"on","_et_pb_old_content":"Die AquaFit Smile Trainingsscheiben sind ein motivierendes Hilfsmittel f\u00fcr effektives Training im Wasser. Mit den AquaFit Smile kann man besonders gut die Finger, die Arme, den Schulterg\u00fcrtel und den gesamten Oberk\u00f6rper trainieren. Die Trainingsscheiben kann man auf nat\u00fcrliche Weise greifen durch die ergonomischen Griffl\u00f6cher und sorgt damit f\u00fcr eine komfortable Steigerung der Griffkraft.\r\n\r\nDie Aqua Fit Smile Trainingsscheibe ist perfekt f\u00fcr funktionelles Training im Wasser.\r\n\r\n- Aqua Fit Smile sorgt f\u00fcr mehr Auftrieb und Widerstand\r\n- Erm\u00f6glicht dadurch ein gezieltes Kraft- und Ausdauertraining\r\n- Man kann sich auch darauf stellen\r\n- Sind auch einzeln zu handhaben wie ein Minibrettchen\r\n- Aqua Fit Smile sind leicht zu handhaben\r\n\r\nDurchmesser: 22 cm\r\nDicke\/H\u00f6he: 3,5 cm\r\nGewicht\/Paar: 80 g\r\nFarbe: mittelgelb und blau\r\nMaterial: vernetztes Polyethylen (XPE)","_et_gb_content_width":""},"product_brand":[],"product_cat":[88],"product_tag":[],"class_list":{"0":"post-1265","1":"product","2":"type-product","3":"status-publish","4":"has-post-thumbnail","6":"product_cat-aqua-hanteln-aqua-fitness","7":"product_shipping_class-dhl","9":"first","10":"instock","11":"taxable","12":"shipping-taxable","13":"purchasable","14":"product-type-simple"},"acf":[],"_links":{"self":[{"href":"https:\/\/www.dehag.de\/fitnesswelten\/wp-json\/wp\/v2\/product\/1265","targetHints":{"allow":["GET"]}}],"collection":[{"href":"https:\/\/www.dehag.de\/fitnesswelten\/wp-json\/wp\/v2\/product"}],"about":[{"href":"https:\/\/www.dehag.de\/fitnesswelten\/wp-json\/wp\/v2\/types\/product"}],"wp:featuredmedia":[{"embeddable":true,"href":"https:\/\/www.dehag.de\/fitnesswelten\/wp-json\/wp\/v2\/media\/3628"}],"wp:attachment":[{"href":"https:\/\/www.dehag.de\/fitnesswelten\/wp-json\/wp\/v2\/media?parent=1265"}],"wp:term":[{"taxonomy":"product_brand","embeddable":true,"href":"https:\/\/www.dehag.de\/fitnesswelten\/wp-json\/wp\/v2\/product_brand?post=1265"},{"taxonomy":"product_cat","embeddable":true,"href":"https:\/\/www.dehag.de\/fitnesswelten\/wp-json\/wp\/v2\/product_cat?post=1265"},{"taxonomy":"product_tag","embeddable":true,"href":"https:\/\/www.dehag.de\/fitnesswelten\/wp-json\/wp\/v2\/product_tag?post=1265"}],"curies":[{"name":"wp","href":"https:\/\/api.w.org\/{rel}","templated":true}]}}