{"id":1266,"date":"2021-06-07T13:31:08","date_gmt":"2021-06-07T11:31:08","guid":{"rendered":"https:\/\/dehag.info\/fitnesswelten\/produkt\/comfy-aquafit-noodle\/"},"modified":"2026-01-22T09:23:02","modified_gmt":"2026-01-22T08:23:02","slug":"comfy-aquafit-noodle","status":"publish","type":"product","link":"https:\/\/www.dehag.de\/fitnesswelten\/produkt\/comfy-aquafit-noodle\/","title":{"rendered":"Comfy Aquafit Noodle"},"content":{"rendered":"","protected":false},"excerpt":{"rendered":"<p>Eine Nudel ist f\u00fcr das Training im Wasser dein st\u00e4ndiger Begleiter. Perfekt geeignet f\u00fcr:<\/p>\n<p>&#8211; das Training im Wasser<\/p>\n<p>&#8211; f\u00fcr Reha und Therapie<\/p>\n<p>&#8211; F\u00fcr Kinder bis Senioren<\/p>\n<p>&#8211; gut greifbar dank der Dreieecksform<\/p>\n<p>&#8211; F\u00fcr das Training mit Pferden usw.<\/p>\n<p>Ma\u00dfe: 120 x 6,1 cm<\/p>\n<p>Gewicht: 82 g<\/p>\n<p>Farbe: lila und hellgr\u00fcn<\/p>\n<p>Material: PE-Schaumstoff<\/p>\n<p>Lieferzeiten: 2-5 Tage<\/p>\n<p>&#8211; gilt f\u00fcr Lieferungen innerhalb Deutschlands, Lieferzeiten f\u00fcr andere L\u00e4nder entnehmen Sie bitte der Schaltfl\u00e4che mit den Versandinformationen<\/p>\n","protected":false},"featured_media":3630,"template":"","meta":{"_et_pb_use_builder":"","_et_pb_old_content":"","_et_gb_content_width":""},"product_brand":[],"product_cat":[89],"product_tag":[],"class_list":{"0":"post-1266","1":"product","2":"type-product","3":"status-publish","4":"has-post-thumbnail","6":"product_cat-poolnudel-co","7":"product_shipping_class-dhl","9":"first","10":"instock","11":"taxable","12":"shipping-taxable","13":"purchasable","14":"product-type-simple"},"acf":[],"_links":{"self":[{"href":"https:\/\/www.dehag.de\/fitnesswelten\/wp-json\/wp\/v2\/product\/1266","targetHints":{"allow":["GET"]}}],"collection":[{"href":"https:\/\/www.dehag.de\/fitnesswelten\/wp-json\/wp\/v2\/product"}],"about":[{"href":"https:\/\/www.dehag.de\/fitnesswelten\/wp-json\/wp\/v2\/types\/product"}],"wp:featuredmedia":[{"embeddable":true,"href":"https:\/\/www.dehag.de\/fitnesswelten\/wp-json\/wp\/v2\/media\/3630"}],"wp:attachment":[{"href":"https:\/\/www.dehag.de\/fitnesswelten\/wp-json\/wp\/v2\/media?parent=1266"}],"wp:term":[{"taxonomy":"product_brand","embeddable":true,"href":"https:\/\/www.dehag.de\/fitnesswelten\/wp-json\/wp\/v2\/product_brand?post=1266"},{"taxonomy":"product_cat","embeddable":true,"href":"https:\/\/www.dehag.de\/fitnesswelten\/wp-json\/wp\/v2\/product_cat?post=1266"},{"taxonomy":"product_tag","embeddable":true,"href":"https:\/\/www.dehag.de\/fitnesswelten\/wp-json\/wp\/v2\/product_tag?post=1266"}],"curies":[{"name":"wp","href":"https:\/\/api.w.org\/{rel}","templated":true}]}}