{"id":1268,"date":"2021-10-06T12:09:32","date_gmt":"2021-10-06T10:09:32","guid":{"rendered":"https:\/\/dehag.info\/fitnesswelten\/produkt\/brasil-aqua-2er-set\/"},"modified":"2026-03-14T12:24:32","modified_gmt":"2026-03-14T11:24:32","slug":"brasil-aqua-2er-set","status":"publish","type":"product","link":"https:\/\/www.dehag.de\/fitnesswelten\/produkt\/brasil-aqua-2er-set\/","title":{"rendered":"Brasil\u00ae Aqua 2er-Set"},"content":{"rendered":"","protected":false},"excerpt":{"rendered":"<p>Die TOGU Brasil &#8211; made in Germany &#8211; geben durch ihre intelligente F\u00fcllung aus Luft und Gewicht ein gezieltes Bewegungsfeedback (Sch\u00fctteleffekt). Der handliche und wasserfeste Tiefenmuskeltrainer f\u00fcr Gesundheit und Figur kann eine Straffung des Gewebes und Kr\u00e4ftigung der Tiefenmuskulatur bewirken.<\/p>\n<p>Die B\u00e4nder sind separat erh\u00e4ltlich.<\/p>\n<p>Was ist neu?<br \/>\nDie Brasil Tiefenmuskulaturtrainer sind jetzt mit zus\u00e4tzlichen Armb\u00e4ndern ausgestattet, damit die Brasil auch bei der Aquagymnastik nicht verloren gehen.<br \/>\nDie TOGU Brasil erf\u00fcllen alle Anspr\u00fcche an ein effektives Bauch-Beine-Po-Training und an ein modernes R\u00fccken- und Gesundheitstraining \u2013 speziell auch in der Aquagymnastik.<\/p>\n<p>Mit dem handlichen Produkt aus dem Hause TOGU wird die Tiefenmuskulatur in kleinen Trainingseinheiten zielbewusst beansprucht. In gezielten \u00dcbungen bei denen die Brasil in kleinen Bewegungsamplituden gesch\u00fcttelt werden, kann durch die spezielle F\u00fcllung eine reflektorische Anspannung des gesamten Rumpfes erreicht werden. Sie erhalten ein optimales Bewegungsfeedback und arbeiten durch die ideale Gr\u00f6\u00dfe und das geringe Eigengewicht (200g pro Hand) zus\u00e4tzlich gelenkschonend.<br \/>\nGepr\u00fcft und empfohlen vom Forum: Gesunder R\u00fccken &#8211; besser leben e.V. und dem Bundesverband deutscher R\u00fcckenschulen (BdR) e.V.<\/p>\n<p>Lieferzeiten: 2-5 Tage<\/p>\n<p>&#8211; gilt f\u00fcr Lieferungen innerhalb Deutschlands, Lieferzeiten f\u00fcr andere L\u00e4nder entnehmen Sie bitte der Schaltfl\u00e4che mit den Versandinformationen<\/p>\n","protected":false},"featured_media":3365,"template":"","meta":{"_et_pb_use_builder":"","_et_pb_old_content":"","_et_gb_content_width":""},"product_brand":[],"product_cat":[93],"product_tag":[],"class_list":{"0":"post-1268","1":"product","2":"type-product","3":"status-publish","4":"has-post-thumbnail","6":"product_cat-kleingeraete-aqua-fitness","7":"product_shipping_class-dhl","9":"first","10":"outofstock","11":"taxable","12":"shipping-taxable","13":"purchasable","14":"product-type-simple"},"acf":[],"_links":{"self":[{"href":"https:\/\/www.dehag.de\/fitnesswelten\/wp-json\/wp\/v2\/product\/1268","targetHints":{"allow":["GET"]}}],"collection":[{"href":"https:\/\/www.dehag.de\/fitnesswelten\/wp-json\/wp\/v2\/product"}],"about":[{"href":"https:\/\/www.dehag.de\/fitnesswelten\/wp-json\/wp\/v2\/types\/product"}],"wp:featuredmedia":[{"embeddable":true,"href":"https:\/\/www.dehag.de\/fitnesswelten\/wp-json\/wp\/v2\/media\/3365"}],"wp:attachment":[{"href":"https:\/\/www.dehag.de\/fitnesswelten\/wp-json\/wp\/v2\/media?parent=1268"}],"wp:term":[{"taxonomy":"product_brand","embeddable":true,"href":"https:\/\/www.dehag.de\/fitnesswelten\/wp-json\/wp\/v2\/product_brand?post=1268"},{"taxonomy":"product_cat","embeddable":true,"href":"https:\/\/www.dehag.de\/fitnesswelten\/wp-json\/wp\/v2\/product_cat?post=1268"},{"taxonomy":"product_tag","embeddable":true,"href":"https:\/\/www.dehag.de\/fitnesswelten\/wp-json\/wp\/v2\/product_tag?post=1268"}],"curies":[{"name":"wp","href":"https:\/\/api.w.org\/{rel}","templated":true}]}}