{"id":1270,"date":"2021-12-20T09:27:44","date_gmt":"2021-12-20T08:27:44","guid":{"rendered":"https:\/\/dehag.info\/fitnesswelten\/produkt\/waterflex-inobike-7-air\/"},"modified":"2025-08-12T16:04:24","modified_gmt":"2025-08-12T14:04:24","slug":"waterflex-inobike-7-air","status":"publish","type":"product","link":"https:\/\/www.dehag.de\/fitnesswelten\/produkt\/waterflex-inobike-7-air\/","title":{"rendered":"Waterflex Inobike 7 Air"},"content":{"rendered":"<p>Anodised aluminium structure 40% lighter than stainless steel<\/p>\n<p>Seine neue Struktur aus 6063 T6 eloxiertem Aluminium erm\u00f6glicht es, ein Federgewicht von 15,2 kgz u zeigen, ideal f\u00fcr Poolein- und -ausg\u00e4nge, w\u00e4hrend es eine perfekte Steifigkeit gew\u00e4hrleistet. Gekoppelt mit seinen breiten F\u00fc\u00dfen und Silikon-Saugn\u00e4pfen ist das Inobike 7 AIR einfach und beruhigend zu bedienen.<\/p>\n<p>Seine F\u00fc\u00dfe mehrere Einstellungen, der Sattel und der Lenker, sowie seine Pedale mit variablem Widerstand machen es entschieden polyvalent.<\/p>\n<p>Innovatives Hydrauliksystem mit Schalthebel<br \/>\nInobike 7 Air integriert eine sehr fortschrittliche Technologie des einstellbaren hydraulischen Widerstands mit Doppelpropellern. Gesteuert durch einen Ganghebel mit 3 Widerstandsstufen k\u00f6nnen Sie Ihr Work-out personalisieren.<\/p>\n<p>Position 0: Weicher Widerstand des Pedals. Aufw\u00e4rmen und Abk\u00fchlen.<br \/>\nVitesse 1: Speed 1 erhalten Sie einen Propeller in Aktion.<br \/>\nVitesse 2: Speed 2 kombinieren Sie die 2 Propeller zur gleichen Zeit, um den Widerstand zu maximieren und das Beste aus Ihrem Work-out zu bekommen.<\/p>\n<p>Material: Aluminium Tech T6<\/p>\n<p>Finish: Eloxierter 15-m-K\u00f6rper ; F\u00fc\u00dfe, Lenker und Sattel in Pieds, guidon et selle aus sandgestrahltem Aluminium<\/p>\n<p>Sattel: Weiches, anatomisches Design, Bequeme Sitzgelegenheiten, einfach zu warten<\/p>\n<p>Lenker: Ergonomisches Design mit kratzfreien Schutzgriffen<\/p>\n<p>Einstellungen: Lenker und Sattel in H\u00f6he und Tiefe. Vor und hinter \u00dcberlappungen<\/p>\n<p>R\u00e4der: Edelstahlkugellager auf wei\u00dfen Kratzerr\u00e4dern, einfache Bewegung<\/p>\n<p>Stabilit\u00e4t: Wei\u00dfe, nicht kratzfeste Stabilit\u00e4tspads<\/p>\n<p>Beschichtung: Angepasst an alle Beschichtungen (Liner, PVC, Fliesen, Schale, Polyester, etc.)<\/p>\n<p>Wassertyp: Geeignet f\u00fcr Thermalwasser, Meerwasser und chloriertes Wasser<\/p>\n<p>Versch\u00e4rfung: Innovatives Klick- und Drehsystem f\u00fcr eine vertikale Position, verhindert Verletzungen<\/p>\n<p>Gewicht: 15,2 kg<\/p>\n<p>Max. Gewicht: 150 kg<\/p>\n<p>Min. Abmessungen: L 99 x B 55,90 x H 116,70 cm<\/p>\n<p>Tiefe: 1,10m bis 1,50m<\/p>\n<p>Garantie: 2 Jahre f\u00fcr den Metallrahmen, 6 Monate Teileverschlei\u00df<\/p>\n<p>Ergo Ride<br \/>\nErgo Ride<br \/>\nEin besseres Verst\u00e4ndnis der Biomechanik des Tretens erm\u00f6glicht es dem Aquabiker, seine Bewegung zu optimieren, um eine bessere Leistung zu erzielen,bestimmte Pathologien zu vermeiden und sein Training durch die Gestaltung angepasster \u00dcbungen anzupassen, um bestimmte Parameter wie Kraft, Geschwindigkeit und Koordination zu verbessern. Aus diesem Grund hat WATERFLEX in Zusammenarbeit mit seinem F&amp;E-Team und seinen Partnern (Coach und Physio) ein Pro Aquabike-Sortiment entwickelt, das so umgestaltet wurde, dass es den biomechanischen Zw\u00e4ngen des Aquabikersentspricht. Diese neue Serie profitiert von der ERGO RIDE-Technologie mit speziell entwickelter Ergonomie, um die Biomechanik des Tretens zu optimieren und die Anatomie jedes Einzelnen zu respektieren, indem einschr\u00e4nkungen.<\/p>\n<p>Zertifizierung CE<br \/>\nCertification CE<br \/>\nWaterflex Aquafitness-Ger\u00e4te entsprechen der europ\u00e4ischen Norm f\u00fcr allgemeine Produktsicherheit 2001\/95 CE-EN 957-1.<\/p>\n<p>Garantie<br \/>\n2 year warranty<br \/>\nDie 2-Jahres-Garantie umfasst alle Metallteile und 6 Monate Verschlei\u00df.<\/p>\n<p>Lieferzeiten: auf Anfrage<br \/>\n&#8211; gilt f\u00fcr Lieferungen innerhalb Deutschlands, Lieferzeiten f\u00fcr andere L\u00e4nder entnehmen Sie bitte der Schaltfl\u00e4che mit den Versandinformationen<\/p>\n","protected":false},"excerpt":{"rendered":"<p>Aqua Bike<\/p>\n","protected":false},"featured_media":3369,"template":"","meta":{"_et_pb_use_builder":"","_et_pb_old_content":"","_et_gb_content_width":""},"product_brand":[],"product_cat":[83],"product_tag":[],"class_list":{"0":"post-1270","1":"product","2":"type-product","3":"status-publish","4":"has-post-thumbnail","6":"product_cat-grossgeraete-aqua-fitness","7":"product_shipping_class-dpd","9":"first","10":"instock","11":"taxable","12":"shipping-taxable","13":"purchasable","14":"product-type-simple"},"acf":[],"_links":{"self":[{"href":"https:\/\/www.dehag.de\/fitnesswelten\/wp-json\/wp\/v2\/product\/1270","targetHints":{"allow":["GET"]}}],"collection":[{"href":"https:\/\/www.dehag.de\/fitnesswelten\/wp-json\/wp\/v2\/product"}],"about":[{"href":"https:\/\/www.dehag.de\/fitnesswelten\/wp-json\/wp\/v2\/types\/product"}],"wp:featuredmedia":[{"embeddable":true,"href":"https:\/\/www.dehag.de\/fitnesswelten\/wp-json\/wp\/v2\/media\/3369"}],"wp:attachment":[{"href":"https:\/\/www.dehag.de\/fitnesswelten\/wp-json\/wp\/v2\/media?parent=1270"}],"wp:term":[{"taxonomy":"product_brand","embeddable":true,"href":"https:\/\/www.dehag.de\/fitnesswelten\/wp-json\/wp\/v2\/product_brand?post=1270"},{"taxonomy":"product_cat","embeddable":true,"href":"https:\/\/www.dehag.de\/fitnesswelten\/wp-json\/wp\/v2\/product_cat?post=1270"},{"taxonomy":"product_tag","embeddable":true,"href":"https:\/\/www.dehag.de\/fitnesswelten\/wp-json\/wp\/v2\/product_tag?post=1270"}],"curies":[{"name":"wp","href":"https:\/\/api.w.org\/{rel}","templated":true}]}}