{"id":1485,"date":"2020-01-13T11:44:31","date_gmt":"2020-01-13T10:44:31","guid":{"rendered":"https:\/\/dehag.info\/fitnesswelten\/produkt\/dehag-aqua-runner-belt-groesse-s-farbe-blau\/"},"modified":"2025-11-09T09:17:13","modified_gmt":"2025-11-09T08:17:13","slug":"aqua-runner-belt-groesse-s-farbe-blau","status":"publish","type":"product","link":"https:\/\/www.dehag.de\/fitnesswelten\/produkt\/aqua-runner-belt-groesse-s-farbe-blau\/","title":{"rendered":"Aqua Runner Belt (Gr\u00f6\u00dfe S) Farbe: Blau"},"content":{"rendered":"<p>Marke: DEHAG<\/p>\n<p>Der Leistungsstarke Aqua Jogging G\u00fcrtel mit hoher Auftriebskraft aus hautfreundlichem Spezialschaumstoff (Evazote) f\u00fcr den anspruchsvollen Aqua-Jogger. Perfekter Halt und ein sehr guter Auftrieb garantieren Ihnen den Spa\u00df und die Durchf\u00fchrung Ihres Trainings beim Aqua Jogging.<\/p>\n<p>Ein Markenartikel zum g\u00fcnstigen Preis.<\/p>\n<p>Auswahl:<\/p>\n<p>Gr\u00f6\u00dfe: (L\u00e4nge x Breite x St\u00e4rke)<br \/>\nGr\u00f6\u00dfe S f\u00fcr Kinder &#8211; Schaumstoffabmessung: ca. 50 x 22 x3 cm Preis 28,95 Netto<br \/>\nGr\u00f6\u00dfe M bis 60kg &#8211; Schaumstoffabmessung: ca. 67,5 x 22 x3 cm Preis 32,95 Netto<br \/>\nGr\u00f6\u00dfe L bis 100kg &#8211; Schaumstoffabmessung: ca. 75 x 27,5 x3 cm Preis 34,95 Netto<\/p>\n<p>Gr\u00f6\u00dfe: S = Kinder, M bis 60 kg, L bis 100 kg eignet sich besonders f\u00fcr Erwachsene mit einem etwas gr\u00f6\u00dferen Format.<\/p>\n<p>Lieferzeiten: 2-5 Tage<\/p>\n<p>&#8211; gilt f\u00fcr Lieferungen innerhalb Deutschlands, Lieferzeiten f\u00fcr andere L\u00e4nder entnehmen Sie bitte der Schaltfl\u00e4che mit den Versandinformationen<\/p>\n","protected":false},"excerpt":{"rendered":"<p>Der Aqua Runner G\u00fcrtel eignet sich ideal f\u00fcr Aquajogging.<\/p>\n","protected":false},"featured_media":3599,"template":"","meta":{"_et_pb_use_builder":"","_et_pb_old_content":"","_et_gb_content_width":""},"product_brand":[],"product_cat":[95],"product_tag":[],"class_list":{"0":"post-1485","1":"product","2":"type-product","3":"status-publish","4":"has-post-thumbnail","6":"product_cat-aqua-jogging-guertel-aqua-fitness","7":"product_shipping_class-dhl","9":"first","10":"instock","11":"taxable","12":"shipping-taxable","13":"purchasable","14":"product-type-simple"},"acf":[],"_links":{"self":[{"href":"https:\/\/www.dehag.de\/fitnesswelten\/wp-json\/wp\/v2\/product\/1485","targetHints":{"allow":["GET"]}}],"collection":[{"href":"https:\/\/www.dehag.de\/fitnesswelten\/wp-json\/wp\/v2\/product"}],"about":[{"href":"https:\/\/www.dehag.de\/fitnesswelten\/wp-json\/wp\/v2\/types\/product"}],"wp:featuredmedia":[{"embeddable":true,"href":"https:\/\/www.dehag.de\/fitnesswelten\/wp-json\/wp\/v2\/media\/3599"}],"wp:attachment":[{"href":"https:\/\/www.dehag.de\/fitnesswelten\/wp-json\/wp\/v2\/media?parent=1485"}],"wp:term":[{"taxonomy":"product_brand","embeddable":true,"href":"https:\/\/www.dehag.de\/fitnesswelten\/wp-json\/wp\/v2\/product_brand?post=1485"},{"taxonomy":"product_cat","embeddable":true,"href":"https:\/\/www.dehag.de\/fitnesswelten\/wp-json\/wp\/v2\/product_cat?post=1485"},{"taxonomy":"product_tag","embeddable":true,"href":"https:\/\/www.dehag.de\/fitnesswelten\/wp-json\/wp\/v2\/product_tag?post=1485"}],"curies":[{"name":"wp","href":"https:\/\/api.w.org\/{rel}","templated":true}]}}