{"id":1532,"date":"2022-03-23T15:17:32","date_gmt":"2022-03-23T14:17:32","guid":{"rendered":"https:\/\/dehag.info\/fitnesswelten\/produkt\/newline-damen-sport-shirt-kurzarm-rosa\/"},"modified":"2025-04-08T20:57:21","modified_gmt":"2025-04-08T18:57:21","slug":"newline-damen-sport-shirt-kurzarm","status":"publish","type":"product","link":"https:\/\/www.dehag.de\/fitnesswelten\/produkt\/newline-damen-sport-shirt-kurzarm\/","title":{"rendered":"NEWLINE Damen Sport-Shirt kurzarm"},"content":{"rendered":"<p>Die Produktfeatures des Newline Damen Sport-Shirt kurzarm<br \/>\n&#8211; Effektives Feuchtigkeitsmanagement<br \/>\n&#8211; Lockere Passform<br \/>\n&#8211; Ideal f\u00fcr Sport, Fitness Dance und Freizei<br \/>\n&#8211; Kann als Fitness T-Shirt und Lauf-Shirt getragen werden.<\/p>\n<p>Lieferzeiten: 2-5 Tage &#8211; gilt f\u00fcr Lieferungen innerhalb Deutschlands, Lieferzeiten f\u00fcr andere L\u00e4nder entnehmen Sie bitte der Schaltfl\u00e4che mit den Versandinformationen<\/p>\n","protected":false},"excerpt":{"rendered":"<p>Marke: NEWLINE<\/p>\n<p>Model: Sport-Shirt kurzarm\/Damen<br \/>\nMaterial: 100% Polyester<\/p>\n<p>Das Kurzarm-Sportshirt von Newline wird Dich bezaubern mit femininen Look. Der Armausschnitt bietet Dir viel Bewegungsfreiheit und verspricht jedem eine individuell sitzende Passform. Das Material ist leicht und sehr angenehm auf der Haut.<\/p>\n","protected":false},"featured_media":3419,"template":"","meta":{"_et_pb_use_builder":"","_et_pb_old_content":"","_et_gb_content_width":""},"product_brand":[],"product_cat":[96],"product_tag":[],"class_list":{"0":"post-1532","1":"product","2":"type-product","3":"status-publish","4":"has-post-thumbnail","6":"product_cat-fashion","7":"product_shipping_class-dhl","9":"first","10":"instock","11":"taxable","12":"shipping-taxable","13":"purchasable","14":"product-type-variable"},"acf":[],"_links":{"self":[{"href":"https:\/\/www.dehag.de\/fitnesswelten\/wp-json\/wp\/v2\/product\/1532","targetHints":{"allow":["GET"]}}],"collection":[{"href":"https:\/\/www.dehag.de\/fitnesswelten\/wp-json\/wp\/v2\/product"}],"about":[{"href":"https:\/\/www.dehag.de\/fitnesswelten\/wp-json\/wp\/v2\/types\/product"}],"wp:featuredmedia":[{"embeddable":true,"href":"https:\/\/www.dehag.de\/fitnesswelten\/wp-json\/wp\/v2\/media\/3419"}],"wp:attachment":[{"href":"https:\/\/www.dehag.de\/fitnesswelten\/wp-json\/wp\/v2\/media?parent=1532"}],"wp:term":[{"taxonomy":"product_brand","embeddable":true,"href":"https:\/\/www.dehag.de\/fitnesswelten\/wp-json\/wp\/v2\/product_brand?post=1532"},{"taxonomy":"product_cat","embeddable":true,"href":"https:\/\/www.dehag.de\/fitnesswelten\/wp-json\/wp\/v2\/product_cat?post=1532"},{"taxonomy":"product_tag","embeddable":true,"href":"https:\/\/www.dehag.de\/fitnesswelten\/wp-json\/wp\/v2\/product_tag?post=1532"}],"curies":[{"name":"wp","href":"https:\/\/api.w.org\/{rel}","templated":true}]}}