{"id":1540,"date":"2022-03-28T11:29:34","date_gmt":"2022-03-28T09:29:34","guid":{"rendered":"https:\/\/dehag.info\/fitnesswelten\/produkt\/newline-herren-imotion-sportshirt-t-shirt-blau\/"},"modified":"2022-08-11T11:13:11","modified_gmt":"2022-08-11T09:13:11","slug":"newline-herren-imotion-sportshirt-t-shirt","status":"publish","type":"product","link":"https:\/\/www.dehag.de\/fitnesswelten\/produkt\/newline-herren-imotion-sportshirt-t-shirt\/","title":{"rendered":"NEWLINE Herren Imotion Sportshirt T-Shirt"},"content":{"rendered":"<p>Die Produktfeatures des Newline Herren Imotion Sportshirt T-Shirt<br \/>\n\u2013 K\u00f6rper-geschnittenes modisches Design<br \/>\n\u2013 Leichter Komfort<br \/>\n\u2013 Mesh-Panel-Bel\u00fcftung f\u00fcr optimale Funktionalit\u00e4t<\/p>\n<p>Lieferzeiten: 2-5 Tage \u2013 gilt f\u00fcr Lieferungen innerhalb Deutschlands, Lieferzeiten f\u00fcr andere L\u00e4nder entnehmen Sie bitte der Schaltfl\u00e4che mit den Versandinformationen<\/p>\n","protected":false},"excerpt":{"rendered":"<p>Marke: NEWLINE<\/p>\n<p>Model: Imotion Sportshirt T-Shirt\/Herren<br \/>\nFarbe: Blau<br \/>\nMaterial: 100% Polyester<\/p>\n<p>Imotion Tee ist ein K\u00f6rper-geschnittenes Shirt in modischem Design. Leichter Komfort und Mesh-Panel-Bel\u00fcftung f\u00fcr optimale Funktionalit\u00e4t und Komfort. Das T-Shirt ist  besonderns f\u00fcr den Sommer geeignet.<\/p>\n<p>Das Herren  Sportshirt T-Shirt Imotion ist verf\u00fcgabr in den Gr\u00f6\u00dfen<br \/>\n&#8211; M<br \/>\n&#8211; L<br \/>\n&#8211; XL<\/p>\n","protected":false},"featured_media":1584,"template":"","meta":{"_et_pb_use_builder":"","_et_pb_old_content":"","_et_gb_content_width":""},"product_brand":[],"product_cat":[96],"product_tag":[],"class_list":{"0":"post-1540","1":"product","2":"type-product","3":"status-publish","4":"has-post-thumbnail","6":"product_cat-fashion","7":"product_shipping_class-dhl","9":"first","10":"instock","11":"taxable","12":"shipping-taxable","13":"purchasable","14":"product-type-simple"},"acf":[],"_links":{"self":[{"href":"https:\/\/www.dehag.de\/fitnesswelten\/wp-json\/wp\/v2\/product\/1540","targetHints":{"allow":["GET"]}}],"collection":[{"href":"https:\/\/www.dehag.de\/fitnesswelten\/wp-json\/wp\/v2\/product"}],"about":[{"href":"https:\/\/www.dehag.de\/fitnesswelten\/wp-json\/wp\/v2\/types\/product"}],"wp:featuredmedia":[{"embeddable":true,"href":"https:\/\/www.dehag.de\/fitnesswelten\/wp-json\/wp\/v2\/media\/1584"}],"wp:attachment":[{"href":"https:\/\/www.dehag.de\/fitnesswelten\/wp-json\/wp\/v2\/media?parent=1540"}],"wp:term":[{"taxonomy":"product_brand","embeddable":true,"href":"https:\/\/www.dehag.de\/fitnesswelten\/wp-json\/wp\/v2\/product_brand?post=1540"},{"taxonomy":"product_cat","embeddable":true,"href":"https:\/\/www.dehag.de\/fitnesswelten\/wp-json\/wp\/v2\/product_cat?post=1540"},{"taxonomy":"product_tag","embeddable":true,"href":"https:\/\/www.dehag.de\/fitnesswelten\/wp-json\/wp\/v2\/product_tag?post=1540"}],"curies":[{"name":"wp","href":"https:\/\/api.w.org\/{rel}","templated":true}]}}