{"id":1543,"date":"2022-03-28T11:48:23","date_gmt":"2022-03-28T09:48:23","guid":{"rendered":"https:\/\/dehag.info\/fitnesswelten\/produkt\/newline-herren-imotion-t-shirt-blau-grau-weiss\/"},"modified":"2025-04-08T20:57:41","modified_gmt":"2025-04-08T18:57:41","slug":"newline-herren-imotion-t-shirt-blau-grau","status":"publish","type":"product","link":"https:\/\/www.dehag.de\/fitnesswelten\/produkt\/newline-herren-imotion-t-shirt-blau-grau\/","title":{"rendered":"NEWLINE Herren Imotion T-Shirt &#8211; Blau \/ Grau"},"content":{"rendered":"<p>Die Produktfeatures des Newline Herren T-Shirt Imotion<br \/>\n&#8211;  Modisches k\u00f6rperbetontes Design<br \/>\n&#8211;  Leichter Tragekomfort<\/p>\n<p>Lieferzeiten: 2-5 Tage \u2013 gilt f\u00fcr Lieferungen innerhalb Deutschlands, Lieferzeiten f\u00fcr andere L\u00e4nder entnehmen Sie bitte der Schaltfl\u00e4che mit den Versandinformationen<\/p>\n","protected":false},"excerpt":{"rendered":"<p>Marke: NEWLINE<\/p>\n<p>Model: Imotion T-Shirt<br \/>\nFarbe: Blau \/ Grau<br \/>\nMaterial: 90% Polyester \/ 10% Elastan<\/p>\n<p>Newline Imotion Printed Light Tee Imotion Printed Tee ist ein k\u00f6rperbetontes T-Shirt in modischem Design. Leichter Komfort und Bel\u00fcftung durch Mesh-Eins\u00e4tze f\u00fcr optimale Funktionalit\u00e4t und Komfort. <\/p>\n<p>Das Tee ist am besten f\u00fcr den Sommer geeignet.<\/p>\n<p>Das Herren T-Shirt Imotion ist verf\u00fcgbar in den Gr\u00f6\u00dfen:<br \/>\n&#8211; M<br \/>\n&#8211; L<\/p>\n","protected":false},"featured_media":3632,"template":"","meta":{"_et_pb_use_builder":"","_et_pb_old_content":"","_et_gb_content_width":""},"product_brand":[],"product_cat":[96],"product_tag":[],"class_list":{"0":"post-1543","1":"product","2":"type-product","3":"status-publish","4":"has-post-thumbnail","6":"product_cat-fashion","7":"product_shipping_class-dhl","9":"first","10":"instock","11":"taxable","12":"shipping-taxable","13":"purchasable","14":"product-type-variable"},"acf":[],"_links":{"self":[{"href":"https:\/\/www.dehag.de\/fitnesswelten\/wp-json\/wp\/v2\/product\/1543","targetHints":{"allow":["GET"]}}],"collection":[{"href":"https:\/\/www.dehag.de\/fitnesswelten\/wp-json\/wp\/v2\/product"}],"about":[{"href":"https:\/\/www.dehag.de\/fitnesswelten\/wp-json\/wp\/v2\/types\/product"}],"wp:featuredmedia":[{"embeddable":true,"href":"https:\/\/www.dehag.de\/fitnesswelten\/wp-json\/wp\/v2\/media\/3632"}],"wp:attachment":[{"href":"https:\/\/www.dehag.de\/fitnesswelten\/wp-json\/wp\/v2\/media?parent=1543"}],"wp:term":[{"taxonomy":"product_brand","embeddable":true,"href":"https:\/\/www.dehag.de\/fitnesswelten\/wp-json\/wp\/v2\/product_brand?post=1543"},{"taxonomy":"product_cat","embeddable":true,"href":"https:\/\/www.dehag.de\/fitnesswelten\/wp-json\/wp\/v2\/product_cat?post=1543"},{"taxonomy":"product_tag","embeddable":true,"href":"https:\/\/www.dehag.de\/fitnesswelten\/wp-json\/wp\/v2\/product_tag?post=1543"}],"curies":[{"name":"wp","href":"https:\/\/api.w.org\/{rel}","templated":true}]}}