{"id":1544,"date":"2022-03-28T11:51:26","date_gmt":"2022-03-28T09:51:26","guid":{"rendered":"https:\/\/dehag.info\/fitnesswelten\/produkt\/newline-herren-imotion-windbreaker-shirt-schwarz\/"},"modified":"2025-04-08T20:56:41","modified_gmt":"2025-04-08T18:56:41","slug":"newline-herren-imotion-windbreaker-shirt-schwarz","status":"publish","type":"product","link":"https:\/\/www.dehag.de\/fitnesswelten\/produkt\/newline-herren-imotion-windbreaker-shirt-schwarz\/","title":{"rendered":"NEWLINE Herren Imotion Windbreaker Shirt &#8211;  Schwarz"},"content":{"rendered":"<p>Die Produktfeatures des Newline Windbreaker Shirt Imotion<br \/>\n&#8211; Rundhalsausschnitt mit legerer Passform<br \/>\n&#8211; gestricktes Stretchmaterial<br \/>\n&#8211; Windschutz vorne<br \/>\n&#8211; vorne Innenfutter<\/p>\n<p>Lieferzeiten: 2-5 Tage &#8211; gilt f\u00fcr Lieferungen innerhalb Deutschlands, Lieferzeiten f\u00fcr andere L\u00e4nder entnehmen Sie bitte der Schaltfl\u00e4che mit den Versandinformationen<\/p>\n","protected":false},"excerpt":{"rendered":"<p>Marke: NEWLINE<\/p>\n<p>Model: Imotion Windbreaker Shirt\/Herren<br \/>\nFarbe: Schwarz<br \/>\nMaterial: 88 % Polyamid\/ 12 % Elastan<br \/>\nInnenfutter: 100 % Polyester<\/p>\n<p>Das Imotion Windbreaker Shirt ist ein Rundhals-Shirt aus gestricktem Strechmaterial. Das vordere Innenfutter bietet optimalen Windschutz in der klaten Jahreszeit des weiteren erf\u00fcllt das Shirt ein hohes Ma\u00df an Funktionalit\u00e4t und Komfort.<\/p>\n<p>Das Shirt ist besonders f\u00fcr den Herbst und Fr\u00fchling geeignet.<\/p>\n","protected":false},"featured_media":3433,"template":"","meta":{"_et_pb_use_builder":"","_et_pb_old_content":"","_et_gb_content_width":""},"product_brand":[],"product_cat":[96],"product_tag":[],"class_list":{"0":"post-1544","1":"product","2":"type-product","3":"status-publish","4":"has-post-thumbnail","6":"product_cat-fashion","7":"product_shipping_class-dhl","9":"first","10":"instock","11":"taxable","12":"shipping-taxable","13":"purchasable","14":"product-type-simple"},"acf":[],"_links":{"self":[{"href":"https:\/\/www.dehag.de\/fitnesswelten\/wp-json\/wp\/v2\/product\/1544","targetHints":{"allow":["GET"]}}],"collection":[{"href":"https:\/\/www.dehag.de\/fitnesswelten\/wp-json\/wp\/v2\/product"}],"about":[{"href":"https:\/\/www.dehag.de\/fitnesswelten\/wp-json\/wp\/v2\/types\/product"}],"wp:featuredmedia":[{"embeddable":true,"href":"https:\/\/www.dehag.de\/fitnesswelten\/wp-json\/wp\/v2\/media\/3433"}],"wp:attachment":[{"href":"https:\/\/www.dehag.de\/fitnesswelten\/wp-json\/wp\/v2\/media?parent=1544"}],"wp:term":[{"taxonomy":"product_brand","embeddable":true,"href":"https:\/\/www.dehag.de\/fitnesswelten\/wp-json\/wp\/v2\/product_brand?post=1544"},{"taxonomy":"product_cat","embeddable":true,"href":"https:\/\/www.dehag.de\/fitnesswelten\/wp-json\/wp\/v2\/product_cat?post=1544"},{"taxonomy":"product_tag","embeddable":true,"href":"https:\/\/www.dehag.de\/fitnesswelten\/wp-json\/wp\/v2\/product_tag?post=1544"}],"curies":[{"name":"wp","href":"https:\/\/api.w.org\/{rel}","templated":true}]}}