{"id":1545,"date":"2022-03-28T11:55:33","date_gmt":"2022-03-28T09:55:33","guid":{"rendered":"https:\/\/dehag.info\/fitnesswelten\/produkt\/newline-herren-sport-shorts-blau\/"},"modified":"2025-04-08T20:56:42","modified_gmt":"2025-04-08T18:56:42","slug":"newline-herren-sport-shorts-blau","status":"publish","type":"product","link":"https:\/\/www.dehag.de\/fitnesswelten\/produkt\/newline-herren-sport-shorts-blau\/","title":{"rendered":"NEWLINE Herren Sport Shorts &#8211;  Blau"},"content":{"rendered":"<p>Die Produktfeatures des Newline Herren Sport Shorts;<\/p>\n<p>Lieferzeiten: 2-5 Tage- gilt f\u00fcr Lieferungen innerhalb Deutschlands, Lieferzeiten f\u00fcr andere L\u00e4nder entnehmen Sie bitte der Schaltfl\u00e4che mit den Versandinformationen<\/p>\n","protected":false},"excerpt":{"rendered":"<p>Marke: NEWLINE<\/p>\n<p>Model: Sport Shorts\/Herren<br \/>\nFarbe: Blau<br \/>\nMaterial: 100 % Polyester<\/p>\n<p>Die Herren Newline Sport Shorts ist verf\u00fcgbar in den Gr\u00f6\u00dfen<br \/>\n&#8211; M<br \/>\n&#8211; L<br \/>\n&#8211; XL<\/p>\n","protected":false},"featured_media":3435,"template":"","meta":{"_et_pb_use_builder":"","_et_pb_old_content":"","_et_gb_content_width":""},"product_brand":[],"product_cat":[96],"product_tag":[],"class_list":{"0":"post-1545","1":"product","2":"type-product","3":"status-publish","4":"has-post-thumbnail","6":"product_cat-fashion","7":"product_shipping_class-dhl","9":"first","10":"instock","11":"taxable","12":"shipping-taxable","13":"purchasable","14":"product-type-simple"},"acf":[],"_links":{"self":[{"href":"https:\/\/www.dehag.de\/fitnesswelten\/wp-json\/wp\/v2\/product\/1545","targetHints":{"allow":["GET"]}}],"collection":[{"href":"https:\/\/www.dehag.de\/fitnesswelten\/wp-json\/wp\/v2\/product"}],"about":[{"href":"https:\/\/www.dehag.de\/fitnesswelten\/wp-json\/wp\/v2\/types\/product"}],"wp:featuredmedia":[{"embeddable":true,"href":"https:\/\/www.dehag.de\/fitnesswelten\/wp-json\/wp\/v2\/media\/3435"}],"wp:attachment":[{"href":"https:\/\/www.dehag.de\/fitnesswelten\/wp-json\/wp\/v2\/media?parent=1545"}],"wp:term":[{"taxonomy":"product_brand","embeddable":true,"href":"https:\/\/www.dehag.de\/fitnesswelten\/wp-json\/wp\/v2\/product_brand?post=1545"},{"taxonomy":"product_cat","embeddable":true,"href":"https:\/\/www.dehag.de\/fitnesswelten\/wp-json\/wp\/v2\/product_cat?post=1545"},{"taxonomy":"product_tag","embeddable":true,"href":"https:\/\/www.dehag.de\/fitnesswelten\/wp-json\/wp\/v2\/product_tag?post=1545"}],"curies":[{"name":"wp","href":"https:\/\/api.w.org\/{rel}","templated":true}]}}