{"id":1548,"date":"2022-03-28T12:08:05","date_gmt":"2022-03-28T10:08:05","guid":{"rendered":"https:\/\/dehag.info\/fitnesswelten\/produkt\/newline-herren-imotion-sport-shorts-2-lagen-gruen-grau\/"},"modified":"2025-04-08T20:56:43","modified_gmt":"2025-04-08T18:56:43","slug":"newline-herren-imotion-sport-shorts-2-lagen-gruen-grau","status":"publish","type":"product","link":"https:\/\/www.dehag.de\/fitnesswelten\/produkt\/newline-herren-imotion-sport-shorts-2-lagen-gruen-grau\/","title":{"rendered":"NEWLINE Herren Imotion Sport Shorts 2-Lagen &#8211; Gr\u00fcn \/ Grau"},"content":{"rendered":"<p>Die Produktfeatures der Newline Herren Sport Shorts 2-Lagen<br \/>\n&#8211;  K\u00f6rperbetont<br \/>\n&#8211;  Leichter Stoff<br \/>\n&#8211; Stretch-Innenhose<\/p>\n<p>Lieferzeiten: 2-5 Tage \u2013 gilt f\u00fcr Lieferungen innerhalb Deutschlands, Lieferzeiten f\u00fcr andere L\u00e4nder entnehmen Sie bitte der Schaltfl\u00e4che mit den Versandinformationen<\/p>\n","protected":false},"excerpt":{"rendered":"<p>Marke: NEWLINE<\/p>\n<p>Model: Imotion Sport Shorts 2-Lagen\/Herren<br \/>\nFarbe: Gr\u00fcn \/ Grau<br \/>\nAu\u00dfenmaterial: 100% Polyester Innenhosen: 50% Polyamid \/ 35% Polyester \/ 15% Elasthan<\/p>\n<p>Newline Imotion 2-Lay Shorts Imotion 2-Lay Shorts sind k\u00f6rperbetont geschnittene Shorts aus leichtem Stoff. Stretch-Innenhose f\u00fcr optimale Funktionalit\u00e4t und Komfort. Die Shorts sind besonders  f\u00fcr den Sommer geeignet.<\/p>\n<p>Die Herren Sport Shorts 2-Lagen  ist verf\u00fcgbar in den Gr\u00f6\u00dfen<br \/>\n&#8211; M<br \/>\n&#8211; L<\/p>\n","protected":false},"featured_media":3440,"template":"","meta":{"_et_pb_use_builder":"","_et_pb_old_content":"","_et_gb_content_width":""},"product_brand":[],"product_cat":[96],"product_tag":[],"class_list":{"0":"post-1548","1":"product","2":"type-product","3":"status-publish","4":"has-post-thumbnail","6":"product_cat-fashion","7":"product_shipping_class-dhl","9":"first","10":"instock","11":"taxable","12":"shipping-taxable","13":"purchasable","14":"product-type-simple"},"acf":[],"_links":{"self":[{"href":"https:\/\/www.dehag.de\/fitnesswelten\/wp-json\/wp\/v2\/product\/1548","targetHints":{"allow":["GET"]}}],"collection":[{"href":"https:\/\/www.dehag.de\/fitnesswelten\/wp-json\/wp\/v2\/product"}],"about":[{"href":"https:\/\/www.dehag.de\/fitnesswelten\/wp-json\/wp\/v2\/types\/product"}],"wp:featuredmedia":[{"embeddable":true,"href":"https:\/\/www.dehag.de\/fitnesswelten\/wp-json\/wp\/v2\/media\/3440"}],"wp:attachment":[{"href":"https:\/\/www.dehag.de\/fitnesswelten\/wp-json\/wp\/v2\/media?parent=1548"}],"wp:term":[{"taxonomy":"product_brand","embeddable":true,"href":"https:\/\/www.dehag.de\/fitnesswelten\/wp-json\/wp\/v2\/product_brand?post=1548"},{"taxonomy":"product_cat","embeddable":true,"href":"https:\/\/www.dehag.de\/fitnesswelten\/wp-json\/wp\/v2\/product_cat?post=1548"},{"taxonomy":"product_tag","embeddable":true,"href":"https:\/\/www.dehag.de\/fitnesswelten\/wp-json\/wp\/v2\/product_tag?post=1548"}],"curies":[{"name":"wp","href":"https:\/\/api.w.org\/{rel}","templated":true}]}}