{"id":1549,"date":"2022-03-28T12:10:22","date_gmt":"2022-03-28T10:10:22","guid":{"rendered":"https:\/\/dehag.info\/fitnesswelten\/produkt\/newline-herren-imotion-sport-shorts-2-lagen-blau-weiss-marmoriert\/"},"modified":"2025-04-08T20:57:14","modified_gmt":"2025-04-08T18:57:14","slug":"newline-herren-imotion-sport-shorts-2-lagen-blau-weiss","status":"publish","type":"product","link":"https:\/\/www.dehag.de\/fitnesswelten\/produkt\/newline-herren-imotion-sport-shorts-2-lagen-blau-weiss\/","title":{"rendered":"NEWLINE Herren Imotion Sport Shorts 2-Lagen &#8211;  Blau \/ Wei\u00df"},"content":{"rendered":"<p>Die Produktfeatures der Newline Herren Imotion Sport Shorts 2-Lagen<br \/>\n\u2013 K\u00f6rperbetont<br \/>\n\u2013 Leichter Stoff<br \/>\n\u2013 Stretch-Innenhose<\/p>\n<p>Lieferzeiten: 2-5 Tage \u2013 gilt f\u00fcr Lieferungen innerhalb Deutschlands, Lieferzeiten f\u00fcr andere L\u00e4nder entnehmen Sie bitte der Schaltfl\u00e4che mit den Versandinformationen<\/p>\n","protected":false},"excerpt":{"rendered":"<p>Marke: NEWLINE<\/p>\n<p>Model: Imotion Sport Shorts 2-Lagen\/Herren<br \/>\nFarbe: Blau<br \/>\nAu\u00dfenmaterial: 100% Polyester Innenhose: 88% Polyester \/ 12% Elastan<\/p>\n<p>Newline Imotion Printed 2-Lay Shorts Imotion Printed 2-Lay Shorts sind k\u00f6rperbetonte Shorts aus leichtem Stoff. Stretch-Innenhose f\u00fcr optimale Funktionalit\u00e4t und Komfort.<br \/>\nDie Shorts sind besonders f\u00fcr den Sommer geeignet.<\/p>\n<p>Diese sportliche Shorts ist verf\u00fcgbar in den Gr\u00f6\u00dfen<br \/>\n&#8211; M<br \/>\n&#8211; L<\/p>\n","protected":false},"featured_media":3441,"template":"","meta":{"_et_pb_use_builder":"","_et_pb_old_content":"","_et_gb_content_width":""},"product_brand":[],"product_cat":[96],"product_tag":[],"class_list":{"0":"post-1549","1":"product","2":"type-product","3":"status-publish","4":"has-post-thumbnail","6":"product_cat-fashion","7":"product_shipping_class-dhl","9":"first","10":"instock","11":"taxable","12":"shipping-taxable","13":"purchasable","14":"product-type-variable"},"acf":[],"_links":{"self":[{"href":"https:\/\/www.dehag.de\/fitnesswelten\/wp-json\/wp\/v2\/product\/1549","targetHints":{"allow":["GET"]}}],"collection":[{"href":"https:\/\/www.dehag.de\/fitnesswelten\/wp-json\/wp\/v2\/product"}],"about":[{"href":"https:\/\/www.dehag.de\/fitnesswelten\/wp-json\/wp\/v2\/types\/product"}],"wp:featuredmedia":[{"embeddable":true,"href":"https:\/\/www.dehag.de\/fitnesswelten\/wp-json\/wp\/v2\/media\/3441"}],"wp:attachment":[{"href":"https:\/\/www.dehag.de\/fitnesswelten\/wp-json\/wp\/v2\/media?parent=1549"}],"wp:term":[{"taxonomy":"product_brand","embeddable":true,"href":"https:\/\/www.dehag.de\/fitnesswelten\/wp-json\/wp\/v2\/product_brand?post=1549"},{"taxonomy":"product_cat","embeddable":true,"href":"https:\/\/www.dehag.de\/fitnesswelten\/wp-json\/wp\/v2\/product_cat?post=1549"},{"taxonomy":"product_tag","embeddable":true,"href":"https:\/\/www.dehag.de\/fitnesswelten\/wp-json\/wp\/v2\/product_tag?post=1549"}],"curies":[{"name":"wp","href":"https:\/\/api.w.org\/{rel}","templated":true}]}}