{"id":1551,"date":"2022-03-28T13:03:18","date_gmt":"2022-03-28T11:03:18","guid":{"rendered":"https:\/\/dehag.info\/fitnesswelten\/produkt\/newline-herren-imotion-laufhose-eng-grau\/"},"modified":"2025-04-08T20:56:47","modified_gmt":"2025-04-08T18:56:47","slug":"newline-herren-imotion-laufhose-eng-grau","status":"publish","type":"product","link":"https:\/\/www.dehag.de\/fitnesswelten\/produkt\/newline-herren-imotion-laufhose-eng-grau\/","title":{"rendered":"NEWLINE Herren Imotion Laufhose Eng &#8211; grau"},"content":{"rendered":"<p>Marke: NEWLINE<br \/>\nDie Imotion Heather Warm Tights ist eine Laufhose aus grau-meliertem Stoff und mit einer angerauten Thermo-Innenseite. Die Laufhose verf\u00fcgt \u00fcber einen elastischen Bund mit Kordelzug, elastische Fu\u00dfs\u00e4ume, eine Ges\u00e4\u00dftasche mit Rei\u00dfverschluss und Flachstichn\u00e4hten f\u00fcr optimale Funktionalit\u00e4t und Komfort. Die Laufhose ist f\u00fcr den Winter geeignet.<\/p>\n<p>Material<br \/>\n49 % Polyamid \/ 38 % Polyester \/ 13 % Elastan<\/p>\n<p>Wichtigste Merkmale<br \/>\nangeraute Innenseite f\u00fcr einen Thermo-Effekt<br \/>\ngrau-melierter Stoff<br \/>\nFlachstichn\u00e4hte<br \/>\nGes\u00e4\u00dftasche mit Rei\u00dfverschluss<br \/>\nelastische Fu\u00dfs\u00e4ume, die nicht verrutschen<br \/>\nelastischer Bund mit Kordelzug<br \/>\nLieferzeiten: 2-5 Tage- gilt f\u00fcr Lieferungen innerhalb Deutschlands, Lieferzeiten f\u00fcr andere L\u00e4nder entnehmen Sie bitte der Schaltfl\u00e4che mit den Versandinformationen<\/p>\n","protected":false},"excerpt":{"rendered":"<p>Marke: NEWLINE<br \/>\nDie Imotion Heather Warm Tights ist eine Laufhose aus grau-meliertem Stoff und mit einer angerauten Thermo-Innenseite. Die Laufhose verf\u00fcgt \u00fcber einen elastischen Bund mit Kordelzug, elastische Fu\u00dfs\u00e4ume, eine Ges\u00e4\u00dftasche mit Rei\u00dfverschluss und Flachstichn\u00e4hten f\u00fcr optimale Funktionalit\u00e4t und Komfort. Die Laufhose is besonderst f\u00fcr den Winter geeignet.<\/p>\n<p>Die Hose ist verf\u00fcgbar in den Gr\u00f6\u00dfen<br \/>\n&#8211; L<br \/>\n&#8211; XL<\/p>\n","protected":false},"featured_media":3446,"template":"","meta":{"_et_pb_use_builder":"","_et_pb_old_content":"","_et_gb_content_width":""},"product_brand":[],"product_cat":[96],"product_tag":[],"class_list":{"0":"post-1551","1":"product","2":"type-product","3":"status-publish","4":"has-post-thumbnail","6":"product_cat-fashion","7":"product_shipping_class-dhl","9":"first","10":"instock","11":"taxable","12":"shipping-taxable","13":"purchasable","14":"product-type-simple"},"acf":[],"_links":{"self":[{"href":"https:\/\/www.dehag.de\/fitnesswelten\/wp-json\/wp\/v2\/product\/1551","targetHints":{"allow":["GET"]}}],"collection":[{"href":"https:\/\/www.dehag.de\/fitnesswelten\/wp-json\/wp\/v2\/product"}],"about":[{"href":"https:\/\/www.dehag.de\/fitnesswelten\/wp-json\/wp\/v2\/types\/product"}],"wp:featuredmedia":[{"embeddable":true,"href":"https:\/\/www.dehag.de\/fitnesswelten\/wp-json\/wp\/v2\/media\/3446"}],"wp:attachment":[{"href":"https:\/\/www.dehag.de\/fitnesswelten\/wp-json\/wp\/v2\/media?parent=1551"}],"wp:term":[{"taxonomy":"product_brand","embeddable":true,"href":"https:\/\/www.dehag.de\/fitnesswelten\/wp-json\/wp\/v2\/product_brand?post=1551"},{"taxonomy":"product_cat","embeddable":true,"href":"https:\/\/www.dehag.de\/fitnesswelten\/wp-json\/wp\/v2\/product_cat?post=1551"},{"taxonomy":"product_tag","embeddable":true,"href":"https:\/\/www.dehag.de\/fitnesswelten\/wp-json\/wp\/v2\/product_tag?post=1551"}],"curies":[{"name":"wp","href":"https:\/\/api.w.org\/{rel}","templated":true}]}}