{"id":1554,"date":"2022-03-28T13:17:34","date_gmt":"2022-03-28T11:17:34","guid":{"rendered":"https:\/\/dehag.info\/fitnesswelten\/produkt\/newline-damen-laufhose-eng-grau-schwarz\/"},"modified":"2025-04-08T20:56:48","modified_gmt":"2025-04-08T18:56:48","slug":"newline-damen-laufhose-eng-grau-schwarz","status":"publish","type":"product","link":"https:\/\/www.dehag.de\/fitnesswelten\/produkt\/newline-damen-laufhose-eng-grau-schwarz\/","title":{"rendered":"NEWLINE Damen Laufhose Eng &#8211; grau\/schwarz"},"content":{"rendered":"<p>Marke: NEWLINE<br \/>\nDie Newline Damen Lauf und Fitness Leggings besticht nicht durch das modischen Design sonder auch die hohe und weiche Stetch-Qualit\u00e4t. Die reibungsarmen Flachn\u00e4hte sowie die k\u00f6rpernahe Passform sorgen f\u00fcr ein angenehmes Tragegef\u00fchl.<\/p>\n<p>Durch die reflektierenden Elemente wirst du immer im Dunkeln wargenommen.<br \/>\nMaterial Oberstoff: 90% Polyester, 10% Elasthan<br \/>\nPflegehinweise: Maschinenw\u00e4sche bei 40\u00b0C, nicht Trockner geeignet<br \/>\nLieferzeiten: 2-5 Tage- gilt f\u00fcr Lieferungen innerhalb Deutschlands, Lieferzeiten f\u00fcr andere L\u00e4nder entnehmen Sie bitte der Schaltfl\u00e4che mit den Versandinformationen<\/p>\n","protected":false},"excerpt":{"rendered":"<p>Marke: NEWLINE<br \/>\nDie Newline Damen Lauf und Fitness Leggings besticht nicht durch das modischen Design sonder auch die hohe und weiche Stetch-Qualit\u00e4t. Die reibungsarmen Flachn\u00e4hte sowie die k\u00f6rpernahe Passform sorgen f\u00fcr ein angenehmes Tragegef\u00fchl.<\/p>\n<p>Diese Hose ist verf\u00fcgbar in den Gr\u00f6\u00dfen<br \/>\n&#8211; M<br \/>\n&#8211; L<\/p>\n","protected":false},"featured_media":3454,"template":"","meta":{"_et_pb_use_builder":"","_et_pb_old_content":"","_et_gb_content_width":""},"product_brand":[],"product_cat":[96],"product_tag":[],"class_list":{"0":"post-1554","1":"product","2":"type-product","3":"status-publish","4":"has-post-thumbnail","6":"product_cat-fashion","7":"product_shipping_class-dhl","9":"first","10":"instock","11":"taxable","12":"shipping-taxable","13":"purchasable","14":"product-type-simple"},"acf":[],"_links":{"self":[{"href":"https:\/\/www.dehag.de\/fitnesswelten\/wp-json\/wp\/v2\/product\/1554","targetHints":{"allow":["GET"]}}],"collection":[{"href":"https:\/\/www.dehag.de\/fitnesswelten\/wp-json\/wp\/v2\/product"}],"about":[{"href":"https:\/\/www.dehag.de\/fitnesswelten\/wp-json\/wp\/v2\/types\/product"}],"wp:featuredmedia":[{"embeddable":true,"href":"https:\/\/www.dehag.de\/fitnesswelten\/wp-json\/wp\/v2\/media\/3454"}],"wp:attachment":[{"href":"https:\/\/www.dehag.de\/fitnesswelten\/wp-json\/wp\/v2\/media?parent=1554"}],"wp:term":[{"taxonomy":"product_brand","embeddable":true,"href":"https:\/\/www.dehag.de\/fitnesswelten\/wp-json\/wp\/v2\/product_brand?post=1554"},{"taxonomy":"product_cat","embeddable":true,"href":"https:\/\/www.dehag.de\/fitnesswelten\/wp-json\/wp\/v2\/product_cat?post=1554"},{"taxonomy":"product_tag","embeddable":true,"href":"https:\/\/www.dehag.de\/fitnesswelten\/wp-json\/wp\/v2\/product_tag?post=1554"}],"curies":[{"name":"wp","href":"https:\/\/api.w.org\/{rel}","templated":true}]}}