{"id":1557,"date":"2022-03-28T13:27:01","date_gmt":"2022-03-28T11:27:01","guid":{"rendered":"https:\/\/dehag.info\/fitnesswelten\/produkt\/newline-damen-enge-laufleggings-thermo-laufhose-schwarz\/"},"modified":"2025-04-08T20:56:08","modified_gmt":"2025-04-08T18:56:08","slug":"newline-damen-enge-laufleggings-thermo-laufhose-schwarz","status":"publish","type":"product","link":"https:\/\/www.dehag.de\/fitnesswelten\/produkt\/newline-damen-enge-laufleggings-thermo-laufhose-schwarz\/","title":{"rendered":"NEWLINE Damen Enge Laufleggings Thermo Laufhose &#8211; schwarz"},"content":{"rendered":"<p>Marke: NEWLINE<br \/>\nDamen Laufhose f\u00fcr kalte Tage der Marke Newline.<\/p>\n<p>Ideal f\u00fcr k\u00fchle Tage<br \/>\nAngepasster Schnitt<br \/>\nHochwertiges, warmes Lycra<br \/>\nKleine Tasche mit Zipp<br \/>\nWeiches und angenehmes Microfleece von Innen<br \/>\nBunte N\u00e4hte<br \/>\nKordelbund in der Taille<br \/>\nSilikonabschl\u00fcsse + Zippe in den Hosenbeinen<br \/>\nReflexelemente<br \/>\nVerwendungszeitraum ca. 0 Grad. C<br \/>\nMaterial<br \/>\n87% Polyester, 13% Elasthan<\/p>\n<p>Lieferzeiten: 2-5 Tage<\/p>\n<p>&#8211; gilt f\u00fcr Lieferungen innerhalb Deutschlands, Lieferzeiten f\u00fcr andere L\u00e4nder entnehmen Sie bitte der Schaltfl\u00e4che mit den Versandinformationen<\/p>\n","protected":false},"excerpt":{"rendered":"<p>Marke: NEWLINE<br \/>\nDamen Laufhose f\u00fcr kalte Tage der Marke Newline.<\/p>\n<p>Ideal f\u00fcr k\u00fchle Tage<br \/>\nAngepasster Schnitt<br \/>\nHochwertiges, warmes Lycra<br \/>\nKleine Tasche mit Zipp<br \/>\nWeiches und angenehmes Microfleece von Innen<br \/>\nBunte N\u00e4hte<br \/>\nKordelbund in der Taille<br \/>\nSilikonabschl\u00fcsse + Zippe in den Hosenbeinen<br \/>\nReflexelemente<br \/>\nVerwendungszeitraum ca. 0 Grad C<\/p>\n<p>Diese Leggings ist verf\u00fcgbar in der Gr\u00f6\u00dfe<br \/>\n&#8211; L<\/p>\n","protected":false},"featured_media":3461,"template":"","meta":{"_et_pb_use_builder":"","_et_pb_old_content":"","_et_gb_content_width":""},"product_brand":[],"product_cat":[96],"product_tag":[],"class_list":{"0":"post-1557","1":"product","2":"type-product","3":"status-publish","4":"has-post-thumbnail","6":"product_cat-fashion","7":"product_shipping_class-dhl","9":"first","10":"instock","11":"taxable","12":"shipping-taxable","13":"purchasable","14":"product-type-simple"},"acf":[],"_links":{"self":[{"href":"https:\/\/www.dehag.de\/fitnesswelten\/wp-json\/wp\/v2\/product\/1557","targetHints":{"allow":["GET"]}}],"collection":[{"href":"https:\/\/www.dehag.de\/fitnesswelten\/wp-json\/wp\/v2\/product"}],"about":[{"href":"https:\/\/www.dehag.de\/fitnesswelten\/wp-json\/wp\/v2\/types\/product"}],"wp:featuredmedia":[{"embeddable":true,"href":"https:\/\/www.dehag.de\/fitnesswelten\/wp-json\/wp\/v2\/media\/3461"}],"wp:attachment":[{"href":"https:\/\/www.dehag.de\/fitnesswelten\/wp-json\/wp\/v2\/media?parent=1557"}],"wp:term":[{"taxonomy":"product_brand","embeddable":true,"href":"https:\/\/www.dehag.de\/fitnesswelten\/wp-json\/wp\/v2\/product_brand?post=1557"},{"taxonomy":"product_cat","embeddable":true,"href":"https:\/\/www.dehag.de\/fitnesswelten\/wp-json\/wp\/v2\/product_cat?post=1557"},{"taxonomy":"product_tag","embeddable":true,"href":"https:\/\/www.dehag.de\/fitnesswelten\/wp-json\/wp\/v2\/product_tag?post=1557"}],"curies":[{"name":"wp","href":"https:\/\/api.w.org\/{rel}","templated":true}]}}