{"id":1558,"date":"2022-03-28T13:31:30","date_gmt":"2022-03-28T11:31:30","guid":{"rendered":"https:\/\/dehag.info\/fitnesswelten\/produkt\/newline-damen-7-8-laufhose-laufleggings-schwarz\/"},"modified":"2025-04-08T20:56:08","modified_gmt":"2025-04-08T18:56:08","slug":"newline-damen-7-8-laufhose-laufleggings-schwarz","status":"publish","type":"product","link":"https:\/\/www.dehag.de\/fitnesswelten\/produkt\/newline-damen-7-8-laufhose-laufleggings-schwarz\/","title":{"rendered":"NEWLINE Damen 7\/8 Laufhose Laufleggings &#8211; schwarz"},"content":{"rendered":"<p>Marke: NEWLINE<br \/>\nNewline Imotion 7\/8 Tights Imotion 7\/8 Tights sind eng anliegende Strumpfhosen in einem modischen Colorblock-Design. Weiches Stretchmaterial und flache N\u00e4hte sorgen f\u00fcr optimale Funktionalit\u00e4t und Komfort. Die Strumpfhose hat einen verdeckten elastischen Bund und eine Ges\u00e4\u00dftasche mit Rei\u00dfverschluss. Die Strumpfhose ist besonders f\u00fcr den Herbst\/Fr\u00fchling geeignet. Material: Hauptmaterial: 90% Polyester \/ 10% Elastan \/\/ Mesh: 90% Polyester \/ 10% Elastan<\/p>\n<p>\u00dcbersetzt mit www.DeepL.com\/Translator (kostenlose Version)<\/p>\n<p>Lieferzeiten: 2-5 Tage<\/p>\n<p>&#8211; gilt f\u00fcr Lieferungen innerhalb Deutschlands, Lieferzeiten f\u00fcr andere L\u00e4nder entnehmen Sie bitte der Schaltfl\u00e4che mit den Versandinformationen<\/p>\n","protected":false},"excerpt":{"rendered":"<p>Marke: NEWLINE<br \/>\nNewline Imotion 7\/8 Tights Imotion 7\/8 Tights sind eng anliegende Strumpfhosen in einem modischen Colorblock-Design. Weiches Stretchmaterial und flache N\u00e4hte sorgen f\u00fcr optimale Funktionalit\u00e4t und Komfort. Die Strumpfhose hat einen verdeckten elastischen Bund und eine Ges\u00e4\u00dftasche mit Rei\u00dfverschluss. Die Strumpfhose ist besonders f\u00fcr den Herbst\/Fr\u00fchling geeignet.<\/p>\n<p>Die Hose ist verf\u00fcgbar in den Gr\u00f6\u00dfen<br \/>\n&#8211; XS<br \/>\n&#8211; S<br \/>\n&#8211; M<br \/>\n-L <\/p>\n","protected":false},"featured_media":3462,"template":"","meta":{"_et_pb_use_builder":"","_et_pb_old_content":"","_et_gb_content_width":""},"product_brand":[],"product_cat":[96],"product_tag":[],"class_list":{"0":"post-1558","1":"product","2":"type-product","3":"status-publish","4":"has-post-thumbnail","6":"product_cat-fashion","7":"product_shipping_class-dhl","9":"first","10":"instock","11":"taxable","12":"shipping-taxable","13":"purchasable","14":"product-type-simple"},"acf":[],"_links":{"self":[{"href":"https:\/\/www.dehag.de\/fitnesswelten\/wp-json\/wp\/v2\/product\/1558","targetHints":{"allow":["GET"]}}],"collection":[{"href":"https:\/\/www.dehag.de\/fitnesswelten\/wp-json\/wp\/v2\/product"}],"about":[{"href":"https:\/\/www.dehag.de\/fitnesswelten\/wp-json\/wp\/v2\/types\/product"}],"wp:featuredmedia":[{"embeddable":true,"href":"https:\/\/www.dehag.de\/fitnesswelten\/wp-json\/wp\/v2\/media\/3462"}],"wp:attachment":[{"href":"https:\/\/www.dehag.de\/fitnesswelten\/wp-json\/wp\/v2\/media?parent=1558"}],"wp:term":[{"taxonomy":"product_brand","embeddable":true,"href":"https:\/\/www.dehag.de\/fitnesswelten\/wp-json\/wp\/v2\/product_brand?post=1558"},{"taxonomy":"product_cat","embeddable":true,"href":"https:\/\/www.dehag.de\/fitnesswelten\/wp-json\/wp\/v2\/product_cat?post=1558"},{"taxonomy":"product_tag","embeddable":true,"href":"https:\/\/www.dehag.de\/fitnesswelten\/wp-json\/wp\/v2\/product_tag?post=1558"}],"curies":[{"name":"wp","href":"https:\/\/api.w.org\/{rel}","templated":true}]}}