{"id":1560,"date":"2022-03-28T13:39:28","date_gmt":"2022-03-28T11:39:28","guid":{"rendered":"https:\/\/dehag.info\/fitnesswelten\/produkt\/newline-damen-3-4-lauf-hose-schwarz\/"},"modified":"2025-04-08T20:56:09","modified_gmt":"2025-04-08T18:56:09","slug":"newline-damen-3-4-lauf-hose-schwarz","status":"publish","type":"product","link":"https:\/\/www.dehag.de\/fitnesswelten\/produkt\/newline-damen-3-4-lauf-hose-schwarz\/","title":{"rendered":"NEWLINE Damen 3\/4 Lauf-Hose &#8211; schwarz"},"content":{"rendered":"<p>Marke: NEWLINE<br \/>\nDie 3\/4 Knielaufhose f\u00fcr Damen von Newline zeichnet sich durch die optimale Feuchtigkeitsregulierung aus. Durch den angepasseten Damen Schnitt und den seichten N\u00e4hten erreicht die Tight ein hohes Ma\u00df am Tragekomfort. Diese 3\/4 Knietrainingshose ist mit Reflexelenten sowie einer Tasche mit Rei\u00dfverschluss an der R\u00fcckseite versehen.<\/p>\n<p>Durch ihre seichten N\u00e4hte bietet die Laufjacke einen hohen Tragekomfort.<br \/>\nDie H\u00f6se ist sehr atmungsaktiv und schnelltrocknend.<br \/>\nSie verf\u00fcgt \u00fcber eine kleine Tasche mit Zippverschluss, einen Kordelb und einen Silikonabschluss am Hosenbein.<br \/>\nIhre Sichtbarkeit wird durch Reflexelemente erh\u00f6ht.<br \/>\nDer Schnitt wurde f\u00fcr Damen angepasst.<br \/>\nMaterial: 90 % Polyester und 10% Elastan<br \/>\nLieferzeiten: 2-5 Tage- gilt f\u00fcr Lieferungen innerhalb Deutschlands, Lieferzeiten f\u00fcr andere L\u00e4nder entnehmen Sie bitte der Schaltfl\u00e4che mit den Versandinformationen<\/p>\n","protected":false},"excerpt":{"rendered":"<p>Marke: NEWLINE<br \/>\nDie 3\/4 Knielaufhose f\u00fcr Damen von Newline zeichnet sich durch die optimale Feuchtigkeitsregulierung aus. Durch den angepasseten Damen Schnitt und den seichten N\u00e4hten erreicht die Tight ein hohes Ma\u00df am Tragekomfort. Diese 3\/4 Knietrainingshose ist mit Reflexelenten sowie einer Tasche mit Rei\u00dfverschluss an der R\u00fcckseite versehen.<\/p>\n<p>Die Hose ist verf\u00fcgbar in den Gr\u00f6\u00dfen<br \/>\n&#8211; S<br \/>\n&#8211; M<br \/>\n&#8211; L <\/p>\n","protected":false},"featured_media":3465,"template":"","meta":{"_et_pb_use_builder":"","_et_pb_old_content":"","_et_gb_content_width":""},"product_brand":[],"product_cat":[96],"product_tag":[],"class_list":{"0":"post-1560","1":"product","2":"type-product","3":"status-publish","4":"has-post-thumbnail","6":"product_cat-fashion","7":"product_shipping_class-dhl","9":"first","10":"instock","11":"taxable","12":"shipping-taxable","13":"purchasable","14":"product-type-simple"},"acf":[],"_links":{"self":[{"href":"https:\/\/www.dehag.de\/fitnesswelten\/wp-json\/wp\/v2\/product\/1560","targetHints":{"allow":["GET"]}}],"collection":[{"href":"https:\/\/www.dehag.de\/fitnesswelten\/wp-json\/wp\/v2\/product"}],"about":[{"href":"https:\/\/www.dehag.de\/fitnesswelten\/wp-json\/wp\/v2\/types\/product"}],"wp:featuredmedia":[{"embeddable":true,"href":"https:\/\/www.dehag.de\/fitnesswelten\/wp-json\/wp\/v2\/media\/3465"}],"wp:attachment":[{"href":"https:\/\/www.dehag.de\/fitnesswelten\/wp-json\/wp\/v2\/media?parent=1560"}],"wp:term":[{"taxonomy":"product_brand","embeddable":true,"href":"https:\/\/www.dehag.de\/fitnesswelten\/wp-json\/wp\/v2\/product_brand?post=1560"},{"taxonomy":"product_cat","embeddable":true,"href":"https:\/\/www.dehag.de\/fitnesswelten\/wp-json\/wp\/v2\/product_cat?post=1560"},{"taxonomy":"product_tag","embeddable":true,"href":"https:\/\/www.dehag.de\/fitnesswelten\/wp-json\/wp\/v2\/product_tag?post=1560"}],"curies":[{"name":"wp","href":"https:\/\/api.w.org\/{rel}","templated":true}]}}