{"id":1561,"date":"2022-03-28T13:42:55","date_gmt":"2022-03-28T11:42:55","guid":{"rendered":"https:\/\/dehag.info\/fitnesswelten\/produkt\/newline-damen-2-lagen-sport-shorts-schwarz-rosa\/"},"modified":"2022-06-30T16:55:11","modified_gmt":"2022-06-30T14:55:11","slug":"newline-damen-2-lagen-sport-shorts-schwarz-rosa","status":"publish","type":"product","link":"https:\/\/www.dehag.de\/fitnesswelten\/produkt\/newline-damen-2-lagen-sport-shorts-schwarz-rosa\/","title":{"rendered":"NEWLINE Damen 2-Lagen Sport Shorts &#8211; schwarz\/rosa"},"content":{"rendered":"<p>Die Produktfeatures der Sport Shorts 2-Lagen<br \/>\n&#8211; Sie sind sehr atmungsaktiv.<br \/>\n&#8211; Hohen Tragekomfort<br \/>\n&#8211; Der Hosenbund ist elastisch.<\/p>\n<p>Lieferzeiten: 2-5 Tage- gilt f\u00fcr Lieferungen innerhalb Deutschlands, Lieferzeiten f\u00fcr andere L\u00e4nder entnehmen Sie bitte der Schaltfl\u00e4che mit den Versandinformationen<\/p>\n","protected":false},"excerpt":{"rendered":"<p>Marke: NEWLINE<\/p>\n<p>Model: Sport Shorts 2-Lagen\/Damen<br \/>\nMaterial Hose: 100% Soft Micro Polyester \/ Material Innenhose 88% Polyester 18% Elastan<\/p>\n<p>Die 2 in 1 Sport- und Laufshorts f\u00fcr Damen von Newline zeichnen sich durch eine weiche Microfaser aus. Durch die eng anliegende Innenhose und die lockere Au\u00dfenhose mit verdecktem Teilenbund und den seichten N\u00e4hten erreicht die Laufhose ein hohes Ma\u00df an Tragekomfort. Die elastische Innenhose gew\u00e4hrleistet einen perfekten Halt bei jeder Aktivit\u00e4t .<\/p>\n<p>Die sportliche und feminine Shorts ist verf\u00fcgbar in den Gr\u00f6\u00dfen<br \/>\n&#8211; XS<br \/>\n&#8211; S<br \/>\n&#8211; M<br \/>\n&#8211; L<\/p>\n","protected":false},"featured_media":1628,"template":"","meta":{"_et_pb_use_builder":"","_et_pb_old_content":"","_et_gb_content_width":""},"product_brand":[],"product_cat":[96],"product_tag":[],"class_list":{"0":"post-1561","1":"product","2":"type-product","3":"status-publish","4":"has-post-thumbnail","6":"product_cat-fashion","7":"product_shipping_class-dhl","9":"first","10":"instock","11":"taxable","12":"shipping-taxable","13":"purchasable","14":"product-type-simple"},"acf":[],"_links":{"self":[{"href":"https:\/\/www.dehag.de\/fitnesswelten\/wp-json\/wp\/v2\/product\/1561","targetHints":{"allow":["GET"]}}],"collection":[{"href":"https:\/\/www.dehag.de\/fitnesswelten\/wp-json\/wp\/v2\/product"}],"about":[{"href":"https:\/\/www.dehag.de\/fitnesswelten\/wp-json\/wp\/v2\/types\/product"}],"wp:featuredmedia":[{"embeddable":true,"href":"https:\/\/www.dehag.de\/fitnesswelten\/wp-json\/wp\/v2\/media\/1628"}],"wp:attachment":[{"href":"https:\/\/www.dehag.de\/fitnesswelten\/wp-json\/wp\/v2\/media?parent=1561"}],"wp:term":[{"taxonomy":"product_brand","embeddable":true,"href":"https:\/\/www.dehag.de\/fitnesswelten\/wp-json\/wp\/v2\/product_brand?post=1561"},{"taxonomy":"product_cat","embeddable":true,"href":"https:\/\/www.dehag.de\/fitnesswelten\/wp-json\/wp\/v2\/product_cat?post=1561"},{"taxonomy":"product_tag","embeddable":true,"href":"https:\/\/www.dehag.de\/fitnesswelten\/wp-json\/wp\/v2\/product_tag?post=1561"}],"curies":[{"name":"wp","href":"https:\/\/api.w.org\/{rel}","templated":true}]}}