{"id":1562,"date":"2022-03-28T13:46:46","date_gmt":"2022-03-28T11:46:46","guid":{"rendered":"https:\/\/dehag.info\/fitnesswelten\/produkt\/newline-damen-2-lagen-sport-shorts-schwarz\/"},"modified":"2025-04-08T20:57:21","modified_gmt":"2025-04-08T18:57:21","slug":"newline-damen-2-lagen-sport-shorts-schwarz","status":"publish","type":"product","link":"https:\/\/www.dehag.de\/fitnesswelten\/produkt\/newline-damen-2-lagen-sport-shorts-schwarz\/","title":{"rendered":"NEWLINE Damen 2-Lagen Sport Shorts &#8211; schwarz"},"content":{"rendered":"","protected":false},"excerpt":{"rendered":"<p>Marke: NEWLINE<\/p>\n<p>Model: Sport Shorts 2- Lagen<br \/>\nMaterial Hose: 100% Soft Micro Polyester<br \/>\nMaterial Innenhose 100% Duolastic Air Nylon<\/p>\n<p>Die 2 Lagen Sport- und Laufshorts f\u00fcr Damen von Newline zeichnen sich durch eine weiche Microfaser aus. Durch die eng anliegende Innenhose und die lockere Au\u00dfenhose mit verdecktem Teilenbund und die seichten N\u00e4hte erreicht die Laufhose ein hohes Ma\u00df an Tragekomfort. Die elastische Innenhose gew\u00e4hrleistet einen perfekten Halt bei jeder Aktivit\u00e4t .<\/p>\n","protected":false},"featured_media":3470,"template":"","meta":{"_et_pb_use_builder":"","_et_pb_old_content":"","_et_gb_content_width":""},"product_brand":[],"product_cat":[96],"product_tag":[],"class_list":{"0":"post-1562","1":"product","2":"type-product","3":"status-publish","4":"has-post-thumbnail","6":"product_cat-fashion","7":"product_shipping_class-dhl","9":"first","10":"instock","11":"taxable","12":"shipping-taxable","13":"purchasable","14":"product-type-variable"},"acf":[],"_links":{"self":[{"href":"https:\/\/www.dehag.de\/fitnesswelten\/wp-json\/wp\/v2\/product\/1562","targetHints":{"allow":["GET"]}}],"collection":[{"href":"https:\/\/www.dehag.de\/fitnesswelten\/wp-json\/wp\/v2\/product"}],"about":[{"href":"https:\/\/www.dehag.de\/fitnesswelten\/wp-json\/wp\/v2\/types\/product"}],"wp:featuredmedia":[{"embeddable":true,"href":"https:\/\/www.dehag.de\/fitnesswelten\/wp-json\/wp\/v2\/media\/3470"}],"wp:attachment":[{"href":"https:\/\/www.dehag.de\/fitnesswelten\/wp-json\/wp\/v2\/media?parent=1562"}],"wp:term":[{"taxonomy":"product_brand","embeddable":true,"href":"https:\/\/www.dehag.de\/fitnesswelten\/wp-json\/wp\/v2\/product_brand?post=1562"},{"taxonomy":"product_cat","embeddable":true,"href":"https:\/\/www.dehag.de\/fitnesswelten\/wp-json\/wp\/v2\/product_cat?post=1562"},{"taxonomy":"product_tag","embeddable":true,"href":"https:\/\/www.dehag.de\/fitnesswelten\/wp-json\/wp\/v2\/product_tag?post=1562"}],"curies":[{"name":"wp","href":"https:\/\/api.w.org\/{rel}","templated":true}]}}