{"id":2184,"date":"2019-12-23T14:34:26","date_gmt":"2019-12-23T13:34:26","guid":{"rendered":"http:\/\/www.dehag.de\/fitnesswelten\/produkt\/dehag-aqua-kombi-extra-ball-bunt\/"},"modified":"2025-12-11T08:11:00","modified_gmt":"2025-12-11T07:11:00","slug":"dehag-aqua-kombi-ball","status":"publish","type":"product","link":"https:\/\/www.dehag.de\/fitnesswelten\/produkt\/dehag-aqua-kombi-ball\/","title":{"rendered":"DEHAG Aqua Kombi-Ball"},"content":{"rendered":"<p>Der Aqua Kombi-Ball besteht aus einem aufblasbaren Ball mit einem Durchmesser von ca. 30 cm, der in einem Netz mit Klettverschluss integriert ist. Erg\u00e4nzt wird das Ger\u00e4t durch drei kreisf\u00f6rmige Toning-Tubes in unterschiedlichen Widerstandsst\u00e4rken, jeweils mit komfortablen Handgriffen ausgestattet.<\/p>\n<p>Die Tubes lassen sich einzeln oder gemeinsam \u2013 maximal alle drei gleichzeitig \u2013 per Klettverschluss am Ball fixieren. Dadurch vereint der Aqua Kombi-Ball effektives Widerstands- und Balltraining in einem einzigen Ger\u00e4t. Dies erm\u00f6glicht eine gro\u00dfe Vielfalt an \u00dcbungen f\u00fcr sowohl die oberen als auch die unteren Extremit\u00e4ten \u2013 effizient und zeitsparend zugleich. Bis zu sechs Personen k\u00f6nnen gleichzeitig mit einem Kombi-Ball trainieren.<\/p>\n<p>Was den Aqua Kombi-Ball besonders auszeichnet, ist seine enorme Vielseitigkeit und die individuelle Dosierbarkeit der Trainingsbelastung. In Kombination mit dem Element Wasser bietet er ein umfassendes Ganzk\u00f6rpertraining. Er eignet sich f\u00fcr eine Vielzahl von Trainingszielen \u2013 von Kraftaufbau, Kraftausdauer und Flexibilit\u00e4t \u00fcber Rumpfstabilit\u00e4t und Gleichgewichtstraining bis hin zu spielerischen \u00dcbungen f\u00fcr Jung und Alt, sowohl im flachen als auch im tiefen Wasser.<\/p>\n<p>Der Aqua Kombi-Ball ist damit ein einzigartiges, vielseitiges Trainingsger\u00e4t mit hohem Spa\u00dffaktor.<\/p>\n","protected":false},"excerpt":{"rendered":"<p>Der Aqua Kombi-Ball besteht aus einem aufblasbaren Ball mit einem Durchmesser von ca. 30 cm, der in einem Netz mit Klettverschluss integriert ist. Erg\u00e4nzt wird das Ger\u00e4t durch drei kreisf\u00f6rmige Toning-Tubes in unterschiedlichen Widerstandsst\u00e4rken, jeweils mit komfortablen Handgriffen ausgestattet.<\/p>\n","protected":false},"featured_media":4246,"template":"","meta":{"_et_pb_use_builder":"on","_et_pb_old_content":"Der Aqua Kombi-Ball besteht aus einem aufblasbaren Ball mit einem Durchmesser von ca. 30 cm, der in einem Netz mit Klettverschluss integriert ist. Erg\u00e4nzt wird das Ger\u00e4t durch drei kreisf\u00f6rmige Toning-Tubes in unterschiedlichen Widerstandsst\u00e4rken, jeweils mit komfortablen Handgriffen ausgestattet.\r\n\r\nDie Tubes lassen sich einzeln oder gemeinsam \u2013 maximal alle drei gleichzeitig \u2013 per Klettverschluss am Ball fixieren. Dadurch vereint der Aqua Kombi-Ball effektives Widerstands- und Balltraining in einem einzigen Ger\u00e4t. Dies erm\u00f6glicht eine gro\u00dfe Vielfalt an \u00dcbungen f\u00fcr sowohl die oberen als auch die unteren Extremit\u00e4ten \u2013 effizient und zeitsparend zugleich. Bis zu sechs Personen k\u00f6nnen gleichzeitig mit einem Kombi-Ball trainieren.\r\n\r\nWas den Aqua Kombi-Ball besonders auszeichnet, ist seine enorme Vielseitigkeit und die individuelle Dosierbarkeit der Trainingsbelastung. In Kombination mit dem Element Wasser bietet er ein umfassendes Ganzk\u00f6rpertraining. Er eignet sich f\u00fcr eine Vielzahl von Trainingszielen \u2013 von Kraftaufbau, Kraftausdauer und Flexibilit\u00e4t \u00fcber Rumpfstabilit\u00e4t und Gleichgewichtstraining bis hin zu spielerischen \u00dcbungen f\u00fcr Jung und Alt, sowohl im flachen als auch im tiefen Wasser.\r\n\r\nDer Aqua Kombi-Ball ist damit ein einzigartiges, vielseitiges Trainingsger\u00e4t mit hohem Spa\u00dffaktor.","_et_gb_content_width":""},"product_brand":[],"product_cat":[117],"product_tag":[],"class_list":{"0":"post-2184","1":"product","2":"type-product","3":"status-publish","4":"has-post-thumbnail","6":"product_cat-baelle-und-zubehoer","7":"product_shipping_class-dhl","9":"first","10":"instock","11":"taxable","12":"shipping-taxable","13":"purchasable","14":"product-type-simple"},"acf":[],"_links":{"self":[{"href":"https:\/\/www.dehag.de\/fitnesswelten\/wp-json\/wp\/v2\/product\/2184","targetHints":{"allow":["GET"]}}],"collection":[{"href":"https:\/\/www.dehag.de\/fitnesswelten\/wp-json\/wp\/v2\/product"}],"about":[{"href":"https:\/\/www.dehag.de\/fitnesswelten\/wp-json\/wp\/v2\/types\/product"}],"wp:featuredmedia":[{"embeddable":true,"href":"https:\/\/www.dehag.de\/fitnesswelten\/wp-json\/wp\/v2\/media\/4246"}],"wp:attachment":[{"href":"https:\/\/www.dehag.de\/fitnesswelten\/wp-json\/wp\/v2\/media?parent=2184"}],"wp:term":[{"taxonomy":"product_brand","embeddable":true,"href":"https:\/\/www.dehag.de\/fitnesswelten\/wp-json\/wp\/v2\/product_brand?post=2184"},{"taxonomy":"product_cat","embeddable":true,"href":"https:\/\/www.dehag.de\/fitnesswelten\/wp-json\/wp\/v2\/product_cat?post=2184"},{"taxonomy":"product_tag","embeddable":true,"href":"https:\/\/www.dehag.de\/fitnesswelten\/wp-json\/wp\/v2\/product_tag?post=2184"}],"curies":[{"name":"wp","href":"https:\/\/api.w.org\/{rel}","templated":true}]}}