{"id":2188,"date":"2019-12-27T10:02:01","date_gmt":"2019-12-27T09:02:01","guid":{"rendered":"http:\/\/www.dehag.de\/fitnesswelten\/produkt\/noppen-fanglernball-in-rot-22-cm-durchmesser\/"},"modified":"2025-08-12T14:23:43","modified_gmt":"2025-08-12T12:23:43","slug":"noppen-fanglernball-in-rot-22-cm-durchmesser","status":"publish","type":"product","link":"https:\/\/www.dehag.de\/fitnesswelten\/produkt\/noppen-fanglernball-in-rot-22-cm-durchmesser\/","title":{"rendered":"Noppen Fanglernball in rot, 22 cm Durchmesser"},"content":{"rendered":"<p>Dank seiner sanften Noppenstruktur f\u00f6rdert der Ball gezielt die taktile Wahrnehmung, regt die Durchblutung an und sorgt f\u00fcr einen sicheren Griff \u2013 selbst f\u00fcr kleinere H\u00e4nde oder bei eingeschr\u00e4nkter Motorik. Der Ball eignet sich hervorragend f\u00fcr Fang-, Wurf- und Koordinations\u00fcbungen sowie zur Stimulation der Sensorik.<\/p>\n<p>Produktdetails:<\/p>\n<p>    Hersteller: Togu<\/p>\n<p>    Farbe: Rot<\/p>\n<p>    Durchmesser: 22 cm<\/p>\n<p>    Material: Hochwertiger, belastbarer Kunststoff<\/p>\n<p>    Mit angenehmer Noppenstruktur f\u00fcr Massage- und Greifeffekte<\/p>\n<p>    Made in Germany<\/p>\n<p>    Vielseitig einsetzbar in Therapie, Schule, Kindergarten und zu Hause<\/p>\n","protected":false},"excerpt":{"rendered":"<p>Der Togu Noppen-Fanglernball ist ein vielseitig einsetzbares Trainings- und Spielger\u00e4t \u2013 ideal f\u00fcr Therapie, Sport und Freizeit. Mit einem Durchmesser von 22 cm und seiner auff\u00e4lligen roten Farbe ist er nicht nur gut sichtbar, sondern auch besonders griffig.<\/p>\n","protected":false},"featured_media":3591,"template":"","meta":{"_et_pb_use_builder":"","_et_pb_old_content":"","_et_gb_content_width":""},"product_brand":[],"product_cat":[117],"product_tag":[],"class_list":{"0":"post-2188","1":"product","2":"type-product","3":"status-publish","4":"has-post-thumbnail","6":"product_cat-baelle-und-zubehoer","7":"product_shipping_class-dhl","9":"first","10":"instock","11":"taxable","12":"shipping-taxable","13":"purchasable","14":"product-type-simple"},"acf":[],"_links":{"self":[{"href":"https:\/\/www.dehag.de\/fitnesswelten\/wp-json\/wp\/v2\/product\/2188","targetHints":{"allow":["GET"]}}],"collection":[{"href":"https:\/\/www.dehag.de\/fitnesswelten\/wp-json\/wp\/v2\/product"}],"about":[{"href":"https:\/\/www.dehag.de\/fitnesswelten\/wp-json\/wp\/v2\/types\/product"}],"wp:featuredmedia":[{"embeddable":true,"href":"https:\/\/www.dehag.de\/fitnesswelten\/wp-json\/wp\/v2\/media\/3591"}],"wp:attachment":[{"href":"https:\/\/www.dehag.de\/fitnesswelten\/wp-json\/wp\/v2\/media?parent=2188"}],"wp:term":[{"taxonomy":"product_brand","embeddable":true,"href":"https:\/\/www.dehag.de\/fitnesswelten\/wp-json\/wp\/v2\/product_brand?post=2188"},{"taxonomy":"product_cat","embeddable":true,"href":"https:\/\/www.dehag.de\/fitnesswelten\/wp-json\/wp\/v2\/product_cat?post=2188"},{"taxonomy":"product_tag","embeddable":true,"href":"https:\/\/www.dehag.de\/fitnesswelten\/wp-json\/wp\/v2\/product_tag?post=2188"}],"curies":[{"name":"wp","href":"https:\/\/api.w.org\/{rel}","templated":true}]}}