{"id":2479,"date":"2023-01-26T11:18:26","date_gmt":"2023-01-26T10:18:26","guid":{"rendered":"http:\/\/www.dehag.de\/fitnesswelten\/produkt\/dehag-wetshaper\/"},"modified":"2026-03-14T12:24:32","modified_gmt":"2026-03-14T11:24:32","slug":"dehag-wetshaper","status":"publish","type":"product","link":"https:\/\/www.dehag.de\/fitnesswelten\/produkt\/dehag-wetshaper\/","title":{"rendered":"DEHAG Wetshaper"},"content":{"rendered":"<p>Weiterhin kann man die Scheiben an einem angenehmen Handgriff anfassen und zahlreiche Widerstands\u00fcbungen oder Geschwindigkeits\u00fcbungen ausf\u00fchren. Die Scheiben wiegen zirka 450 Gramm pro St\u00fcck. <\/p>\n<p>Was h\u00e4ufig auch als Pluspunkt gewertet wird, ist der geringe Lagerraum, den der Wetshaper ben\u00f6tigt. Weiterhin gesch\u00e4tzt werden die Robustheit und damit die Langlebigkeit des Produkts.<\/p>\n<p>Derzeit wird der \u201cWetshaper\u201d schon beim Aquafitness, Aquarobics, Aquajogging, Seniorenfitness und Fitne\u00dfschwimmen, als Stabilisator bei Schwimm\u00fcbungen und f\u00fcr die Physiotherapie genutzt. Die M\u00f6glichkeiten und Variationen sind gro\u00df und stellen eine Herausforderung an die Kreativit\u00e4t des Nutzers.<\/p>\n","protected":false},"excerpt":{"rendered":"<p>Die Scheiben k\u00f6nnen in brusttiefem Wasser unter die F\u00fc\u00dfe geschoben werden. Man steht in dieser Position auf der flachen Seite der Scheiben. Anschlie\u00dfend kann man \u00dcbungen wie Gr\u00e4tschen \u2013 Schlie\u00dfen \u2013 Gr\u00e4tschen, Langlaufen oder Twisten ausf\u00fchren. Die Scheiben gleiten einfach mit \u00fcber den Boden<\/p>\n<p>Verkauf nur Paarweise.<\/p>\n","protected":false},"featured_media":3648,"template":"","meta":{"_et_pb_use_builder":"","_et_pb_old_content":"","_et_gb_content_width":""},"product_brand":[],"product_cat":[88],"product_tag":[],"class_list":{"0":"post-2479","1":"product","2":"type-product","3":"status-publish","4":"has-post-thumbnail","6":"product_cat-aqua-hanteln-aqua-fitness","7":"product_shipping_class-dpd","9":"first","10":"instock","11":"taxable","12":"shipping-taxable","13":"purchasable","14":"product-type-simple"},"acf":[],"_links":{"self":[{"href":"https:\/\/www.dehag.de\/fitnesswelten\/wp-json\/wp\/v2\/product\/2479","targetHints":{"allow":["GET"]}}],"collection":[{"href":"https:\/\/www.dehag.de\/fitnesswelten\/wp-json\/wp\/v2\/product"}],"about":[{"href":"https:\/\/www.dehag.de\/fitnesswelten\/wp-json\/wp\/v2\/types\/product"}],"wp:featuredmedia":[{"embeddable":true,"href":"https:\/\/www.dehag.de\/fitnesswelten\/wp-json\/wp\/v2\/media\/3648"}],"wp:attachment":[{"href":"https:\/\/www.dehag.de\/fitnesswelten\/wp-json\/wp\/v2\/media?parent=2479"}],"wp:term":[{"taxonomy":"product_brand","embeddable":true,"href":"https:\/\/www.dehag.de\/fitnesswelten\/wp-json\/wp\/v2\/product_brand?post=2479"},{"taxonomy":"product_cat","embeddable":true,"href":"https:\/\/www.dehag.de\/fitnesswelten\/wp-json\/wp\/v2\/product_cat?post=2479"},{"taxonomy":"product_tag","embeddable":true,"href":"https:\/\/www.dehag.de\/fitnesswelten\/wp-json\/wp\/v2\/product_tag?post=2479"}],"curies":[{"name":"wp","href":"https:\/\/api.w.org\/{rel}","templated":true}]}}