{"id":3003,"date":"2023-12-30T08:27:37","date_gmt":"2023-12-30T07:27:37","guid":{"rendered":"http:\/\/www.dehag.de\/fitnesswelten\/produkt\/dehag-poolnudel-set\/"},"modified":"2026-01-25T19:43:22","modified_gmt":"2026-01-25T18:43:22","slug":"dehag-poolnudel-set","status":"publish","type":"product","link":"https:\/\/www.dehag.de\/fitnesswelten\/produkt\/dehag-poolnudel-set\/","title":{"rendered":"DEHAG Poolnudel Set"},"content":{"rendered":"<p>[et_pb_section fb_built=&#8221;1&#8243; theme_builder_area=&#8221;post_content&#8221; _builder_version=&#8221;4.27.4&#8243; _module_preset=&#8221;default&#8221;][\/et_pb_section]<\/p>\n","protected":false},"excerpt":{"rendered":"<p>Die Pool Nudel oder Schlange \u2013 der Wasserspa\u00df f\u00fcr Jung und Alt.<\/p>\n","protected":false},"featured_media":3745,"template":"","meta":{"_et_pb_use_builder":"on","_et_pb_old_content":"Das popul\u00e4rste Aquager\u00e4t in bester Qualit\u00e4t! Hochwertiger PE-Schaum (Polyethylen-Low Density), FCKW-, HFCKW-frei und ohne Weichmacher \u2013 extrem flexibel.\r\n\r\nMa\u00dfe: 160 cm lang, 7 cm Durchmesser\r\nFarbe: Blau, Rot, Gr\u00fcn, Gelb, Orange\r\nSet: 10er, 24er\r\n\r\nSie wollen die Aqua-Nudel individuell mit Ihrem Logo gestalten? Kein Problem, ab 240 Stk. unterbreiten wir Ihnen gerne ein entsprechendes Angebot","_et_gb_content_width":""},"product_brand":[],"product_cat":[89],"product_tag":[],"class_list":{"0":"post-3003","1":"product","2":"type-product","3":"status-publish","4":"has-post-thumbnail","6":"product_cat-poolnudel-co","7":"product_shipping_class-dpd","9":"first","10":"instock","11":"taxable","12":"shipping-taxable","13":"purchasable","14":"product-type-variable","15":"has-default-attributes"},"acf":[],"_links":{"self":[{"href":"https:\/\/www.dehag.de\/fitnesswelten\/wp-json\/wp\/v2\/product\/3003","targetHints":{"allow":["GET"]}}],"collection":[{"href":"https:\/\/www.dehag.de\/fitnesswelten\/wp-json\/wp\/v2\/product"}],"about":[{"href":"https:\/\/www.dehag.de\/fitnesswelten\/wp-json\/wp\/v2\/types\/product"}],"wp:featuredmedia":[{"embeddable":true,"href":"https:\/\/www.dehag.de\/fitnesswelten\/wp-json\/wp\/v2\/media\/3745"}],"wp:attachment":[{"href":"https:\/\/www.dehag.de\/fitnesswelten\/wp-json\/wp\/v2\/media?parent=3003"}],"wp:term":[{"taxonomy":"product_brand","embeddable":true,"href":"https:\/\/www.dehag.de\/fitnesswelten\/wp-json\/wp\/v2\/product_brand?post=3003"},{"taxonomy":"product_cat","embeddable":true,"href":"https:\/\/www.dehag.de\/fitnesswelten\/wp-json\/wp\/v2\/product_cat?post=3003"},{"taxonomy":"product_tag","embeddable":true,"href":"https:\/\/www.dehag.de\/fitnesswelten\/wp-json\/wp\/v2\/product_tag?post=3003"}],"curies":[{"name":"wp","href":"https:\/\/api.w.org\/{rel}","templated":true}]}}