{"id":3758,"date":"2020-01-21T08:59:58","date_gmt":"2020-01-21T07:59:58","guid":{"rendered":"http:\/\/www.dehag.de\/fitnesswelten\/produkt\/aqua-training-von-kopf-bis-fuss-dehag-verlag\/"},"modified":"2026-03-04T08:13:40","modified_gmt":"2026-03-04T07:13:40","slug":"aqua-training-von-kopf-bis-fuss-dehag-verlag","status":"publish","type":"product","link":"https:\/\/www.dehag.de\/fitnesswelten\/produkt\/aqua-training-von-kopf-bis-fuss-dehag-verlag\/","title":{"rendered":"Aqua Training von Kopf bis Fu\u00df, DEHAG Verlag"},"content":{"rendered":"<p>In diesem Buch findest du pr\u00e4zise Beschreibungen von mehr als 550 \u00dcbungsideen mit Ger\u00e4ten und ohne Ger\u00e4te im flachen und im tiefen Wasser.<br \/>\nSomit ist dieses Buch eine Fundgrube f\u00fcr Jeden, der sich mit dem Training im Wasser intensiv besch\u00e4ftigen m\u00f6chte, das besondere Erlebnis sp\u00fcren m\u00f6chte und schnelle Trainingsergebnisse sucht.<\/p>\n<p>Das Buch soll nicht nur den Instruktoren dienen, die ihr Programm attraktiv gestalten m\u00f6chten, sondern auch denjenigen, die f\u00fcr die eigene Gesundheit und Fitness trainieren m\u00f6chten.<\/p>\n<p><u>Details<\/u><br \/>\nAutor &#038; Hrsg. Michael E. Becker (ehemals De Toia)<br \/>\nSeitenanzahl: 188 Seiten<br \/>\nGewicht: 400g<\/p>\n","protected":false},"excerpt":{"rendered":"<p>Untertitel<br \/>\nDas Praxishandbuch f\u00fcr variantenreiches Training im Urelement Wasser!<\/p>\n<p>Let\u00b4s get wet!<br \/>\nDu suchst nach neuen Anregungen und \u00dcbungsideen f\u00fcr deine Aqua Fit Kurse?<br \/>\nDieses Buch ist eine reich gef\u00fcllte Fundgrube und wird dich inspirieren und neu motivieren.<br \/>\nDeine Kursteilnehmer werden neuen Splish Splash Spa\u00df genie\u00dfen und hervorragende Trainingserfolge sp\u00fcren.<\/p>\n<p>Fazit<br \/>\nReicher Ideengeber. \u00dcbersichtlicher Fundus. F\u00fcr den ganzen K\u00f6rper und f\u00fcr jede Frau und jeden Mann.<\/p>\n<p>Gro\u00dfes Plus<br \/>\nEtliche Grafiken zeigen und erkl\u00e4ren die \u00dcbungen und erweitern sie durch zus\u00e4tzliche Variationen.<\/p>\n","protected":false},"featured_media":3612,"template":"","meta":{"_et_pb_use_builder":"","_et_pb_old_content":"","_et_gb_content_width":""},"product_brand":[],"product_cat":[128],"product_tag":[],"class_list":{"0":"post-3758","1":"product","2":"type-product","3":"status-publish","4":"has-post-thumbnail","6":"product_cat-buecher-und-medien","7":"product_shipping_class-buechersendung","9":"first","10":"instock","11":"taxable","12":"shipping-taxable","13":"purchasable","14":"product-type-simple"},"acf":[],"_links":{"self":[{"href":"https:\/\/www.dehag.de\/fitnesswelten\/wp-json\/wp\/v2\/product\/3758","targetHints":{"allow":["GET"]}}],"collection":[{"href":"https:\/\/www.dehag.de\/fitnesswelten\/wp-json\/wp\/v2\/product"}],"about":[{"href":"https:\/\/www.dehag.de\/fitnesswelten\/wp-json\/wp\/v2\/types\/product"}],"wp:featuredmedia":[{"embeddable":true,"href":"https:\/\/www.dehag.de\/fitnesswelten\/wp-json\/wp\/v2\/media\/3612"}],"wp:attachment":[{"href":"https:\/\/www.dehag.de\/fitnesswelten\/wp-json\/wp\/v2\/media?parent=3758"}],"wp:term":[{"taxonomy":"product_brand","embeddable":true,"href":"https:\/\/www.dehag.de\/fitnesswelten\/wp-json\/wp\/v2\/product_brand?post=3758"},{"taxonomy":"product_cat","embeddable":true,"href":"https:\/\/www.dehag.de\/fitnesswelten\/wp-json\/wp\/v2\/product_cat?post=3758"},{"taxonomy":"product_tag","embeddable":true,"href":"https:\/\/www.dehag.de\/fitnesswelten\/wp-json\/wp\/v2\/product_tag?post=3758"}],"curies":[{"name":"wp","href":"https:\/\/api.w.org\/{rel}","templated":true}]}}