{"id":3799,"date":"2020-11-10T15:27:46","date_gmt":"2020-11-10T14:27:46","guid":{"rendered":"http:\/\/www.dehag.de\/fitnesswelten\/produkt\/ballengang\/"},"modified":"2025-04-08T22:47:48","modified_gmt":"2025-04-08T20:47:48","slug":"ballengang","status":"publish","type":"product","link":"https:\/\/www.dehag.de\/fitnesswelten\/produkt\/ballengang\/","title":{"rendered":"Ballengang"},"content":{"rendered":"<p>Autor: Dr. med. Peter Greb<br \/>\nKOHA Verlag<br \/>\n175 Seiten<br \/>\nFormat :19cm x 12cm<br \/>\nGewicht 0,20kg<\/p>\n<p>Die Auswirkungen der Gangart auf K\u00f6rper, Geist und Seele sind bedeutender, als wir ahnen. Dr. med. Peter Greb besch\u00e4ftigt sich seit 25 Jahren mit dem menschlichen Gangverhalten. Das nat\u00fcrliche Gehen ist weder eine neue Theorie noch eine neue Methode, sondern die Erinnerung an die Tatsache, dass wir genetisch angelegte Balleng\u00e4nger sind. Die ersten Schritte des Kleinkindes erfolgen spontan \u00fcber die Vorderf\u00fc\u00dfchen. Dieses Buch wird dem Leser helfen, spielerisch und leicht seine St\u00e4rke zu finden und starre Bewegungsmuster loszulassen, die viele Krankheiten wie Venenleiden, Asthma, R\u00fcckenschmerzen und vorzeitige Alterungsprozesse verursachen.<\/p>\n","protected":false},"excerpt":{"rendered":"<p>R\u00fcckenschmerzen und Haltungssch\u00e4den vorbeugen &#8211; Wissenswertes \u00fcber das nat\u00fcrliche Gehen | GODO<\/p>\n","protected":false},"featured_media":3356,"template":"","meta":{"_et_pb_use_builder":"","_et_pb_old_content":"","_et_gb_content_width":""},"product_brand":[],"product_cat":[128],"product_tag":[],"class_list":{"0":"post-3799","1":"product","2":"type-product","3":"status-publish","4":"has-post-thumbnail","6":"product_cat-buecher-und-medien","7":"product_shipping_class-dhl","9":"first","10":"instock","11":"taxable","12":"shipping-taxable","13":"purchasable","14":"product-type-simple"},"acf":[],"_links":{"self":[{"href":"https:\/\/www.dehag.de\/fitnesswelten\/wp-json\/wp\/v2\/product\/3799","targetHints":{"allow":["GET"]}}],"collection":[{"href":"https:\/\/www.dehag.de\/fitnesswelten\/wp-json\/wp\/v2\/product"}],"about":[{"href":"https:\/\/www.dehag.de\/fitnesswelten\/wp-json\/wp\/v2\/types\/product"}],"wp:featuredmedia":[{"embeddable":true,"href":"https:\/\/www.dehag.de\/fitnesswelten\/wp-json\/wp\/v2\/media\/3356"}],"wp:attachment":[{"href":"https:\/\/www.dehag.de\/fitnesswelten\/wp-json\/wp\/v2\/media?parent=3799"}],"wp:term":[{"taxonomy":"product_brand","embeddable":true,"href":"https:\/\/www.dehag.de\/fitnesswelten\/wp-json\/wp\/v2\/product_brand?post=3799"},{"taxonomy":"product_cat","embeddable":true,"href":"https:\/\/www.dehag.de\/fitnesswelten\/wp-json\/wp\/v2\/product_cat?post=3799"},{"taxonomy":"product_tag","embeddable":true,"href":"https:\/\/www.dehag.de\/fitnesswelten\/wp-json\/wp\/v2\/product_tag?post=3799"}],"curies":[{"name":"wp","href":"https:\/\/api.w.org\/{rel}","templated":true}]}}