{"id":3803,"date":"2020-01-21T08:58:16","date_gmt":"2020-01-21T07:58:16","guid":{"rendered":"http:\/\/www.dehag.de\/fitnesswelten\/produkt\/prae-und-postnatales-aquatraining-buch-dehag-verlag\/"},"modified":"2026-02-02T12:34:18","modified_gmt":"2026-02-02T11:34:18","slug":"prae-und-postnatales-aquatraining-dehag-verlag","status":"publish","type":"product","link":"https:\/\/www.dehag.de\/fitnesswelten\/produkt\/prae-und-postnatales-aquatraining-dehag-verlag\/","title":{"rendered":"Pr\u00e4- und Postnatales Aquatraining, DEHAG Verlag"},"content":{"rendered":"<p>Der Aufenthalt im Wasser bedeutet f\u00fcr jedes Lebewesen eine R\u00fcckkehr zu seinem Ursprung. Entspannung und gezieltes Training bei richtiger Wassertemperatur und optimaler Wassertiefe f\u00f6rdern Fitness, Gesundheit und Wohlgef\u00fchl, gleichen Dysbalancen aus und werden zur Kr\u00e4ftigung und Mobilisation eingesetzt. Entwicklung des K\u00f6rperbewu\u00dftseins, Atemerfahrung und Training in der Schwangerschaft sind f\u00fcr die werdende Mutter und f\u00fcr das Kind ein bleibendes Erlebnis und erweitern die M\u00f6glichkeiten der Geburtsvorbereitung. Die Einbindung des werdenden Vaters ist ein Gewinn f\u00fcr die Familienbildung. F\u00fcr die Zeit nach der Geburt enth\u00e4lt das Buch wertvolle Anregungen, das Medium Wasser zur Unterst\u00fctzung der R\u00fcckbildung und zur Inkontinenzprophylaxe einzusetzen. <\/p>\n<p>Marianne Schulz hat als Physiotherapeutin durch ihre langj\u00e4hrige T\u00e4tigkeit in eigener Praxis f\u00fcr diese Zielgruppe und ihre Mitarbeit in der AG Gyn\u00e4kologie und Geburtshilfe des ZVK ein gro\u00dfes Spektrum an Fachkompetenz gepaart mit p\u00e4dagogischem Einf\u00fchlungsverm\u00f6gen erworben, um in Therapie und Pr\u00e4vention den individuellen Anforderungen sensibel gerecht zu werden.<\/p>\n<p>Ihre Ehemann Dr. med. Roland Schulz hat an der Entstehung des Buchprojektes von Anfang an mitgewirkt und besonders den medizinischen Part und die Einf\u00fchrung in die physikalischen Grundlagen \u00fcbernommen. Wie Marianne ist auch er seit Jahren Referent f\u00fcr die DEHAG ACADEMY zu den Themen pr\u00e4- und postnatales Aquatraining, Inkontinenzprophylaxe f\u00fcr Frauen und M\u00e4nner und zu orthop\u00e4dischen Themen.<\/p>\n<p>Autoren<br \/>\nMarianne Schulz, Dr. med. Roland Schulz<br \/>\nDEHAG Verlag, Inh. Michael E. Becker<br \/>\n180 Seiten<br \/>\n9 Abb. zahlreiche Fotos<br \/>\nGewicht: 280gr<br \/>\n1. Auflage 2009<\/p>\n","protected":false},"excerpt":{"rendered":"<p>Aqua Fitness Training f\u00fcr Schwangere, erweiterte Geburtsvorbereitung, spezifisches Training im Wasser zur R\u00fcckbildung und Inkontinenzprophylaxe &#8211; auch f\u00fcr M\u00e4nner<\/p>\n","protected":false},"featured_media":3403,"template":"","meta":{"_et_pb_use_builder":"","_et_pb_old_content":"","_et_gb_content_width":""},"product_brand":[],"product_cat":[128],"product_tag":[],"class_list":{"0":"post-3803","1":"product","2":"type-product","3":"status-publish","4":"has-post-thumbnail","6":"product_cat-buecher-und-medien","7":"product_shipping_class-dhl","9":"first","10":"instock","11":"taxable","12":"shipping-taxable","13":"purchasable","14":"product-type-simple"},"acf":[],"_links":{"self":[{"href":"https:\/\/www.dehag.de\/fitnesswelten\/wp-json\/wp\/v2\/product\/3803","targetHints":{"allow":["GET"]}}],"collection":[{"href":"https:\/\/www.dehag.de\/fitnesswelten\/wp-json\/wp\/v2\/product"}],"about":[{"href":"https:\/\/www.dehag.de\/fitnesswelten\/wp-json\/wp\/v2\/types\/product"}],"wp:featuredmedia":[{"embeddable":true,"href":"https:\/\/www.dehag.de\/fitnesswelten\/wp-json\/wp\/v2\/media\/3403"}],"wp:attachment":[{"href":"https:\/\/www.dehag.de\/fitnesswelten\/wp-json\/wp\/v2\/media?parent=3803"}],"wp:term":[{"taxonomy":"product_brand","embeddable":true,"href":"https:\/\/www.dehag.de\/fitnesswelten\/wp-json\/wp\/v2\/product_brand?post=3803"},{"taxonomy":"product_cat","embeddable":true,"href":"https:\/\/www.dehag.de\/fitnesswelten\/wp-json\/wp\/v2\/product_cat?post=3803"},{"taxonomy":"product_tag","embeddable":true,"href":"https:\/\/www.dehag.de\/fitnesswelten\/wp-json\/wp\/v2\/product_tag?post=3803"}],"curies":[{"name":"wp","href":"https:\/\/api.w.org\/{rel}","templated":true}]}}