{"id":4247,"date":"2025-08-11T14:43:46","date_gmt":"2025-08-11T12:43:46","guid":{"rendered":"http:\/\/www.dehag.de\/fitnesswelten\/produkt\/training-pro-ii-ball-gruen\/"},"modified":"2025-09-15T08:20:51","modified_gmt":"2025-09-15T06:20:51","slug":"training-pro-ii-ball-gruen","status":"publish","type":"product","link":"https:\/\/www.dehag.de\/fitnesswelten\/produkt\/training-pro-ii-ball-gruen\/","title":{"rendered":"Training-pro II Ball Gr\u00fcn"},"content":{"rendered":"<p>Dank seiner leichten, aber dennoch widerstandsf\u00e4higen Beschaffenheit bietet der Ball optimalen Auftrieb und Widerstand. Dadurch l\u00e4sst sich die Intensit\u00e4t gezielt steuern \u2013 ideal f\u00fcr gezielte Kr\u00e4ftigungs\u00fcbungen, Beweglichkeitsf\u00f6rderung und Stabilisation. Der Ball kann sowohl ein- als auch beidh\u00e4ndig eingesetzt werden und ist vielseitig zwischen Armen, Beinen oder dem Rumpf integrierbar.<\/p>\n<p>Ob in Aqua-Gymnastik-Kursen, beim Training mit \u00e4lteren Menschen oder im sportlichen Einsatz \u2013 der Rucanor Trainingsball sorgt f\u00fcr mehr Dynamik, Abwechslung und Effektivit\u00e4t im Wassertraining.<\/p>\n<p>Besondere Vorteile:<\/p>\n<p>    F\u00fcr alle Trainingslevel geeignet<\/p>\n<p>    Rutschfeste, griffige Oberfl\u00e4che \u2013 auch im nassen Zustand<\/p>\n<p>    Vielseitig einsetzbar f\u00fcr Oberk\u00f6rper, Rumpf und Beintraining<\/p>\n<p>    Leicht, handlich und einfach zu transportieren<\/p>\n<p>    Langlebiges Material \u2013 ideal f\u00fcr den Einsatz im chlorhaltigen Wasser<\/p>\n<p>Anwendungsm\u00f6glichkeiten:<br \/>\nAqua-Fitness, Reha im Wasser, Koordinationstraining, Gleichgewichts\u00fcbungen, Ganzk\u00f6rperkr\u00e4ftigung<\/p>\n","protected":false},"excerpt":{"rendered":"<p>Der kleine Trainingsball von Rucanor ist das perfekte Tool f\u00fcr abwechslungsreiches und funktionelles Training im Wasser. Durch seine kompakte Gr\u00f6\u00dfe und angenehme Griffigkeit eignet er sich ideal f\u00fcr Aqua-Fitness, Reha-\u00dcbungen, Gleichgewichtsschulung und Koordinationstraining \u2013 sowohl im flachen als auch im tiefen Wasser.<\/p>\n","protected":false},"featured_media":4248,"template":"","meta":{"_et_pb_use_builder":"","_et_pb_old_content":"","_et_gb_content_width":""},"product_brand":[],"product_cat":[117],"product_tag":[],"class_list":{"0":"post-4247","1":"product","2":"type-product","3":"status-publish","4":"has-post-thumbnail","6":"product_cat-baelle-und-zubehoer","7":"product_shipping_class-dhl","9":"first","10":"instock","11":"taxable","12":"shipping-taxable","13":"purchasable","14":"product-type-simple"},"acf":[],"_links":{"self":[{"href":"https:\/\/www.dehag.de\/fitnesswelten\/wp-json\/wp\/v2\/product\/4247","targetHints":{"allow":["GET"]}}],"collection":[{"href":"https:\/\/www.dehag.de\/fitnesswelten\/wp-json\/wp\/v2\/product"}],"about":[{"href":"https:\/\/www.dehag.de\/fitnesswelten\/wp-json\/wp\/v2\/types\/product"}],"wp:featuredmedia":[{"embeddable":true,"href":"https:\/\/www.dehag.de\/fitnesswelten\/wp-json\/wp\/v2\/media\/4248"}],"wp:attachment":[{"href":"https:\/\/www.dehag.de\/fitnesswelten\/wp-json\/wp\/v2\/media?parent=4247"}],"wp:term":[{"taxonomy":"product_brand","embeddable":true,"href":"https:\/\/www.dehag.de\/fitnesswelten\/wp-json\/wp\/v2\/product_brand?post=4247"},{"taxonomy":"product_cat","embeddable":true,"href":"https:\/\/www.dehag.de\/fitnesswelten\/wp-json\/wp\/v2\/product_cat?post=4247"},{"taxonomy":"product_tag","embeddable":true,"href":"https:\/\/www.dehag.de\/fitnesswelten\/wp-json\/wp\/v2\/product_tag?post=4247"}],"curies":[{"name":"wp","href":"https:\/\/api.w.org\/{rel}","templated":true}]}}